{"id":362,"date":"2020-03-02T10:00:00","date_gmt":"2020-03-02T09:00:00","guid":{"rendered":"https:\/\/lamaktaba.fr\/index.php\/produit\/dans-la-demeure-du-messager-dallah-dapres-khaled-abd-rahman-ach-chaye\/"},"modified":"2025-04-01T12:47:13","modified_gmt":"2025-04-01T10:47:13","slug":"dans-la-demeure-du-messager-dallah-dapres-khaled-abd-rahman-ach-chaye","status":"publish","type":"product","link":"https:\/\/lamaktaba.fr\/index.php\/produit\/dans-la-demeure-du-messager-dallah-dapres-khaled-abd-rahman-ach-chaye","title":{"rendered":"Dans la demeure du Messager d&rsquo;Allah d&rsquo;apr\u00e8s Khaled Abd-Rahman Ach-Chaye"},"content":{"rendered":"<p>Dans la demeure du Messager d&rsquo;Allah d&rsquo;apr\u00e8s Khaled Abd-Rahman Ach-Chaye<br \/>Nous avons s\u00e9lectionn\u00e9 certains passages de la vie familiale du Proph\u00e8te (SWS) pour certains aspects de son foyer. Les quatre livrets de cette s\u00e9rie sont tir\u00e9s de notre grand ouvrage intitul\u00e9 \u00ab Bayt an-Nubuwwah \u00bb (La maison de la proph\u00e9tie).<br \/>Ils sont rassembl\u00e9s sous les titres ci-apr\u00e8s<br \/>&#8211; L\u2019enfance dans la vie du Proph\u00e8te infaillible (SWS)<br \/>&#8211; La vie du proph\u00e8te(SWS) avec ses filles<br \/>&#8211; La vie familiale du Proph\u00e8te (SWS)<br \/>&#8211; Les mariages du Proph\u00e8tes avec les m\u00e8res des Croyants.<\/p>\n","protected":false},"excerpt":{"rendered":"<p>Dans la demeure du Messager d&rsquo;Allah d&rsquo;apr\u00e8s Khaled Abd-Rahman Ach-ChayeNous avons s\u00e9lectionn\u00e9 certains passages de la vie familiale du Proph\u00e8te (SWS) pour certains aspects de son foyer. Les quatre livrets de cette s\u00e9rie sont tir\u00e9s de notre grand ouvrage intitul\u00e9 \u00ab Bayt an-Nubuwwah \u00bb (La maison de la proph\u00e9tie).Ils sont rassembl\u00e9s sous les titres ci-apr\u00e8s&#8211; [&hellip;]<\/p>\n","protected":false},"featured_media":5424,"comment_status":"open","ping_status":"closed","template":"","meta":[],"product_brand":[],"product_cat":[15],"product_tag":[],"class_list":{"0":"post-362","1":"product","2":"type-product","3":"status-publish","4":"has-post-thumbnail","6":"product_cat-non-classe","7":"pa_editeur-dar-al-muslim","9":"first","10":"outofstock","11":"shipping-taxable","12":"purchasable","13":"product-type-simple"},"_links":{"self":[{"href":"https:\/\/lamaktaba.fr\/index.php\/wp-json\/wp\/v2\/product\/362","targetHints":{"allow":["GET"]}}],"collection":[{"href":"https:\/\/lamaktaba.fr\/index.php\/wp-json\/wp\/v2\/product"}],"about":[{"href":"https:\/\/lamaktaba.fr\/index.php\/wp-json\/wp\/v2\/types\/product"}],"replies":[{"embeddable":true,"href":"https:\/\/lamaktaba.fr\/index.php\/wp-json\/wp\/v2\/comments?post=362"}],"wp:featuredmedia":[{"embeddable":true,"href":"https:\/\/lamaktaba.fr\/index.php\/wp-json\/wp\/v2\/media\/5424"}],"wp:attachment":[{"href":"https:\/\/lamaktaba.fr\/index.php\/wp-json\/wp\/v2\/media?parent=362"}],"wp:term":[{"taxonomy":"product_brand","embeddable":true,"href":"https:\/\/lamaktaba.fr\/index.php\/wp-json\/wp\/v2\/product_brand?post=362"},{"taxonomy":"product_cat","embeddable":true,"href":"https:\/\/lamaktaba.fr\/index.php\/wp-json\/wp\/v2\/product_cat?post=362"},{"taxonomy":"product_tag","embeddable":true,"href":"https:\/\/lamaktaba.fr\/index.php\/wp-json\/wp\/v2\/product_tag?post=362"}],"curies":[{"name":"wp","href":"https:\/\/api.w.org\/{rel}","templated":true}]}}