{"id":36187,"date":"2021-03-09T21:44:40","date_gmt":"2021-03-09T20:44:40","guid":{"rendered":"https:\/\/lamaktaba.fr\/index.php\/produit\/honneur-et-dignite-le-statut-de-la-femme-en-islam-abdou-rahman-el-shiha\/"},"modified":"2025-04-01T12:44:56","modified_gmt":"2025-04-01T10:44:56","slug":"honneur-et-dignite-le-statut-de-la-femme-en-islam-abdou-rahman-el-shiha","status":"publish","type":"product","link":"https:\/\/lamaktaba.fr\/index.php\/produit\/honneur-et-dignite-le-statut-de-la-femme-en-islam-abdou-rahman-el-shiha","title":{"rendered":"Honneur et Dignit\u00e9 &#8211; Le Statut de la Femme en Islam &#8211; Abdou-Rahman El-Shiha"},"content":{"rendered":"<p>Contrairement \u00e0 beaucoup de livres publi\u00e9s sur le statut de la femme en Islam, celui-ci aborde l\u2019aspect contemporain du sujet et r\u00e9pond aux diff\u00e9rents pr\u00e9jug\u00e9s.<br \/>Apr\u00e8s avoir examin\u00e9 la condition de la femme dans diff\u00e9rentes soci\u00e9t\u00e9s \u00e0 travers l\u2019histoire, l\u2019auteur pr\u00e9sente les droits inconditionnels que l\u2019Islam lui a accord\u00e9s et ce, dans tous les aspects et \u00e0 toutes les \u00e9tapes de sa vie. Le lecteur pourra ainsi appr\u00e9cier au fil des pages le respect, l\u2019honneur et la dignit\u00e9 que conf\u00e8re l\u2019Islam \u00e0 la femme.<br \/>Abderrahmane El Shiha est Docteur en sciences islamiques de l\u2019universit\u00e9 de Riyad. Il est l\u2019auteur de nombreux ouvrages traitant de sujets pertinents et \u00e9crits dans un style vivant et accessible.<\/p>\n","protected":false},"excerpt":{"rendered":"<p>Contrairement \u00e0 beaucoup de livres publi\u00e9s sur le statut de la femme en Islam, celui-ci aborde l\u2019aspect contemporain du sujet et r\u00e9pond aux diff\u00e9rents pr\u00e9jug\u00e9s.<br \/>Apr\u00e8s avoir examin\u00e9 la condition de la femme dans diff\u00e9rentes soci\u00e9t\u00e9s \u00e0 travers l\u2019histoire, l\u2019auteur pr\u00e9sente les droits inconditionnels que l\u2019Islam lui a accord\u00e9s et ce, dans tous les aspects et \u00e0 toutes les \u00e9tapes de sa vie. Le lecteur pourra ainsi appr\u00e9cier au fil des pages le respect, l\u2019honneur et la dignit\u00e9 que conf\u00e8re l\u2019Islam \u00e0 la femme.<br \/>Abderrahmane El Shiha est Docteur en sciences islamiques de l\u2019universit\u00e9 de Riyad. Il est l\u2019auteur de nombreux ouvrages traitant de sujets pertinents et \u00e9crits dans un style vivant et accessible.<\/p>\n","protected":false},"featured_media":36188,"comment_status":"open","ping_status":"closed","template":"","meta":[],"product_brand":[],"product_cat":[15],"product_tag":[],"class_list":{"0":"post-36187","1":"product","2":"type-product","3":"status-publish","4":"has-post-thumbnail","6":"product_cat-non-classe","8":"first","9":"outofstock","10":"shipping-taxable","11":"purchasable","12":"product-type-simple"},"_links":{"self":[{"href":"https:\/\/lamaktaba.fr\/index.php\/wp-json\/wp\/v2\/product\/36187","targetHints":{"allow":["GET"]}}],"collection":[{"href":"https:\/\/lamaktaba.fr\/index.php\/wp-json\/wp\/v2\/product"}],"about":[{"href":"https:\/\/lamaktaba.fr\/index.php\/wp-json\/wp\/v2\/types\/product"}],"replies":[{"embeddable":true,"href":"https:\/\/lamaktaba.fr\/index.php\/wp-json\/wp\/v2\/comments?post=36187"}],"wp:featuredmedia":[{"embeddable":true,"href":"https:\/\/lamaktaba.fr\/index.php\/wp-json\/wp\/v2\/media\/36188"}],"wp:attachment":[{"href":"https:\/\/lamaktaba.fr\/index.php\/wp-json\/wp\/v2\/media?parent=36187"}],"wp:term":[{"taxonomy":"product_brand","embeddable":true,"href":"https:\/\/lamaktaba.fr\/index.php\/wp-json\/wp\/v2\/product_brand?post=36187"},{"taxonomy":"product_cat","embeddable":true,"href":"https:\/\/lamaktaba.fr\/index.php\/wp-json\/wp\/v2\/product_cat?post=36187"},{"taxonomy":"product_tag","embeddable":true,"href":"https:\/\/lamaktaba.fr\/index.php\/wp-json\/wp\/v2\/product_tag?post=36187"}],"curies":[{"name":"wp","href":"https:\/\/api.w.org\/{rel}","templated":true}]}}