{"id":36183,"date":"2021-03-09T21:44:40","date_gmt":"2021-03-09T20:44:40","guid":{"rendered":"https:\/\/lamaktaba.fr\/index.php\/produit\/19-la-vie-du-musulman-entre-la-crainte-et-lespoir\/"},"modified":"2025-04-01T12:46:39","modified_gmt":"2025-04-01T10:46:39","slug":"19-la-vie-du-musulman-entre-la-crainte-et-lespoir","status":"publish","type":"product","link":"https:\/\/lamaktaba.fr\/index.php\/produit\/19-la-vie-du-musulman-entre-la-crainte-et-lespoir","title":{"rendered":"19-La vie du musulman entre la crainte et l&rsquo;espoir"},"content":{"rendered":"<p>Titre: La vie du musulman entre la crainte et l&rsquo;espoir;Auteur: AbdAllah As Saber;Edition: LA RUCHE;Support: Livre;Theme: Education et Purification de L&rsquo;\u00e2me;Description: La vertu de toute chose consiste avant tout pour le croyant \u00e0 l&rsquo;aider \u00e0 rechercher et atteindre le bonheur qui n&rsquo;est autre que la proximit\u00e9 et la rencontre de Dieu. Or la crainte r\u00e9v\u00e9rencielle de Dieu est l&rsquo;une des stations spirituelles qui peut conduire \u00e0 ce bonheur lorsqu&rsquo;elle est bien assum\u00e9e. En effet sans crainte r\u00e9v\u00e9rencielle de Dieu l&rsquo;\u0153uvre du croyant rate l&rsquo;essentiel, elle est gravement menac\u00e9e et risque m\u00eame d&rsquo;\u00eatre vici\u00e9e \u00e0 la base\u2026<\/p>\n","protected":false},"excerpt":{"rendered":"<p>Titre: La vie du musulman entre la crainte et l&rsquo;espoir;Auteur: AbdAllah As Saber;Edition: LA RUCHE;Support: Livre;Theme: Education et Purification de L&rsquo;\u00e2me;Description: La vertu de toute chose consiste avant tout pour le croyant \u00e0 l&rsquo;aider \u00e0 rechercher et atteindre le bonheur qui n&rsquo;est autre que la proximit\u00e9 et la rencontre de Dieu. Or la crainte r\u00e9v\u00e9rencielle de Dieu est l&rsquo;une des stations spirituelles qui peut conduire \u00e0 ce bonheur lorsqu&rsquo;elle est bien assum\u00e9e. En effet sans crainte r\u00e9v\u00e9rencielle de Dieu l&rsquo;\u0153uvre du croyant rate l&rsquo;essentiel, elle est gravement menac\u00e9e et risque m\u00eame d&rsquo;\u00eatre vici\u00e9e \u00e0 la base\u2026<\/p>\n","protected":false},"featured_media":36184,"comment_status":"open","ping_status":"closed","template":"","meta":[],"product_brand":[],"product_cat":[15],"product_tag":[],"class_list":{"0":"post-36183","1":"product","2":"type-product","3":"status-publish","4":"has-post-thumbnail","6":"product_cat-non-classe","8":"first","9":"instock","10":"shipping-taxable","11":"purchasable","12":"product-type-simple"},"_links":{"self":[{"href":"https:\/\/lamaktaba.fr\/index.php\/wp-json\/wp\/v2\/product\/36183","targetHints":{"allow":["GET"]}}],"collection":[{"href":"https:\/\/lamaktaba.fr\/index.php\/wp-json\/wp\/v2\/product"}],"about":[{"href":"https:\/\/lamaktaba.fr\/index.php\/wp-json\/wp\/v2\/types\/product"}],"replies":[{"embeddable":true,"href":"https:\/\/lamaktaba.fr\/index.php\/wp-json\/wp\/v2\/comments?post=36183"}],"wp:featuredmedia":[{"embeddable":true,"href":"https:\/\/lamaktaba.fr\/index.php\/wp-json\/wp\/v2\/media\/36184"}],"wp:attachment":[{"href":"https:\/\/lamaktaba.fr\/index.php\/wp-json\/wp\/v2\/media?parent=36183"}],"wp:term":[{"taxonomy":"product_brand","embeddable":true,"href":"https:\/\/lamaktaba.fr\/index.php\/wp-json\/wp\/v2\/product_brand?post=36183"},{"taxonomy":"product_cat","embeddable":true,"href":"https:\/\/lamaktaba.fr\/index.php\/wp-json\/wp\/v2\/product_cat?post=36183"},{"taxonomy":"product_tag","embeddable":true,"href":"https:\/\/lamaktaba.fr\/index.php\/wp-json\/wp\/v2\/product_tag?post=36183"}],"curies":[{"name":"wp","href":"https:\/\/api.w.org\/{rel}","templated":true}]}}