{"id":36164,"date":"2021-09-03T21:44:00","date_gmt":"2021-09-03T19:44:00","guid":{"rendered":"https:\/\/lamaktaba.fr\/index.php\/produit\/le-probleme-de-la-culture-malek-bennabi\/"},"modified":"2025-04-01T12:46:24","modified_gmt":"2025-04-01T10:46:24","slug":"le-probleme-de-la-culture-malek-bennabi","status":"publish","type":"product","link":"https:\/\/lamaktaba.fr\/index.php\/produit\/le-probleme-de-la-culture-malek-bennabi","title":{"rendered":"Le probl\u00e8me de la culture, de Malek Bennabi, Collection Malek Bennabi"},"content":{"rendered":"<p>Le probl\u00e8me de la culture, de Malek Bennabi, Collection Malek Bennabi;Jamais un auteur musulman ne s&rsquo;est attach\u00e9 \u00e0 \u00e9voquer la question pourtant fondamentale de la culture. Ce th\u00e8me, totalement \u00e9tranger \u00e0 la pens\u00e9e arabo-musulmane contemporaine n&rsquo;est \u00e9voqu\u00e9 que sous les traits de la distraction ou du divertissement, une parure de l&rsquo;esprit, ce qui montre sa pauvret\u00e9. Pourtant l\u00e0 ou la culture est absente, la civilisation meurt. Et, \u00e0 travers Le probl\u00e8me de la culture, Malek Bennabi le rappelle avec force: le monde musulman est en situation de crise profonde.;Si l&rsquo;on se pla\u00eet \u00e0 ignorer que la culture va du simple geste quotidien jusqu&rsquo;au dessein le plus grandiose, si l&rsquo;on oublie que cela concerne aussi bien le peintre que le paysan, l&rsquo;instituteur que l&rsquo;homme politique, alors la civilisation n&rsquo;a pas de chance d&rsquo;\u00e9merger et de se r\u00e9g\u00e9n\u00e9rer.;Ainsi Bennabi appelle, \u00e0 travers cette analyse forte et pertinente, l&rsquo;urgence pour le monde musulman de recr\u00e9er, et de d\u00e9velopper sa propre culture qui fit l&rsquo;admiration du monde lors de son apog\u00e9e, en d\u00e9cortiquant les \u00e9l\u00e9ments constitutifs de la culture que sont l&rsquo;\u00e9thique, l&rsquo;esth\u00e9tique, la logique pragmatique et la technique, afin que l&rsquo;homme musulman puisse enfin tenter de retrouver une culture qui lui permette de se remettre en qu\u00eate de sa propre civilisation.;\u00c0 propos de l&rsquo; auteur: Malek Bennabi;Malek Bennabi (1905-1973) a longuement \u00e9tudi\u00e9 les probl\u00e8mes de civilisation en g\u00e9n\u00e9ral et ceux du monde musulman, Fortement impr\u00e9gn\u00e9 de la culture arabo-musulmane et occidentale, on lui doit le concept de \u00ab colonisabilit\u00e9 \u00bb, concept caract\u00e9risant les soci\u00e9t\u00e9s en d\u00e9cadence. Il a \u00e0 son actif plus d&rsquo;une vingtaine d&rsquo;ouvrages traitant de civilisation, de culture, d&rsquo;id\u00e9ologie en g\u00e9n\u00e9ral et de probl\u00e8mes li\u00e9s \u00e0 la stagnation de la soci\u00e9t\u00e9 musulmane en particulier. Par ses \u00e9crits, Malek Bennabi voulait ainsi \u00e9veiller les consciences musulmanes et relancer une renaissance de la soci\u00e9t\u00e9 musulmane.<\/p>\n","protected":false},"excerpt":{"rendered":"<p>Le probl\u00e8me de la culture, de Malek Bennabi, Collection Malek Bennabi;Jamais un auteur musulman ne s&rsquo;est attach\u00e9 \u00e0 \u00e9voquer la question pourtant fondamentale de la culture. Ce th\u00e8me, totalement \u00e9tranger \u00e0 la pens\u00e9e arabo-musulmane contemporaine n&rsquo;est \u00e9voqu\u00e9 que sous les traits de la distraction ou du divertissement, une parure de l&rsquo;esprit, ce qui montre sa pauvret\u00e9. Pourtant l\u00e0 ou la culture est absente, la civilisation meurt. Et, \u00e0 travers Le probl\u00e8me de la culture, Malek Bennabi le rappelle avec force: le monde musulman est en situation de crise profonde.;Si l&rsquo;on se pla\u00eet \u00e0 ignorer que la culture va du simple geste quotidien jusqu&rsquo;au dessein le plus grandiose, si l&rsquo;on oublie que cela concerne aussi bien le peintre que le paysan, l&rsquo;instituteur que l&rsquo;homme politique, alors la civilisation n&rsquo;a pas de chance d&rsquo;\u00e9merger et de se r\u00e9g\u00e9n\u00e9rer.;Ainsi Bennabi appelle, \u00e0 travers cette analyse forte et pertinente, l&rsquo;urgence pour le monde musulman de recr\u00e9er, et de d\u00e9velopper sa propre culture qui fit l&rsquo;admiration du monde lors de son apog\u00e9e, en d\u00e9cortiquant les \u00e9l\u00e9ments constitutifs de la culture que sont l&rsquo;\u00e9thique, l&rsquo;esth\u00e9tique, la logique pragmatique et la technique, afin que l&rsquo;homme musulman puisse enfin tenter de retrouver une culture qui lui permette de se remettre en qu\u00eate de sa propre civilisation.;\u00c0 propos de l&rsquo; auteur: Malek Bennabi;Malek Bennabi (1905-1973) a longuement \u00e9tudi\u00e9 les probl\u00e8mes de civilisation en g\u00e9n\u00e9ral et ceux du monde musulman, Fortement impr\u00e9gn\u00e9 de la culture arabo-musulmane et occidentale, on lui doit le concept de \u00ab colonisabilit\u00e9 \u00bb, concept caract\u00e9risant les soci\u00e9t\u00e9s en d\u00e9cadence. Il a \u00e0 son actif plus d&rsquo;une vingtaine d&rsquo;ouvrages traitant de civilisation, de culture, d&rsquo;id\u00e9ologie en g\u00e9n\u00e9ral et de probl\u00e8mes li\u00e9s \u00e0 la stagnation de la soci\u00e9t\u00e9 musulmane en particulier. Par ses \u00e9crits, Malek Bennabi voulait ainsi \u00e9veiller les consciences musulmanes et relancer une renaissance de la soci\u00e9t\u00e9 musulmane.<\/p>\n","protected":false},"featured_media":37688,"comment_status":"open","ping_status":"closed","template":"","meta":[],"product_brand":[],"product_cat":[1942],"product_tag":[],"class_list":{"0":"post-36164","1":"product","2":"type-product","3":"status-publish","4":"has-post-thumbnail","6":"product_cat-islam-et-occident","8":"first","9":"outofstock","10":"shipping-taxable","11":"purchasable","12":"product-type-simple"},"_links":{"self":[{"href":"https:\/\/lamaktaba.fr\/index.php\/wp-json\/wp\/v2\/product\/36164","targetHints":{"allow":["GET"]}}],"collection":[{"href":"https:\/\/lamaktaba.fr\/index.php\/wp-json\/wp\/v2\/product"}],"about":[{"href":"https:\/\/lamaktaba.fr\/index.php\/wp-json\/wp\/v2\/types\/product"}],"replies":[{"embeddable":true,"href":"https:\/\/lamaktaba.fr\/index.php\/wp-json\/wp\/v2\/comments?post=36164"}],"wp:featuredmedia":[{"embeddable":true,"href":"https:\/\/lamaktaba.fr\/index.php\/wp-json\/wp\/v2\/media\/37688"}],"wp:attachment":[{"href":"https:\/\/lamaktaba.fr\/index.php\/wp-json\/wp\/v2\/media?parent=36164"}],"wp:term":[{"taxonomy":"product_brand","embeddable":true,"href":"https:\/\/lamaktaba.fr\/index.php\/wp-json\/wp\/v2\/product_brand?post=36164"},{"taxonomy":"product_cat","embeddable":true,"href":"https:\/\/lamaktaba.fr\/index.php\/wp-json\/wp\/v2\/product_cat?post=36164"},{"taxonomy":"product_tag","embeddable":true,"href":"https:\/\/lamaktaba.fr\/index.php\/wp-json\/wp\/v2\/product_tag?post=36164"}],"curies":[{"name":"wp","href":"https:\/\/api.w.org\/{rel}","templated":true}]}}