{"id":36162,"date":"2021-09-03T21:44:00","date_gmt":"2021-09-03T19:44:00","guid":{"rendered":"https:\/\/lamaktaba.fr\/index.php\/produit\/la-voie-du-paradis-de-ibn-qayyim-al-jawziyya\/"},"modified":"2025-04-01T12:47:22","modified_gmt":"2025-04-01T10:47:22","slug":"la-voie-du-paradis-de-ibn-qayyim-al-jawziyya","status":"publish","type":"product","link":"https:\/\/lamaktaba.fr\/index.php\/produit\/la-voie-du-paradis-de-ibn-qayyim-al-jawziyya","title":{"rendered":"La voie du Paradis, de Ibn Qayyim al-Jawziyya"},"content":{"rendered":"<p>La voie du Paradis, de Ibn Qayyim al-Jawziyya;L&rsquo;objectif de cet ouvrage est d&rsquo;annoncer aux croyants les d\u00e9lices du Paradis que Dieu leur a pr\u00e9par\u00e9s. Les compagnons du proph\u00e8te (s) ainsi que les successeurs \u00e9clair\u00e9s n&rsquo;ont eu de cesse d&rsquo;avoir foi en cette croyance et de la certifier sur les bases des textes tir\u00e9s du Coran et de la Sunna.;Ainsi Dieu (tptm) dit: \u00ab\u00a0Ceux qui ont foi et qui agissent vertueusement, leur Seigneur les guidera du fait de leur foi. A leurs pieds couleront les ruisseaux dans les jardins des d\u00e9lices. L\u00e0, leur pri\u00e8re sera \u00ab\u00a0Gloire \u00e0 Toi, \u00f4 Dieu\u00a0\u00bb et leur salutation sera \u00ab\u00a0Paix\u00a0\u00bb et leur invocation s&rsquo;ach\u00e8vera toujours par \u00ab\u00a0louange \u00e0 Dieu, Ma\u00eetre des univers.\u00a0\u00bb [Coran 10\/9-10];A propos de l&rsquo;auteur: Ibn Qayyim al-Jawziyya;L&rsquo;imam Ibn al-Qayyim al-Jawziyya est l&rsquo;un des grands savants de l&rsquo;islam. C&rsquo;est notamment aupr\u00e8s de shaykh Ibn Taymiyya qu&rsquo;il it ses vastes connaissances des sciences islamiques.;Mais l&rsquo;imam Ibn al-Qayyim s&rsquo;est surtout distingu\u00e9 dans son \u00e9tude approfondie de la mystique musulmane.;La collection Spiritualit\u00e9s musulmanes;La collection Spiritualit\u00e9s musulmanes propose la traduction d&rsquo;ouvrages de r\u00e9f\u00e9rence, r\u00e9dig\u00e9s par d&rsquo;\u00e9minents savants, anciens et contemporains, sur le rapport \u00e0 Dieu, l&rsquo;\u00e9l\u00e9vation de l&rsquo;\u00e2me, le monde invisible et tant d&rsquo;autres th\u00e8mes li\u00e9s \u00e0 la spiritualit\u00e9.;R\u00e9f\u00e9rence 9782848622453;Fiche technique AUTEUR: &#8211; Ibn Qayyim al-Jawziyya LANGUE: -.Fran\u00e7ais ANNEE: &#8211; 2011 SUPPORT: &#8211; Livre THEME: &#8211; Piliers de la Foi Condition: &#8211; Neuf Nombre de Pages: &#8211; 176 FORMAT (CM): 13 x 20 cm EAN13: &#8211; 9782848622453 RELIURE: &#8211; Souple.Traduction: &#8211; Sami Mlaiki;R\u00e9f\u00e9rences sp\u00e9cifiques;Donnez votre avis;Aucun commentaire pour le moment<\/p>\n","protected":false},"excerpt":{"rendered":"<p>La voie du Paradis, de Ibn Qayyim al-Jawziyya;L&rsquo;objectif de cet ouvrage est d&rsquo;annoncer aux croyants les d\u00e9lices du Paradis que Dieu leur a pr\u00e9par\u00e9s. Les compagnons du proph\u00e8te (s) ainsi que les successeurs \u00e9clair\u00e9s n&rsquo;ont eu de cesse d&rsquo;avoir foi en cette croyance et de la certifier sur les bases des textes tir\u00e9s du Coran et de la Sunna.;Ainsi Dieu (tptm) dit: \u00ab\u00a0Ceux qui ont foi et qui agissent vertueusement, leur Seigneur les guidera du fait de leur foi. A leurs pieds couleront les ruisseaux dans les jardins des d\u00e9lices. L\u00e0, leur pri\u00e8re sera \u00ab\u00a0Gloire \u00e0 Toi, \u00f4 Dieu\u00a0\u00bb et leur salutation sera \u00ab\u00a0Paix\u00a0\u00bb et leur invocation s&rsquo;ach\u00e8vera toujours par \u00ab\u00a0louange \u00e0 Dieu, Ma\u00eetre des univers.\u00a0\u00bb [Coran 10\/9-10];A propos de l&rsquo;auteur: Ibn Qayyim al-Jawziyya;L&rsquo;imam Ibn al-Qayyim al-Jawziyya est l&rsquo;un des grands savants de l&rsquo;islam. C&rsquo;est notamment aupr\u00e8s de shaykh Ibn Taymiyya qu&rsquo;il it ses vastes connaissances des sciences islamiques.;Mais l&rsquo;imam Ibn al-Qayyim s&rsquo;est surtout distingu\u00e9 dans son \u00e9tude approfondie de la mystique musulmane.;La collection Spiritualit\u00e9s musulmanes;La collection Spiritualit\u00e9s musulmanes propose la traduction d&rsquo;ouvrages de r\u00e9f\u00e9rence, r\u00e9dig\u00e9s par d&rsquo;\u00e9minents savants, anciens et contemporains, sur le rapport \u00e0 Dieu, l&rsquo;\u00e9l\u00e9vation de l&rsquo;\u00e2me, le monde invisible et tant d&rsquo;autres th\u00e8mes li\u00e9s \u00e0 la spiritualit\u00e9.;R\u00e9f\u00e9rence 9782848622453;Fiche technique AUTEUR: &#8211; Ibn Qayyim al-Jawziyya LANGUE: -.Fran\u00e7ais ANNEE: &#8211; 2011 SUPPORT: &#8211; Livre THEME: &#8211; Piliers de la Foi Condition: &#8211; Neuf Nombre de Pages: &#8211; 176 FORMAT (CM): 13 x 20 cm EAN13: &#8211; 9782848622453 RELIURE: &#8211; Souple.Traduction: &#8211; Sami Mlaiki;R\u00e9f\u00e9rences sp\u00e9cifiques;Donnez votre avis;Aucun commentaire pour le moment<\/p>\n","protected":false},"featured_media":36163,"comment_status":"open","ping_status":"closed","template":"","meta":[],"product_brand":[],"product_cat":[15],"product_tag":[],"class_list":{"0":"post-36162","1":"product","2":"type-product","3":"status-publish","4":"has-post-thumbnail","6":"product_cat-non-classe","8":"first","9":"outofstock","10":"shipping-taxable","11":"purchasable","12":"product-type-simple"},"_links":{"self":[{"href":"https:\/\/lamaktaba.fr\/index.php\/wp-json\/wp\/v2\/product\/36162","targetHints":{"allow":["GET"]}}],"collection":[{"href":"https:\/\/lamaktaba.fr\/index.php\/wp-json\/wp\/v2\/product"}],"about":[{"href":"https:\/\/lamaktaba.fr\/index.php\/wp-json\/wp\/v2\/types\/product"}],"replies":[{"embeddable":true,"href":"https:\/\/lamaktaba.fr\/index.php\/wp-json\/wp\/v2\/comments?post=36162"}],"wp:featuredmedia":[{"embeddable":true,"href":"https:\/\/lamaktaba.fr\/index.php\/wp-json\/wp\/v2\/media\/36163"}],"wp:attachment":[{"href":"https:\/\/lamaktaba.fr\/index.php\/wp-json\/wp\/v2\/media?parent=36162"}],"wp:term":[{"taxonomy":"product_brand","embeddable":true,"href":"https:\/\/lamaktaba.fr\/index.php\/wp-json\/wp\/v2\/product_brand?post=36162"},{"taxonomy":"product_cat","embeddable":true,"href":"https:\/\/lamaktaba.fr\/index.php\/wp-json\/wp\/v2\/product_cat?post=36162"},{"taxonomy":"product_tag","embeddable":true,"href":"https:\/\/lamaktaba.fr\/index.php\/wp-json\/wp\/v2\/product_tag?post=36162"}],"curies":[{"name":"wp","href":"https:\/\/api.w.org\/{rel}","templated":true}]}}