{"id":36150,"date":"2021-09-03T21:44:00","date_gmt":"2021-09-03T19:44:00","guid":{"rendered":"https:\/\/lamaktaba.fr\/index.php\/produit\/al-kaffarat-les-moyens-de-gagner-le-pardon-de-dieu-collectif\/"},"modified":"2025-04-01T12:47:21","modified_gmt":"2025-04-01T10:47:21","slug":"al-kaffarat-les-moyens-de-gagner-le-pardon-de-dieu-collectif","status":"publish","type":"product","link":"https:\/\/lamaktaba.fr\/index.php\/produit\/al-kaffarat-les-moyens-de-gagner-le-pardon-de-dieu-collectif","title":{"rendered":"Kaffarat &#8211; Les moyens de gagner le Pardon de Dieu"},"content":{"rendered":"<p>Kaffart &#8211; Les moyens de gagner le Pardon de Dieu d\u2019apr\u00e8s Al-Kaffarat;Si l\u2019on a appel\u00e9 la r\u00e9paration de la faute commise kaffara, c\u2019est parce que celle-ci \u00ab couvre \u00bb la faute du fid\u00e8le, \u00e0 titre d\u2019all\u00e8gement divin. Quant au mot kaffara au point de vue de la terminologie islamique, il d\u00e9signe l\u2019action d\u2019effacer une faute commise en proc\u00e9dant \u00e0 une aum\u00f4ne, un je\u00fbne ou autre, selon des modalit\u00e9s sp\u00e9cifiques.;Le principe de l\u2019expiation trouve son fondement l\u00e9gal dans le Coran et la Sunna. Ainsi, ce verset coranique relatif au serment: (L\u2019expiation en sera de nourrir dix pauvres, de ce dont vous nourrissez normalement vos familles, ou de les habiller, ou de lib\u00e9rer une esclave \u2026) sourate 5, verset 89, de m\u00eame cette tradition proph\u00e9tique: \u00ab Certes, moi par Dieu ! si Dieu veut, quand je ferai un serment et que je verrai ensuite qu\u2019il ya mieux \u00e0 faire, j\u2019expiation mon serment et ferai ce qui vaut le mieux \u00bb (al-bukhari). Quant \u00e0 la raison d\u2019\u00eatre de l\u2019expiation, elle est de corriger l\u2019erreur commise par le fid\u00e8le et rectifier les effets n\u00e9fastes qu\u2019elle produit sur lui et sur autrui.;L\u2019expiation est au sens large du terme, une fa\u00e7on de compenser une perte occasionn\u00e9e, r\u00e9parer une faute commise ou un dommage subi et ouvrir la porte du pardon divin.;Les moyens de gagner le Pardon de Dieu d\u2019apr\u00e8s Al-Kaffarat: Le principe de l\u2019expiation trouve son fondement l\u00e9gal dans le Coran et la Sunna. Ainsi, ce verset l\u00e9gal dans le Coran e la Sunna.;Cet ouvrage est pr\u00e9sent\u00e9 sous formes de deux chapitres, avec plusieurs sous-chapitres qui sont les suivants;Chapitre premier: De l\u2019espoir, de la mis\u00e9ricorde de Dieu qui s\u2019\u00e9tend \u00e0 toute chose.;- De l\u2019empressement de se repentir et de le faire continuellement.;- Dieu agr\u00e9e le repentir de ses serviteurs et leur pardonne.;Chapitre 2: Des diff\u00e9rents moyens d\u2019expirer les fautes commises.;- Du m\u00e9rite de l\u2019appel \u00e0 la pri\u00e8re et de son accomplissement, du fait qu\u2019il appelle l\u2019intercession des cr\u00e9atures et le pardon du Cr\u00e9ateur.;- Des actes concis qui permettent d\u2019effacer les p\u00e9ch\u00e9s commis.;- \u2026<\/p>\n","protected":false},"excerpt":{"rendered":"<p>Kaffart &#8211; Les moyens de gagner le Pardon de Dieu d\u2019apr\u00e8s Al-Kaffarat;Si l\u2019on a appel\u00e9 la r\u00e9paration de la faute commise kaffara, c\u2019est parce que celle-ci \u00ab couvre \u00bb la faute du fid\u00e8le, \u00e0 titre d\u2019all\u00e8gement divin. Quant au mot kaffara au point de vue de la terminologie islamique, il d\u00e9signe l\u2019action d\u2019effacer une faute commise en proc\u00e9dant \u00e0 une aum\u00f4ne, un je\u00fbne ou autre, selon des modalit\u00e9s sp\u00e9cifiques.;Le principe de l\u2019expiation trouve son fondement l\u00e9gal dans le Coran et la Sunna. Ainsi, ce verset coranique relatif au serment: (L\u2019expiation en sera de nourrir dix pauvres, de ce dont vous nourrissez normalement vos familles, ou de les habiller, ou de lib\u00e9rer une esclave \u2026) sourate 5, verset 89, de m\u00eame cette tradition proph\u00e9tique: \u00ab Certes, moi par Dieu ! si Dieu veut, quand je ferai un serment et que je verrai ensuite qu\u2019il ya mieux \u00e0 faire, j\u2019expiation mon serment et ferai ce qui vaut le mieux \u00bb (al-bukhari). Quant \u00e0 la raison d\u2019\u00eatre de l\u2019expiation, elle est de corriger l\u2019erreur commise par le fid\u00e8le et rectifier les effets n\u00e9fastes qu\u2019elle produit sur lui et sur autrui.;L\u2019expiation est au sens large du terme, une fa\u00e7on de compenser une perte occasionn\u00e9e, r\u00e9parer une faute commise ou un dommage subi et ouvrir la porte du pardon divin.;Les moyens de gagner le Pardon de Dieu d\u2019apr\u00e8s Al-Kaffarat: Le principe de l\u2019expiation trouve son fondement l\u00e9gal dans le Coran et la Sunna. Ainsi, ce verset l\u00e9gal dans le Coran e la Sunna.;Cet ouvrage est pr\u00e9sent\u00e9 sous formes de deux chapitres, avec plusieurs sous-chapitres qui sont les suivants;Chapitre premier: De l\u2019espoir, de la mis\u00e9ricorde de Dieu qui s\u2019\u00e9tend \u00e0 toute chose.;- De l\u2019empressement de se repentir et de le faire continuellement.;- Dieu agr\u00e9e le repentir de ses serviteurs et leur pardonne.;Chapitre 2: Des diff\u00e9rents moyens d\u2019expirer les fautes commises.;- Du m\u00e9rite de l\u2019appel \u00e0 la pri\u00e8re et de son accomplissement, du fait qu\u2019il appelle l\u2019intercession des cr\u00e9atures et le pardon du Cr\u00e9ateur.;- Des actes concis qui permettent d\u2019effacer les p\u00e9ch\u00e9s commis.;- \u2026<\/p>\n","protected":false},"featured_media":37777,"comment_status":"open","ping_status":"closed","template":"","meta":[],"product_brand":[],"product_cat":[15],"product_tag":[],"class_list":{"0":"post-36150","1":"product","2":"type-product","3":"status-publish","4":"has-post-thumbnail","6":"product_cat-non-classe","8":"first","9":"outofstock","10":"shipping-taxable","11":"purchasable","12":"product-type-simple"},"_links":{"self":[{"href":"https:\/\/lamaktaba.fr\/index.php\/wp-json\/wp\/v2\/product\/36150","targetHints":{"allow":["GET"]}}],"collection":[{"href":"https:\/\/lamaktaba.fr\/index.php\/wp-json\/wp\/v2\/product"}],"about":[{"href":"https:\/\/lamaktaba.fr\/index.php\/wp-json\/wp\/v2\/types\/product"}],"replies":[{"embeddable":true,"href":"https:\/\/lamaktaba.fr\/index.php\/wp-json\/wp\/v2\/comments?post=36150"}],"wp:featuredmedia":[{"embeddable":true,"href":"https:\/\/lamaktaba.fr\/index.php\/wp-json\/wp\/v2\/media\/37777"}],"wp:attachment":[{"href":"https:\/\/lamaktaba.fr\/index.php\/wp-json\/wp\/v2\/media?parent=36150"}],"wp:term":[{"taxonomy":"product_brand","embeddable":true,"href":"https:\/\/lamaktaba.fr\/index.php\/wp-json\/wp\/v2\/product_brand?post=36150"},{"taxonomy":"product_cat","embeddable":true,"href":"https:\/\/lamaktaba.fr\/index.php\/wp-json\/wp\/v2\/product_cat?post=36150"},{"taxonomy":"product_tag","embeddable":true,"href":"https:\/\/lamaktaba.fr\/index.php\/wp-json\/wp\/v2\/product_tag?post=36150"}],"curies":[{"name":"wp","href":"https:\/\/api.w.org\/{rel}","templated":true}]}}