{"id":36145,"date":"2021-09-03T21:44:00","date_gmt":"2021-09-03T19:44:00","guid":{"rendered":"https:\/\/lamaktaba.fr\/index.php\/produit\/voyage-a-linterieur-de-la-tombe\/"},"modified":"2025-04-01T12:46:20","modified_gmt":"2025-04-01T10:46:20","slug":"voyage-a-linterieur-de-la-tombe","status":"publish","type":"product","link":"https:\/\/lamaktaba.fr\/index.php\/produit\/voyage-a-linterieur-de-la-tombe","title":{"rendered":"Voyage \u00e0 l&rsquo;int\u00e9rieur de la tombe"},"content":{"rendered":"<p>Titre: Voyage \u00e0 l&rsquo;int\u00e9rieur de la tombe;Auteur: Muhammad As Sayim;Edition: ENNOUR;Support: Livre;Theme: Piliers de la FOI;Description: Le pr\u00e9sent livre a pour objet la mort en tant que station n\u00e9cessaire s&rsquo;intercalant entre le monde imm\u00e9diat et la vie derni\u00e8re. Une fois que l&rsquo;homme quitte ce monde, il est transport\u00e9 dans le monde de l&rsquo;intervalle o\u00f9 les morts sont retenus dans l&rsquo;attente de l&rsquo;av\u00e8nement du Jour de la R\u00e9surrection.<\/p>\n","protected":false},"excerpt":{"rendered":"<p>Titre: Voyage \u00e0 l&rsquo;int\u00e9rieur de la tombe;Auteur: Muhammad As Sayim;Edition: ENNOUR;Support: Livre;Theme: Piliers de la FOI;Description: Le pr\u00e9sent livre a pour objet la mort en tant que station n\u00e9cessaire s&rsquo;intercalant entre le monde imm\u00e9diat et la vie derni\u00e8re. Une fois que l&rsquo;homme quitte ce monde, il est transport\u00e9 dans le monde de l&rsquo;intervalle o\u00f9 les morts sont retenus dans l&rsquo;attente de l&rsquo;av\u00e8nement du Jour de la R\u00e9surrection.<\/p>\n","protected":false},"featured_media":36146,"comment_status":"open","ping_status":"closed","template":"","meta":[],"product_brand":[],"product_cat":[15],"product_tag":[],"class_list":{"0":"post-36145","1":"product","2":"type-product","3":"status-publish","4":"has-post-thumbnail","6":"product_cat-non-classe","8":"first","9":"instock","10":"shipping-taxable","11":"purchasable","12":"product-type-simple"},"_links":{"self":[{"href":"https:\/\/lamaktaba.fr\/index.php\/wp-json\/wp\/v2\/product\/36145","targetHints":{"allow":["GET"]}}],"collection":[{"href":"https:\/\/lamaktaba.fr\/index.php\/wp-json\/wp\/v2\/product"}],"about":[{"href":"https:\/\/lamaktaba.fr\/index.php\/wp-json\/wp\/v2\/types\/product"}],"replies":[{"embeddable":true,"href":"https:\/\/lamaktaba.fr\/index.php\/wp-json\/wp\/v2\/comments?post=36145"}],"wp:featuredmedia":[{"embeddable":true,"href":"https:\/\/lamaktaba.fr\/index.php\/wp-json\/wp\/v2\/media\/36146"}],"wp:attachment":[{"href":"https:\/\/lamaktaba.fr\/index.php\/wp-json\/wp\/v2\/media?parent=36145"}],"wp:term":[{"taxonomy":"product_brand","embeddable":true,"href":"https:\/\/lamaktaba.fr\/index.php\/wp-json\/wp\/v2\/product_brand?post=36145"},{"taxonomy":"product_cat","embeddable":true,"href":"https:\/\/lamaktaba.fr\/index.php\/wp-json\/wp\/v2\/product_cat?post=36145"},{"taxonomy":"product_tag","embeddable":true,"href":"https:\/\/lamaktaba.fr\/index.php\/wp-json\/wp\/v2\/product_tag?post=36145"}],"curies":[{"name":"wp","href":"https:\/\/api.w.org\/{rel}","templated":true}]}}