{"id":36143,"date":"2021-09-03T21:44:00","date_gmt":"2021-09-03T19:44:00","guid":{"rendered":"https:\/\/lamaktaba.fr\/index.php\/produit\/lexegese-du-saint-coran-ibn-jarirtabary-3-volumes\/"},"modified":"2025-04-01T12:46:11","modified_gmt":"2025-04-01T10:46:11","slug":"lexegese-du-saint-coran-ibn-jarirtabary-3-volumes","status":"publish","type":"product","link":"https:\/\/lamaktaba.fr\/index.php\/produit\/lexegese-du-saint-coran-ibn-jarirtabary-3-volumes","title":{"rendered":"L&rsquo;Ex\u00e9g\u00e8se du Saint Coran Ibn JarirTabary (3 volumes)"},"content":{"rendered":"<p>L&rsquo;Ex\u00e9g\u00e8se du Coran accomplie, \u00e0 la fin du 3\u00e8me si\u00e8cle de l&rsquo;H\u00e9gire, par Tabary Mohammed ibn Jarir (224\/310), se pr\u00e9sente en plusieurs volumes.;Mais la traduction est beaucoup moins volumineuse, puisqu&rsquo;elle est celle d&rsquo;un r\u00e9sum\u00e9 de l&rsquo;\u0153uvre.;En effet, dans le but de mettre \u00e0 la port\u00e9e d&rsquo;un grand public cette ex\u00e9g\u00e8se si utile, ce r\u00e9sum\u00e9 s&rsquo;en est tenu \u00e0 l&rsquo;explication seulement, qui, il faut le dire, revient \u00e0 ce grand savant musulman.;En outre, et dans le m\u00eame but, il est \u00e0 remarquer que les passages coraniques traduits, mis en une couleur bien distincte, correspondent \u00e0 ce qui est soulign\u00e9 dans le Coran.<\/p>\n","protected":false},"excerpt":{"rendered":"<p>L&rsquo;Ex\u00e9g\u00e8se du Coran accomplie, \u00e0 la fin du 3\u00e8me si\u00e8cle de l&rsquo;H\u00e9gire, par Tabary Mohammed ibn Jarir (224\/310), se pr\u00e9sente en plusieurs volumes.;Mais la traduction est beaucoup moins volumineuse, puisqu&rsquo;elle est celle d&rsquo;un r\u00e9sum\u00e9 de l&rsquo;\u0153uvre.;En effet, dans le but de mettre \u00e0 la port\u00e9e d&rsquo;un grand public cette ex\u00e9g\u00e8se si utile, ce r\u00e9sum\u00e9 s&rsquo;en est tenu \u00e0 l&rsquo;explication seulement, qui, il faut le dire, revient \u00e0 ce grand savant musulman.;En outre, et dans le m\u00eame but, il est \u00e0 remarquer que les passages coraniques traduits, mis en une couleur bien distincte, correspondent \u00e0 ce qui est soulign\u00e9 dans le Coran.<\/p>\n","protected":false},"featured_media":36144,"comment_status":"open","ping_status":"closed","template":"","meta":[],"product_brand":[],"product_cat":[1904,1915],"product_tag":[],"class_list":{"0":"post-36143","1":"product","2":"type-product","3":"status-publish","4":"has-post-thumbnail","6":"product_cat-saint-coran","7":"product_cat-sciences-du-coran","9":"first","10":"instock","11":"shipping-taxable","12":"purchasable","13":"product-type-simple"},"_links":{"self":[{"href":"https:\/\/lamaktaba.fr\/index.php\/wp-json\/wp\/v2\/product\/36143","targetHints":{"allow":["GET"]}}],"collection":[{"href":"https:\/\/lamaktaba.fr\/index.php\/wp-json\/wp\/v2\/product"}],"about":[{"href":"https:\/\/lamaktaba.fr\/index.php\/wp-json\/wp\/v2\/types\/product"}],"replies":[{"embeddable":true,"href":"https:\/\/lamaktaba.fr\/index.php\/wp-json\/wp\/v2\/comments?post=36143"}],"wp:featuredmedia":[{"embeddable":true,"href":"https:\/\/lamaktaba.fr\/index.php\/wp-json\/wp\/v2\/media\/36144"}],"wp:attachment":[{"href":"https:\/\/lamaktaba.fr\/index.php\/wp-json\/wp\/v2\/media?parent=36143"}],"wp:term":[{"taxonomy":"product_brand","embeddable":true,"href":"https:\/\/lamaktaba.fr\/index.php\/wp-json\/wp\/v2\/product_brand?post=36143"},{"taxonomy":"product_cat","embeddable":true,"href":"https:\/\/lamaktaba.fr\/index.php\/wp-json\/wp\/v2\/product_cat?post=36143"},{"taxonomy":"product_tag","embeddable":true,"href":"https:\/\/lamaktaba.fr\/index.php\/wp-json\/wp\/v2\/product_tag?post=36143"}],"curies":[{"name":"wp","href":"https:\/\/api.w.org\/{rel}","templated":true}]}}