{"id":36121,"date":"2021-09-03T21:44:00","date_gmt":"2021-09-03T19:44:00","guid":{"rendered":"https:\/\/lamaktaba.fr\/index.php\/produit\/la-medecine-du-prophete-mouhammad-saw-jalal-ad-din-as-souyouti\/"},"modified":"2025-04-01T12:44:27","modified_gmt":"2025-04-01T10:44:27","slug":"la-medecine-du-prophete-mouhammad-saw-jalal-ad-din-as-souyouti","status":"publish","type":"product","link":"https:\/\/lamaktaba.fr\/index.php\/produit\/la-medecine-du-prophete-mouhammad-saw-jalal-ad-din-as-souyouti","title":{"rendered":"La m\u00e9decine du proph\u00e8te Muhammad"},"content":{"rendered":"<p>Titre: La m\u00e9decine du proph\u00e8te Muhammad;Auteur: Jalal Ad-Din As-Suy\u00fbt\u00ee;Edition: ALIMEN;Support: Livre;Theme: Civilisation de l&rsquo;Islam;Description: Dans cet ouvrage, vous constaterez la grandeur de la sagesse du Proph\u00e8te de l&rsquo;Islam en mati\u00e8re sant\u00e9.;La sant\u00e9 ne se limite pas uniquement \u00e0 la pr\u00e9servation du corps des maladies, telle est la directive principale du Proph\u00e8te (pbsl).;La m\u00e9decine proph\u00e9tique s&rsquo;est, en effet int\u00e9ress\u00e9e \u00e0 l&rsquo;\u00eatre humain dans sa globalit\u00e9, tenant compte de la dimension du corps, de l&rsquo;esprit et du coeur.;Parmis ses nombreux enseignements, notre bien- aim\u00e9 Proph\u00e8te (pbsl) a rappel\u00e9 la beaut\u00e9 du Don divin de la vie et l&rsquo;importance d&rsquo;honorer cette vie en pr\u00e9servant sa sant\u00e9. En effet, il a toujours incit\u00e9 ses disciples et les fid\u00e8les de sa communaut\u00e9 \u00e0 se pr\u00e9munir des maladies, \u00e0 se soigner en recherchant les rem\u00e8des \u00e0 leurs maladies, y compris celles de l&rsquo;\u00e2me, celles qui \u00e9loignent le serviteur de Son Seigneur.; Dans la pri\u00e8re, il y a une gu\u00e9rison \u00ab\u00a0, disait-il (pbsl), gu\u00e9rison qu&rsquo;est la paix du coeur et de l&rsquo;\u00e2me amenant alors un \u00e9tat de bien-\u00eatre g\u00e9n\u00e9ral et une qui\u00e9tude sans \u00e9gal.;Le lecteur d\u00e9couvrira, tr\u00e8s certainement, dans cet illustre ouvrage de l&rsquo;im\u00e2m As-Souyo\u00fbt\u00ee, de nombreux conseils pratiques, des r\u00e9fl\u00e8xions et d&rsquo;\u00e9ternelles sagesses.;Quand on parcourt la Sounna du Proph\u00e8te (B\u00e9n\u00e9dictions et Salut de Dieu sur lui), on y trouve des indications \u00e9videntes sur ces diff\u00e9rents domaines de la m\u00e9decine: les maladies physiques, les maladies mentales et pssychologiques. Il est (B\u00e9n\u00e9dictions et Paix de Dieu sur lui) le m\u00e9decin du corps et de l&rsquo;\u00e2me. C&rsquo;est lui qui a dit: \u00a0\u00bb A chaque maladie Dieu a fait descendre un rem\u00e8de (une gu\u00e9rison).;Ous\u00e2ma Ibn Chourayk a rapport\u00e9 cecu: \u00a0\u00bb Je suis venue \u00e0 la rencontre du Messager de Dieu. Ses Compagnons se tenaient immobiles tels des perchoirs sur lesquels se tenaient sans crainte les oiseaux, je l&rsquo;ai salu\u00e9, puis m&rsquo;assis. Quand les d\u00e9l\u00e9gations de b\u00e9douins arriv\u00e8rent, ils commenc\u00e8rent \u00e0 le questionner. Certains lui demand\u00e8rent: \u00a0\u00bb O Messager de Dieu ! Doit-on se soigner?\u00a0\u00bb Il leur r\u00e9pondit: \u00a0\u00bb Soignez-vous, car toute maladie Dieu a fait descendre un rem\u00e8de, exept\u00e9 une seule maladie: la maladie de la vieillesse.<\/p>\n","protected":false},"excerpt":{"rendered":"<p>Titre: La m\u00e9decine du proph\u00e8te Muhammad;Auteur: Jalal Ad-Din As-Suy\u00fbt\u00ee;Edition: ALIMEN;Support: Livre;Theme: Civilisation de l&rsquo;Islam;Description: Dans cet ouvrage, vous constaterez la grandeur de la sagesse du Proph\u00e8te de l&rsquo;Islam en mati\u00e8re sant\u00e9.;La sant\u00e9 ne se limite pas uniquement \u00e0 la pr\u00e9servation du corps des maladies, telle est la directive principale du Proph\u00e8te (pbsl).;La m\u00e9decine proph\u00e9tique s&rsquo;est, en effet int\u00e9ress\u00e9e \u00e0 l&rsquo;\u00eatre humain dans sa globalit\u00e9, tenant compte de la dimension du corps, de l&rsquo;esprit et du coeur.;Parmis ses nombreux enseignements, notre bien- aim\u00e9 Proph\u00e8te (pbsl) a rappel\u00e9 la beaut\u00e9 du Don divin de la vie et l&rsquo;importance d&rsquo;honorer cette vie en pr\u00e9servant sa sant\u00e9. En effet, il a toujours incit\u00e9 ses disciples et les fid\u00e8les de sa communaut\u00e9 \u00e0 se pr\u00e9munir des maladies, \u00e0 se soigner en recherchant les rem\u00e8des \u00e0 leurs maladies, y compris celles de l&rsquo;\u00e2me, celles qui \u00e9loignent le serviteur de Son Seigneur.; Dans la pri\u00e8re, il y a une gu\u00e9rison \u00ab\u00a0, disait-il (pbsl), gu\u00e9rison qu&rsquo;est la paix du coeur et de l&rsquo;\u00e2me amenant alors un \u00e9tat de bien-\u00eatre g\u00e9n\u00e9ral et une qui\u00e9tude sans \u00e9gal.;Le lecteur d\u00e9couvrira, tr\u00e8s certainement, dans cet illustre ouvrage de l&rsquo;im\u00e2m As-Souyo\u00fbt\u00ee, de nombreux conseils pratiques, des r\u00e9fl\u00e8xions et d&rsquo;\u00e9ternelles sagesses.;Quand on parcourt la Sounna du Proph\u00e8te (B\u00e9n\u00e9dictions et Salut de Dieu sur lui), on y trouve des indications \u00e9videntes sur ces diff\u00e9rents domaines de la m\u00e9decine: les maladies physiques, les maladies mentales et pssychologiques. Il est (B\u00e9n\u00e9dictions et Paix de Dieu sur lui) le m\u00e9decin du corps et de l&rsquo;\u00e2me. C&rsquo;est lui qui a dit: \u00a0\u00bb A chaque maladie Dieu a fait descendre un rem\u00e8de (une gu\u00e9rison).;Ous\u00e2ma Ibn Chourayk a rapport\u00e9 cecu: \u00a0\u00bb Je suis venue \u00e0 la rencontre du Messager de Dieu. Ses Compagnons se tenaient immobiles tels des perchoirs sur lesquels se tenaient sans crainte les oiseaux, je l&rsquo;ai salu\u00e9, puis m&rsquo;assis. Quand les d\u00e9l\u00e9gations de b\u00e9douins arriv\u00e8rent, ils commenc\u00e8rent \u00e0 le questionner. Certains lui demand\u00e8rent: \u00a0\u00bb O Messager de Dieu ! Doit-on se soigner?\u00a0\u00bb Il leur r\u00e9pondit: \u00a0\u00bb Soignez-vous, car toute maladie Dieu a fait descendre un rem\u00e8de, exept\u00e9 une seule maladie: la maladie de la vieillesse.<\/p>\n","protected":false},"featured_media":38031,"comment_status":"open","ping_status":"closed","template":"","meta":[],"product_brand":[],"product_cat":[15],"product_tag":[],"class_list":{"0":"post-36121","1":"product","2":"type-product","3":"status-publish","4":"has-post-thumbnail","6":"product_cat-non-classe","8":"first","9":"outofstock","10":"shipping-taxable","11":"purchasable","12":"product-type-simple"},"_links":{"self":[{"href":"https:\/\/lamaktaba.fr\/index.php\/wp-json\/wp\/v2\/product\/36121","targetHints":{"allow":["GET"]}}],"collection":[{"href":"https:\/\/lamaktaba.fr\/index.php\/wp-json\/wp\/v2\/product"}],"about":[{"href":"https:\/\/lamaktaba.fr\/index.php\/wp-json\/wp\/v2\/types\/product"}],"replies":[{"embeddable":true,"href":"https:\/\/lamaktaba.fr\/index.php\/wp-json\/wp\/v2\/comments?post=36121"}],"wp:featuredmedia":[{"embeddable":true,"href":"https:\/\/lamaktaba.fr\/index.php\/wp-json\/wp\/v2\/media\/38031"}],"wp:attachment":[{"href":"https:\/\/lamaktaba.fr\/index.php\/wp-json\/wp\/v2\/media?parent=36121"}],"wp:term":[{"taxonomy":"product_brand","embeddable":true,"href":"https:\/\/lamaktaba.fr\/index.php\/wp-json\/wp\/v2\/product_brand?post=36121"},{"taxonomy":"product_cat","embeddable":true,"href":"https:\/\/lamaktaba.fr\/index.php\/wp-json\/wp\/v2\/product_cat?post=36121"},{"taxonomy":"product_tag","embeddable":true,"href":"https:\/\/lamaktaba.fr\/index.php\/wp-json\/wp\/v2\/product_tag?post=36121"}],"curies":[{"name":"wp","href":"https:\/\/api.w.org\/{rel}","templated":true}]}}