{"id":361,"date":"2020-03-02T10:00:00","date_gmt":"2020-03-02T09:00:00","guid":{"rendered":"https:\/\/lamaktaba.fr\/index.php\/produit\/le-comportement-du-prophete\/"},"modified":"2025-04-01T12:44:07","modified_gmt":"2025-04-01T10:44:07","slug":"le-comportement-du-prophete","status":"publish","type":"product","link":"https:\/\/lamaktaba.fr\/index.php\/produit\/le-comportement-du-prophete","title":{"rendered":"Le comportement du Proph\u00e8te"},"content":{"rendered":"<p>Titre: Le comportement du Proph\u00e8te<br \/>Auteur: Cheikh Abd Al Muhsin Al Abbad<br \/>Edition: DAR AL MUSLIM<br \/>Support: Livre<br \/>Theme: La vie du prophete (sbdl) &#038; L&rsquo;histoire de L&rsquo;Islam<br \/>Description: Le Proph\u00e8te avait incontestablement le meilleur comportement parmi les hommes. Il r\u00e9unissait en lui autant de qualit\u00e9s louables et m\u00e9ritoires que celles r\u00e9parties chez les autres. Allah l&rsquo;a en effet immunis\u00e9 contre le moindre d\u00e9faut bl\u00e2mable. Il est un exemple pour sa loyaut\u00e9, sa sinc\u00e9rit\u00e9 et sa chastet\u00e9. Parmi les hommes il est celui qui jouissait de la raison la plus saine, du meilleur comportement.<\/p>\n","protected":false},"excerpt":{"rendered":"<p>Titre: Le comportement du Proph\u00e8teAuteur: Cheikh Abd Al Muhsin Al AbbadEdition: DAR AL MUSLIMSupport: LivreTheme: La vie du prophete (sbdl) &#038; L&rsquo;histoire de L&rsquo;IslamDescription: Le Proph\u00e8te avait incontestablement le meilleur comportement parmi les hommes. Il r\u00e9unissait en lui autant de qualit\u00e9s louables et m\u00e9ritoires que celles r\u00e9parties chez les autres. Allah l&rsquo;a en effet immunis\u00e9 [&hellip;]<\/p>\n","protected":false},"featured_media":5423,"comment_status":"open","ping_status":"closed","template":"","meta":[],"product_brand":[],"product_cat":[15],"product_tag":[],"class_list":{"0":"post-361","1":"product","2":"type-product","3":"status-publish","4":"has-post-thumbnail","6":"product_cat-non-classe","8":"first","9":"outofstock","10":"shipping-taxable","11":"purchasable","12":"product-type-simple"},"_links":{"self":[{"href":"https:\/\/lamaktaba.fr\/index.php\/wp-json\/wp\/v2\/product\/361","targetHints":{"allow":["GET"]}}],"collection":[{"href":"https:\/\/lamaktaba.fr\/index.php\/wp-json\/wp\/v2\/product"}],"about":[{"href":"https:\/\/lamaktaba.fr\/index.php\/wp-json\/wp\/v2\/types\/product"}],"replies":[{"embeddable":true,"href":"https:\/\/lamaktaba.fr\/index.php\/wp-json\/wp\/v2\/comments?post=361"}],"wp:featuredmedia":[{"embeddable":true,"href":"https:\/\/lamaktaba.fr\/index.php\/wp-json\/wp\/v2\/media\/5423"}],"wp:attachment":[{"href":"https:\/\/lamaktaba.fr\/index.php\/wp-json\/wp\/v2\/media?parent=361"}],"wp:term":[{"taxonomy":"product_brand","embeddable":true,"href":"https:\/\/lamaktaba.fr\/index.php\/wp-json\/wp\/v2\/product_brand?post=361"},{"taxonomy":"product_cat","embeddable":true,"href":"https:\/\/lamaktaba.fr\/index.php\/wp-json\/wp\/v2\/product_cat?post=361"},{"taxonomy":"product_tag","embeddable":true,"href":"https:\/\/lamaktaba.fr\/index.php\/wp-json\/wp\/v2\/product_tag?post=361"}],"curies":[{"name":"wp","href":"https:\/\/api.w.org\/{rel}","templated":true}]}}