{"id":36095,"date":"2021-03-09T21:44:31","date_gmt":"2021-03-09T20:44:31","guid":{"rendered":"https:\/\/lamaktaba.fr\/index.php\/produit\/le-guide-du-super-etudiant-de-lequipe-du-muslim-show-editions-bdouin\/"},"modified":"2025-04-01T12:44:36","modified_gmt":"2025-04-01T10:44:36","slug":"le-guide-du-super-etudiant-de-lequipe-du-muslim-show-editions-bdouin","status":"publish","type":"product","link":"https:\/\/lamaktaba.fr\/index.php\/produit\/le-guide-du-super-etudiant-de-lequipe-du-muslim-show-editions-bdouin","title":{"rendered":"Le Guide du Super Etudiant, de l&rsquo;\u00e9quipe du Muslim Show, \u00c9ditions BDouin"},"content":{"rendered":"<p>Le Guide du Super Etudiant;Le Guide du Super Etudiant, \u00c9crit et illustr\u00e9 par l&rsquo;\u00e9quipe du Muslim Show, \u00c9ditions BDouin;Un super \u00e9tudiant est un \u00e9l\u00e8ve qui a le meilleur des comportements dans l&rsquo;apprentissage et qui exploite le maximum de ses capacit\u00e9s tout en cherchant constamment \u00e0 s&rsquo;am\u00e9liorer. Voil\u00e0 qui est le super \u00e9tudiant.;Dans ce livre du BDouin, decouvrez;- L&rsquo;importance de la recherche de la science dans la vie d&rsquo;un musulman;- Les diff\u00e9rentes sortes de connaissances.;- La m\u00e9morisation du Coran et ses m\u00e9rites;- Les bienfaits de la patience et de l&rsquo;endurance dans l&rsquo;apprentissage;- Le bon comportement en classe;- La solidarit\u00e9;- Le respect des savants et du professeur;- Comment se pr\u00e9parer physiquement et mentalement;- Les dangers de l&rsquo;orgueil dans l&rsquo;acquisition du savoir;Et bien d&rsquo;autres th\u00e8mes b\u00e9n\u00e9fiques pour l&rsquo;\u00e9tudiant !<\/p>\n","protected":false},"excerpt":{"rendered":"<p>Le Guide du Super Etudiant;Le Guide du Super Etudiant, \u00c9crit et illustr\u00e9 par l&rsquo;\u00e9quipe du Muslim Show, \u00c9ditions BDouin;Un super \u00e9tudiant est un \u00e9l\u00e8ve qui a le meilleur des comportements dans l&rsquo;apprentissage et qui exploite le maximum de ses capacit\u00e9s tout en cherchant constamment \u00e0 s&rsquo;am\u00e9liorer. Voil\u00e0 qui est le super \u00e9tudiant.;Dans ce livre du BDouin, decouvrez;- L&rsquo;importance de la recherche de la science dans la vie d&rsquo;un musulman;- Les diff\u00e9rentes sortes de connaissances.;- La m\u00e9morisation du Coran et ses m\u00e9rites;- Les bienfaits de la patience et de l&rsquo;endurance dans l&rsquo;apprentissage;- Le bon comportement en classe;- La solidarit\u00e9;- Le respect des savants et du professeur;- Comment se pr\u00e9parer physiquement et mentalement;- Les dangers de l&rsquo;orgueil dans l&rsquo;acquisition du savoir;Et bien d&rsquo;autres th\u00e8mes b\u00e9n\u00e9fiques pour l&rsquo;\u00e9tudiant !<\/p>\n","protected":false},"featured_media":37625,"comment_status":"open","ping_status":"closed","template":"","meta":[],"product_brand":[],"product_cat":[15],"product_tag":[],"class_list":{"0":"post-36095","1":"product","2":"type-product","3":"status-publish","4":"has-post-thumbnail","6":"product_cat-non-classe","8":"first","9":"instock","10":"shipping-taxable","11":"purchasable","12":"product-type-simple"},"_links":{"self":[{"href":"https:\/\/lamaktaba.fr\/index.php\/wp-json\/wp\/v2\/product\/36095","targetHints":{"allow":["GET"]}}],"collection":[{"href":"https:\/\/lamaktaba.fr\/index.php\/wp-json\/wp\/v2\/product"}],"about":[{"href":"https:\/\/lamaktaba.fr\/index.php\/wp-json\/wp\/v2\/types\/product"}],"replies":[{"embeddable":true,"href":"https:\/\/lamaktaba.fr\/index.php\/wp-json\/wp\/v2\/comments?post=36095"}],"wp:featuredmedia":[{"embeddable":true,"href":"https:\/\/lamaktaba.fr\/index.php\/wp-json\/wp\/v2\/media\/37625"}],"wp:attachment":[{"href":"https:\/\/lamaktaba.fr\/index.php\/wp-json\/wp\/v2\/media?parent=36095"}],"wp:term":[{"taxonomy":"product_brand","embeddable":true,"href":"https:\/\/lamaktaba.fr\/index.php\/wp-json\/wp\/v2\/product_brand?post=36095"},{"taxonomy":"product_cat","embeddable":true,"href":"https:\/\/lamaktaba.fr\/index.php\/wp-json\/wp\/v2\/product_cat?post=36095"},{"taxonomy":"product_tag","embeddable":true,"href":"https:\/\/lamaktaba.fr\/index.php\/wp-json\/wp\/v2\/product_tag?post=36095"}],"curies":[{"name":"wp","href":"https:\/\/api.w.org\/{rel}","templated":true}]}}