{"id":36090,"date":"2021-03-09T21:44:31","date_gmt":"2021-03-09T20:44:31","guid":{"rendered":"https:\/\/lamaktaba.fr\/index.php\/produit\/la-medecine-des-coeurs-remedes-contre-les-maladies-de-lame-la-medecine-des-coeurs-ibn-qayyim-al-jawziyya\/"},"modified":"2025-04-01T12:47:20","modified_gmt":"2025-04-01T10:47:20","slug":"la-medecine-des-coeurs-remedes-contre-les-maladies-de-lame-la-medecine-des-coeurs-ibn-qayyim-al-jawziyya","status":"publish","type":"product","link":"https:\/\/lamaktaba.fr\/index.php\/produit\/la-medecine-des-coeurs-remedes-contre-les-maladies-de-lame-la-medecine-des-coeurs-ibn-qayyim-al-jawziyya","title":{"rendered":"La m\u00e9decine des c\u0153urs &#8211; Rem\u00e8des contre les maladies de l&rsquo;\u00e2me, de Ibn Qayyim al-Jawziyya"},"content":{"rendered":"<p>La m\u00e9decine des c\u0153urs &#8211; Rem\u00e8des contre les maladies de l&rsquo;\u00e2me, de Ibn Qayyim al-Jawziyya;Le pr\u00e9sent ouvrage est extrait du c\u00e9l\u00e8bre livre d\u2019Ibn Qayyim al-Jawziyya \u00ab Igh\u00e2that al-lahf\u00e2n f\u00ee mas\u00e2yid al-shayt\u00e2n \u00bb dont il constitue en fait l\u2019introduction. L\u2019objectif premier de ce livre est d\u2019exposer les pi\u00e8ges et inspirations de Satan pour \u00e9garer l\u2019homme du droit chemin et le corrompre.;Mais au pr\u00e9alable, notre auteur proc\u00e8de \u00e0 une analyse minutieuse des diff\u00e9rents \u00e9tats du c\u0153ur et de ses diverses conditions, dans une approche tant spirituelle que psychologique, puisqu\u2019elle d\u00e9cortique les \u00ab \u00e9tats d\u2019\u00e2me \u00bb de l\u2019Homme ainsi que la sant\u00e9 de son c\u0153ur et les maladies qui affectent ce dernier.;Le m\u00e9decin des c\u0153urs qu&rsquo; est Ibn Qayyim al-Jawziyya nous livre ici un diagnostic ainsi qu&rsquo;une prescription spirituelle tous deux puis\u00e9s du Coran, de la Sunna et de son exp\u00e9rience personnelle.;Marque ALHADITH Editions R\u00e9f\u00e9rence 9782875451262;Fiche technique AUTEUR: &#8211; Ibn Qayyim al-Jawziyya LANGUE: -.Fran\u00e7ais ANNEE: &#8211; 2017 SUPPORT: &#8211; Livre THEME: &#8211; Education et Purification de L&rsquo; \u00c2me \u00c9DITIONS: &#8211; Al-Had\u00eeth Condition: &#8211; Neuf Nombre de Pages: &#8211; 264 FORMAT (CM): 14.8 x 21 cm Poids (kg): &#8211; 0.312 kg EAN13: &#8211; 9782875451262 RELIURE: &#8211; Cartonn\u00e9e;R\u00e9f\u00e9rences sp\u00e9cifiques;Donnez votre avis;Aucun commentaire pour le moment<\/p>\n","protected":false},"excerpt":{"rendered":"<p>La m\u00e9decine des c\u0153urs &#8211; Rem\u00e8des contre les maladies de l&rsquo;\u00e2me, de Ibn Qayyim al-Jawziyya;Le pr\u00e9sent ouvrage est extrait du c\u00e9l\u00e8bre livre d\u2019Ibn Qayyim al-Jawziyya \u00ab Igh\u00e2that al-lahf\u00e2n f\u00ee mas\u00e2yid al-shayt\u00e2n \u00bb dont il constitue en fait l\u2019introduction. L\u2019objectif premier de ce livre est d\u2019exposer les pi\u00e8ges et inspirations de Satan pour \u00e9garer l\u2019homme du droit chemin et le corrompre.;Mais au pr\u00e9alable, notre auteur proc\u00e8de \u00e0 une analyse minutieuse des diff\u00e9rents \u00e9tats du c\u0153ur et de ses diverses conditions, dans une approche tant spirituelle que psychologique, puisqu\u2019elle d\u00e9cortique les \u00ab \u00e9tats d\u2019\u00e2me \u00bb de l\u2019Homme ainsi que la sant\u00e9 de son c\u0153ur et les maladies qui affectent ce dernier.;Le m\u00e9decin des c\u0153urs qu&rsquo; est Ibn Qayyim al-Jawziyya nous livre ici un diagnostic ainsi qu&rsquo;une prescription spirituelle tous deux puis\u00e9s du Coran, de la Sunna et de son exp\u00e9rience personnelle.;Marque ALHADITH Editions R\u00e9f\u00e9rence 9782875451262;Fiche technique AUTEUR: &#8211; Ibn Qayyim al-Jawziyya LANGUE: -.Fran\u00e7ais ANNEE: &#8211; 2017 SUPPORT: &#8211; Livre THEME: &#8211; Education et Purification de L&rsquo; \u00c2me \u00c9DITIONS: &#8211; Al-Had\u00eeth Condition: &#8211; Neuf Nombre de Pages: &#8211; 264 FORMAT (CM): 14.8 x 21 cm Poids (kg): &#8211; 0.312 kg EAN13: &#8211; 9782875451262 RELIURE: &#8211; Cartonn\u00e9e;R\u00e9f\u00e9rences sp\u00e9cifiques;Donnez votre avis;Aucun commentaire pour le moment<\/p>\n","protected":false},"featured_media":37886,"comment_status":"open","ping_status":"closed","template":"","meta":[],"product_brand":[],"product_cat":[15],"product_tag":[],"class_list":{"0":"post-36090","1":"product","2":"type-product","3":"status-publish","4":"has-post-thumbnail","6":"product_cat-non-classe","8":"first","9":"outofstock","10":"shipping-taxable","11":"purchasable","12":"product-type-simple"},"_links":{"self":[{"href":"https:\/\/lamaktaba.fr\/index.php\/wp-json\/wp\/v2\/product\/36090","targetHints":{"allow":["GET"]}}],"collection":[{"href":"https:\/\/lamaktaba.fr\/index.php\/wp-json\/wp\/v2\/product"}],"about":[{"href":"https:\/\/lamaktaba.fr\/index.php\/wp-json\/wp\/v2\/types\/product"}],"replies":[{"embeddable":true,"href":"https:\/\/lamaktaba.fr\/index.php\/wp-json\/wp\/v2\/comments?post=36090"}],"wp:featuredmedia":[{"embeddable":true,"href":"https:\/\/lamaktaba.fr\/index.php\/wp-json\/wp\/v2\/media\/37886"}],"wp:attachment":[{"href":"https:\/\/lamaktaba.fr\/index.php\/wp-json\/wp\/v2\/media?parent=36090"}],"wp:term":[{"taxonomy":"product_brand","embeddable":true,"href":"https:\/\/lamaktaba.fr\/index.php\/wp-json\/wp\/v2\/product_brand?post=36090"},{"taxonomy":"product_cat","embeddable":true,"href":"https:\/\/lamaktaba.fr\/index.php\/wp-json\/wp\/v2\/product_cat?post=36090"},{"taxonomy":"product_tag","embeddable":true,"href":"https:\/\/lamaktaba.fr\/index.php\/wp-json\/wp\/v2\/product_tag?post=36090"}],"curies":[{"name":"wp","href":"https:\/\/api.w.org\/{rel}","templated":true}]}}