{"id":36070,"date":"2021-09-03T21:44:00","date_gmt":"2021-09-03T19:44:00","guid":{"rendered":"https:\/\/lamaktaba.fr\/index.php\/produit\/dvd-lunite-des-musulmans-version-francaise-cheikh-al-uthaymine-cheikh-muhammad-ibn-salah-al-uthaymin-dvd-video\/"},"modified":"2025-04-01T12:47:20","modified_gmt":"2025-04-01T10:47:20","slug":"dvd-lunite-des-musulmans-version-francaise-cheikh-al-uthaymine-cheikh-muhammad-ibn-salah-al-uthaymin-dvd-video","status":"publish","type":"product","link":"https:\/\/lamaktaba.fr\/index.php\/produit\/dvd-lunite-des-musulmans-version-francaise-cheikh-al-uthaymine-cheikh-muhammad-ibn-salah-al-uthaymin-dvd-video","title":{"rendered":"L&rsquo;Unit\u00e9 des Musulmans"},"content":{"rendered":"<p>Titre: L&rsquo;Unit\u00e9 des Musulmans;Auteur: Cheikh Al-Uthaymin;Edition: ORIENTICA;Support: Dvd;Theme: Biblioth\u00e8que des \u00e9tudiants;Description: Cette conf\u00e9rence sur le th\u00e8me de l&rsquo;unit\u00e9 des musulmans, donn\u00e9e par cheikh Muhammad Ibn S\u00e2lah al-&lsquo;Uthaym\u00een au Centre islamique de la ville de Boston (USA), interpelle les musulmans vivant dans les pays occidentaux et r\u00e9pond \u00e0 plusieurs de leurs interrogations. Cheikh al-&lsquo;Uthaym\u00een discute \u00e9galement des moyens fondamentaux permettant d&rsquo;arriver \u00e0 l&rsquo;unit\u00e9 des musulmans et particuli\u00e8rement en pays non musulman o\u00f9 les dissensions et les querelles rendent cette unit\u00e9 plus fragile. La conf\u00e9rence est suivie d&rsquo;une s\u00e9rie de questions-r\u00e9ponses que se posent essentiellement les musulmans \u00e9tablis en Occident: est-il permis de s&rsquo;\u00e9tablir en pays non musulman? Est-il permis de consommer la chair des animaux abattus par des chr\u00e9tiens et des juifs? Peut-on je\u00fbner chacun avec le pays musulman de son choix? Est-il permis de faire une seconde assembl\u00e9e pour la pri\u00e8re dans une mosqu\u00e9e dans laquelle il existe un imam d\u00e9sign\u00e9? Peut-on prier dans une \u00e9glise? Peut-on \u00e9pouser une non-musulmane? Quelles sont les conditions que doit remplir un musulman pour s&rsquo;\u00e9tablir en Occident? Est-il permis de se marier avec l&rsquo;intention de divorcer pour \u00e9viter de succomber aux p\u00e9ch\u00e9s? Est-il permis de travailler dans des boutiques qui vendent des articles illicites? Ainsi que d&rsquo;autres sujets li\u00e9s au mariage, aux probl\u00e8mes de couples, au commencement du je\u00fbne du mois de ramadan, aux mutuelles de sant\u00e9\u2026 Autant de questions qui ne laissent pas indiff\u00e9rents les musulmans d&rsquo;Europe.<\/p>\n","protected":false},"excerpt":{"rendered":"<p>Titre: L&rsquo;Unit\u00e9 des Musulmans;Auteur: Cheikh Al-Uthaymin;Edition: ORIENTICA;Support: Dvd;Theme: Biblioth\u00e8que des \u00e9tudiants;Description: Cette conf\u00e9rence sur le th\u00e8me de l&rsquo;unit\u00e9 des musulmans, donn\u00e9e par cheikh Muhammad Ibn S\u00e2lah al-&lsquo;Uthaym\u00een au Centre islamique de la ville de Boston (USA), interpelle les musulmans vivant dans les pays occidentaux et r\u00e9pond \u00e0 plusieurs de leurs interrogations. Cheikh al-&lsquo;Uthaym\u00een discute \u00e9galement des moyens fondamentaux permettant d&rsquo;arriver \u00e0 l&rsquo;unit\u00e9 des musulmans et particuli\u00e8rement en pays non musulman o\u00f9 les dissensions et les querelles rendent cette unit\u00e9 plus fragile. La conf\u00e9rence est suivie d&rsquo;une s\u00e9rie de questions-r\u00e9ponses que se posent essentiellement les musulmans \u00e9tablis en Occident: est-il permis de s&rsquo;\u00e9tablir en pays non musulman? Est-il permis de consommer la chair des animaux abattus par des chr\u00e9tiens et des juifs? Peut-on je\u00fbner chacun avec le pays musulman de son choix? Est-il permis de faire une seconde assembl\u00e9e pour la pri\u00e8re dans une mosqu\u00e9e dans laquelle il existe un imam d\u00e9sign\u00e9? Peut-on prier dans une \u00e9glise? Peut-on \u00e9pouser une non-musulmane? Quelles sont les conditions que doit remplir un musulman pour s&rsquo;\u00e9tablir en Occident? Est-il permis de se marier avec l&rsquo;intention de divorcer pour \u00e9viter de succomber aux p\u00e9ch\u00e9s? Est-il permis de travailler dans des boutiques qui vendent des articles illicites? Ainsi que d&rsquo;autres sujets li\u00e9s au mariage, aux probl\u00e8mes de couples, au commencement du je\u00fbne du mois de ramadan, aux mutuelles de sant\u00e9\u2026 Autant de questions qui ne laissent pas indiff\u00e9rents les musulmans d&rsquo;Europe.<\/p>\n","protected":false},"featured_media":37779,"comment_status":"open","ping_status":"closed","template":"","meta":[],"product_brand":[],"product_cat":[15],"product_tag":[],"class_list":{"0":"post-36070","1":"product","2":"type-product","3":"status-publish","4":"has-post-thumbnail","6":"product_cat-non-classe","8":"first","9":"outofstock","10":"shipping-taxable","11":"purchasable","12":"product-type-simple"},"_links":{"self":[{"href":"https:\/\/lamaktaba.fr\/index.php\/wp-json\/wp\/v2\/product\/36070","targetHints":{"allow":["GET"]}}],"collection":[{"href":"https:\/\/lamaktaba.fr\/index.php\/wp-json\/wp\/v2\/product"}],"about":[{"href":"https:\/\/lamaktaba.fr\/index.php\/wp-json\/wp\/v2\/types\/product"}],"replies":[{"embeddable":true,"href":"https:\/\/lamaktaba.fr\/index.php\/wp-json\/wp\/v2\/comments?post=36070"}],"wp:featuredmedia":[{"embeddable":true,"href":"https:\/\/lamaktaba.fr\/index.php\/wp-json\/wp\/v2\/media\/37779"}],"wp:attachment":[{"href":"https:\/\/lamaktaba.fr\/index.php\/wp-json\/wp\/v2\/media?parent=36070"}],"wp:term":[{"taxonomy":"product_brand","embeddable":true,"href":"https:\/\/lamaktaba.fr\/index.php\/wp-json\/wp\/v2\/product_brand?post=36070"},{"taxonomy":"product_cat","embeddable":true,"href":"https:\/\/lamaktaba.fr\/index.php\/wp-json\/wp\/v2\/product_cat?post=36070"},{"taxonomy":"product_tag","embeddable":true,"href":"https:\/\/lamaktaba.fr\/index.php\/wp-json\/wp\/v2\/product_tag?post=36070"}],"curies":[{"name":"wp","href":"https:\/\/api.w.org\/{rel}","templated":true}]}}