{"id":36051,"date":"2021-09-03T21:44:00","date_gmt":"2021-09-03T19:44:00","guid":{"rendered":"https:\/\/lamaktaba.fr\/index.php\/produit\/jeu-de-societe-al-masjid-a-partir-de-7-ans-jeu-jouet\/"},"modified":"2025-04-01T12:43:45","modified_gmt":"2025-04-01T10:43:45","slug":"jeu-de-societe-al-masjid-a-partir-de-7-ans-jeu-jouet","status":"publish","type":"product","link":"https:\/\/lamaktaba.fr\/index.php\/produit\/jeu-de-societe-al-masjid-a-partir-de-7-ans-jeu-jouet","title":{"rendered":"Jeu de soci\u00e9t\u00e9 Al Masjid (A partir de 7 ans)"},"content":{"rendered":"<p>Jeu de soci\u00e9t\u00e9 Al Masjid (A partir de 7 ans);Contrairement aux autres jeux d\u2019affaires, ce jeu ne r\u00e9compense pas les joueurs pour l\u2019accumulation de richesses, mais plut\u00f4t pour l\u2019accumulation de bonnes actions.;Le gagnant de ce jeu est le premier joueur \u00e0 construire une mosqu\u00e9e, ce qui n\u00e9cessite de nombreux dons.;La victoire est c\u00e9l\u00e9br\u00e9e par tous lorsque le gagnant construit la mosqu\u00e9e dans son lieu.;Au milieu de toute cette bont\u00e9, les joueurs traversent les lieux mentionn\u00e9s implicitement et explicitement dans le Coran.;Ce jeu est un moyen agr\u00e9able pour les enfants et les adultes d\u2019apprendre l\u2019histoire des lieux mentionn\u00e9s;dans le Coran.;But du jeu;Le but du jeu est de construire une mosqu\u00e9e. Le premier joueur qui termine la construction de sa mosqu\u00e9e sur un de ses lieux gagne.;Contenu;Plateau de jeu;6 pions;6 Mosqu\u00e9es (6 D\u00d4MES, 6 SUPPORTS, 18 BRIQUES);15 cartes FOI;15 cartes DESTIN;24 ACTES;1 liasse de billets;2 d\u00e9s;1 r\u00e8gle du jeu;\u00c2ge:   7 ans;Nombre de joueurs: 2 &#8211; 6;Le jeu Al Masjid a \u00e9t\u00e9 \u00e9tudi\u00e9 par des \u00e9ducateurs et test\u00e9 en situation r\u00e9elle par des parents et leurs enfants.;Osratouna accompagne votre enfant dans ses apprentissages par le jeu.;Marque OSRATOUNA R\u00e9f\u00e9rence 3770012698003;Fiche technique LANGUE: -.Fran\u00e7ais SUPPORT: &#8211; Jouet THEME: &#8211; Jeu de Soci\u00e9t\u00e9, Loisirs FABRICATION: &#8211; Osratouna Condition: &#8211; Neuf FORMAT (CM): Boite: 25 x 27 x 4 cm Poids (kg): &#8211; 830 g EAN13: &#8211; 3770012698003;R\u00e9f\u00e9rences sp\u00e9cifiques;Donnez votre avis;Aucun commentaire pour le moment<\/p>\n","protected":false},"excerpt":{"rendered":"<p>Jeu de soci\u00e9t\u00e9 Al Masjid (A partir de 7 ans);Contrairement aux autres jeux d\u2019affaires, ce jeu ne r\u00e9compense pas les joueurs pour l\u2019accumulation de richesses, mais plut\u00f4t pour l\u2019accumulation de bonnes actions.;Le gagnant de ce jeu est le premier joueur \u00e0 construire une mosqu\u00e9e, ce qui n\u00e9cessite de nombreux dons.;La victoire est c\u00e9l\u00e9br\u00e9e par tous lorsque le gagnant construit la mosqu\u00e9e dans son lieu.;Au milieu de toute cette bont\u00e9, les joueurs traversent les lieux mentionn\u00e9s implicitement et explicitement dans le Coran.;Ce jeu est un moyen agr\u00e9able pour les enfants et les adultes d\u2019apprendre l\u2019histoire des lieux mentionn\u00e9s;dans le Coran.;But du jeu;Le but du jeu est de construire une mosqu\u00e9e. Le premier joueur qui termine la construction de sa mosqu\u00e9e sur un de ses lieux gagne.;Contenu;Plateau de jeu;6 pions;6 Mosqu\u00e9es (6 D\u00d4MES, 6 SUPPORTS, 18 BRIQUES);15 cartes FOI;15 cartes DESTIN;24 ACTES;1 liasse de billets;2 d\u00e9s;1 r\u00e8gle du jeu;\u00c2ge:   7 ans;Nombre de joueurs: 2 &#8211; 6;Le jeu Al Masjid a \u00e9t\u00e9 \u00e9tudi\u00e9 par des \u00e9ducateurs et test\u00e9 en situation r\u00e9elle par des parents et leurs enfants.;Osratouna accompagne votre enfant dans ses apprentissages par le jeu.;Marque OSRATOUNA R\u00e9f\u00e9rence 3770012698003;Fiche technique LANGUE: -.Fran\u00e7ais SUPPORT: &#8211; Jouet THEME: &#8211; Jeu de Soci\u00e9t\u00e9, Loisirs FABRICATION: &#8211; Osratouna Condition: &#8211; Neuf FORMAT (CM): Boite: 25 x 27 x 4 cm Poids (kg): &#8211; 830 g EAN13: &#8211; 3770012698003;R\u00e9f\u00e9rences sp\u00e9cifiques;Donnez votre avis;Aucun commentaire pour le moment<\/p>\n","protected":false},"featured_media":37867,"comment_status":"open","ping_status":"closed","template":"","meta":[],"product_brand":[],"product_cat":[1934],"product_tag":[],"class_list":{"0":"post-36051","1":"product","2":"type-product","3":"status-publish","4":"has-post-thumbnail","6":"product_cat-jeux-de-societe","8":"first","9":"instock","10":"shipping-taxable","11":"purchasable","12":"product-type-simple"},"_links":{"self":[{"href":"https:\/\/lamaktaba.fr\/index.php\/wp-json\/wp\/v2\/product\/36051","targetHints":{"allow":["GET"]}}],"collection":[{"href":"https:\/\/lamaktaba.fr\/index.php\/wp-json\/wp\/v2\/product"}],"about":[{"href":"https:\/\/lamaktaba.fr\/index.php\/wp-json\/wp\/v2\/types\/product"}],"replies":[{"embeddable":true,"href":"https:\/\/lamaktaba.fr\/index.php\/wp-json\/wp\/v2\/comments?post=36051"}],"wp:featuredmedia":[{"embeddable":true,"href":"https:\/\/lamaktaba.fr\/index.php\/wp-json\/wp\/v2\/media\/37867"}],"wp:attachment":[{"href":"https:\/\/lamaktaba.fr\/index.php\/wp-json\/wp\/v2\/media?parent=36051"}],"wp:term":[{"taxonomy":"product_brand","embeddable":true,"href":"https:\/\/lamaktaba.fr\/index.php\/wp-json\/wp\/v2\/product_brand?post=36051"},{"taxonomy":"product_cat","embeddable":true,"href":"https:\/\/lamaktaba.fr\/index.php\/wp-json\/wp\/v2\/product_cat?post=36051"},{"taxonomy":"product_tag","embeddable":true,"href":"https:\/\/lamaktaba.fr\/index.php\/wp-json\/wp\/v2\/product_tag?post=36051"}],"curies":[{"name":"wp","href":"https:\/\/api.w.org\/{rel}","templated":true}]}}