{"id":36048,"date":"2021-03-09T21:44:27","date_gmt":"2021-03-09T20:44:27","guid":{"rendered":"https:\/\/lamaktaba.fr\/index.php\/produit\/cest-quoi-le-hajj-irene-rekad-nicolas-julo\/"},"modified":"2025-04-01T12:47:20","modified_gmt":"2025-04-01T10:47:20","slug":"cest-quoi-le-hajj-irene-rekad-nicolas-julo","status":"publish","type":"product","link":"https:\/\/lamaktaba.fr\/index.php\/produit\/cest-quoi-le-hajj-irene-rekad-nicolas-julo","title":{"rendered":"C\u2019est quoi le Hajj? &#8211; Ir\u00e8ne REKAD &#8211; Nicolas JULO &#8211; Livre"},"content":{"rendered":"<p>Envie d&rsquo;expliquer \u00e0 vos chers petits ce qu&rsquo;est le rite du hajj? Cet ouvrage est fait pour vous ! Allez-y, entrez ! La classe de la ma\u00eetresse Salima vous est grande ouverte. Les enfants s&rsquo;y rendent avec plaisir et le sujet du jour concerne justement le p\u00e8lerinage.<\/p>\n","protected":false},"excerpt":{"rendered":"<p>Envie d&rsquo;expliquer \u00e0 vos chers petits ce qu&rsquo;est le rite du hajj? Cet ouvrage est fait pour vous ! Allez-y, entrez ! La classe de la ma\u00eetresse Salima vous est grande ouverte. Les enfants s&rsquo;y rendent avec plaisir et le sujet du jour concerne justement le p\u00e8lerinage.<\/p>\n","protected":false},"featured_media":38067,"comment_status":"open","ping_status":"closed","template":"","meta":[],"product_brand":[],"product_cat":[15],"product_tag":[],"class_list":{"0":"post-36048","1":"product","2":"type-product","3":"status-publish","4":"has-post-thumbnail","6":"product_cat-non-classe","8":"first","9":"outofstock","10":"shipping-taxable","11":"purchasable","12":"product-type-simple"},"_links":{"self":[{"href":"https:\/\/lamaktaba.fr\/index.php\/wp-json\/wp\/v2\/product\/36048","targetHints":{"allow":["GET"]}}],"collection":[{"href":"https:\/\/lamaktaba.fr\/index.php\/wp-json\/wp\/v2\/product"}],"about":[{"href":"https:\/\/lamaktaba.fr\/index.php\/wp-json\/wp\/v2\/types\/product"}],"replies":[{"embeddable":true,"href":"https:\/\/lamaktaba.fr\/index.php\/wp-json\/wp\/v2\/comments?post=36048"}],"wp:featuredmedia":[{"embeddable":true,"href":"https:\/\/lamaktaba.fr\/index.php\/wp-json\/wp\/v2\/media\/38067"}],"wp:attachment":[{"href":"https:\/\/lamaktaba.fr\/index.php\/wp-json\/wp\/v2\/media?parent=36048"}],"wp:term":[{"taxonomy":"product_brand","embeddable":true,"href":"https:\/\/lamaktaba.fr\/index.php\/wp-json\/wp\/v2\/product_brand?post=36048"},{"taxonomy":"product_cat","embeddable":true,"href":"https:\/\/lamaktaba.fr\/index.php\/wp-json\/wp\/v2\/product_cat?post=36048"},{"taxonomy":"product_tag","embeddable":true,"href":"https:\/\/lamaktaba.fr\/index.php\/wp-json\/wp\/v2\/product_tag?post=36048"}],"curies":[{"name":"wp","href":"https:\/\/api.w.org\/{rel}","templated":true}]}}