{"id":36033,"date":"2021-03-09T21:44:27","date_gmt":"2021-03-09T20:44:27","guid":{"rendered":"https:\/\/lamaktaba.fr\/index.php\/produit\/le-christianisme-origine-et-realite-dr-mohammed-ibn-abdallah-as-souhaym\/"},"modified":"2025-04-01T12:45:19","modified_gmt":"2025-04-01T10:45:19","slug":"le-christianisme-origine-et-realite-dr-mohammed-ibn-abdallah-as-souhaym","status":"publish","type":"product","link":"https:\/\/lamaktaba.fr\/index.php\/produit\/le-christianisme-origine-et-realite-dr-mohammed-ibn-abdallah-as-souhaym","title":{"rendered":"Pourquoi je me suis converti \u00e0 l&rsquo;Islam"},"content":{"rendered":"<p>Titre: Pourquoi je me suis converti \u00e0 l&rsquo;Islam;Auteur: Collectif;Edition: DAROUSSALAM;Support: Livre;Theme: Piliers de la FOI;Description: Pourquoi je me suis converti \u00e0 l&rsquo;islam est un ouvrage contenant des t\u00e9moignages de convertis \u00e0 l&rsquo;islam, leurs avis au sujet de l&rsquo;islam, leurs avis sur le Saint Coran, et le pourquoi de leurs conversions\u2026<\/p>\n","protected":false},"excerpt":{"rendered":"<p>Titre: Pourquoi je me suis converti \u00e0 l&rsquo;Islam;Auteur: Collectif;Edition: DAROUSSALAM;Support: Livre;Theme: Piliers de la FOI;Description: Pourquoi je me suis converti \u00e0 l&rsquo;islam est un ouvrage contenant des t\u00e9moignages de convertis \u00e0 l&rsquo;islam, leurs avis au sujet de l&rsquo;islam, leurs avis sur le Saint Coran, et le pourquoi de leurs conversions\u2026<\/p>\n","protected":false},"featured_media":37776,"comment_status":"open","ping_status":"closed","template":"","meta":[],"product_brand":[],"product_cat":[15],"product_tag":[],"class_list":{"0":"post-36033","1":"product","2":"type-product","3":"status-publish","4":"has-post-thumbnail","6":"product_cat-non-classe","8":"first","9":"instock","10":"shipping-taxable","11":"purchasable","12":"product-type-simple"},"_links":{"self":[{"href":"https:\/\/lamaktaba.fr\/index.php\/wp-json\/wp\/v2\/product\/36033","targetHints":{"allow":["GET"]}}],"collection":[{"href":"https:\/\/lamaktaba.fr\/index.php\/wp-json\/wp\/v2\/product"}],"about":[{"href":"https:\/\/lamaktaba.fr\/index.php\/wp-json\/wp\/v2\/types\/product"}],"replies":[{"embeddable":true,"href":"https:\/\/lamaktaba.fr\/index.php\/wp-json\/wp\/v2\/comments?post=36033"}],"wp:featuredmedia":[{"embeddable":true,"href":"https:\/\/lamaktaba.fr\/index.php\/wp-json\/wp\/v2\/media\/37776"}],"wp:attachment":[{"href":"https:\/\/lamaktaba.fr\/index.php\/wp-json\/wp\/v2\/media?parent=36033"}],"wp:term":[{"taxonomy":"product_brand","embeddable":true,"href":"https:\/\/lamaktaba.fr\/index.php\/wp-json\/wp\/v2\/product_brand?post=36033"},{"taxonomy":"product_cat","embeddable":true,"href":"https:\/\/lamaktaba.fr\/index.php\/wp-json\/wp\/v2\/product_cat?post=36033"},{"taxonomy":"product_tag","embeddable":true,"href":"https:\/\/lamaktaba.fr\/index.php\/wp-json\/wp\/v2\/product_tag?post=36033"}],"curies":[{"name":"wp","href":"https:\/\/api.w.org\/{rel}","templated":true}]}}