{"id":36018,"date":"2021-03-09T21:44:25","date_gmt":"2021-03-09T20:44:25","guid":{"rendered":"https:\/\/lamaktaba.fr\/index.php\/produit\/etre-devoue-a-dieu-format-de-poche-harun-yahya\/"},"modified":"2025-04-01T12:47:20","modified_gmt":"2025-04-01T10:47:20","slug":"etre-devoue-a-dieu-format-de-poche-harun-yahya","status":"publish","type":"product","link":"https:\/\/lamaktaba.fr\/index.php\/produit\/etre-devoue-a-dieu-format-de-poche-harun-yahya","title":{"rendered":"\u00catre Devoue \u00e0 Dieu d&rsquo;apr\u00e8s Harun Yahya"},"content":{"rendered":"<p>Musulman est \u00e0 vrai dire le nom que Dieu donne \u00e0 ceux qui adh\u00e8rent \u00e0 Sa religion. L&rsquo;attribut fondamental, \u00e9nonc\u00e9 dans le Coran, qui distingue les musulmans des autres personnes est leur conscience de la puissance infinie de Dieu.;Appr\u00e9hender la puissance de Dieu n&rsquo;est pas seulement une question de confirmation verbale. Les croyants sont ceux qui reconnaissent l&rsquo;existence de Dieu et Sa grandeur, qui sont \u00a0\u00bb fermes dans leurs devoirs \u00a0\u00bb envers Lui et qui r\u00e9orientent tous leurs actes et leur conduite \u00e0 la lumi\u00e8re de cette r\u00e9alit\u00e9 qui leur est devenue apparente.;Ce livre fournit une image explicite d&rsquo;un croyant d\u00e9vou\u00e9 \u00e0 Dieu comme d\u00e9crit dans le Coran. On doit rappeler que le Paradis est le s\u00e9jour de ceux qui \u00ab\u00a0croient avec certitude\u00a0\u00bb en Dieu et en l&rsquo;Au-del\u00e0 et qui \u00ab\u00a0font des efforts\u00a0\u00bb dans la voie de Dieu. La fin de ceux qui \u00ab\u00a0adorent Dieu marginalement\u00a0\u00bb et placent leurs int\u00e9r\u00eats futiles sur le m\u00eame plan que l&rsquo;agr\u00e9ment de Dieu est d\u00e9crite ainsi dans le Coran;Il en est parmi les gens qui adorent Dieu marginalement. S&rsquo;il leur arrive un bien, ils s&rsquo;en tranquillisent, et s&rsquo;il leur arrive une \u00e9preuve, ils d\u00e9tournent leur visage, perdant ainsi (le bien) de l&rsquo;ici-bas et de l&rsquo;Au-del\u00e0. Telle est la perte \u00e9vidente! (Sourate 22, al-Hajj: 11)<\/p>\n","protected":false},"excerpt":{"rendered":"<p>Musulman est \u00e0 vrai dire le nom que Dieu donne \u00e0 ceux qui adh\u00e8rent \u00e0 Sa religion. L&rsquo;attribut fondamental, \u00e9nonc\u00e9 dans le Coran, qui distingue les musulmans des autres personnes est leur conscience de la puissance infinie de Dieu.;Appr\u00e9hender la puissance de Dieu n&rsquo;est pas seulement une question de confirmation verbale. Les croyants sont ceux qui reconnaissent l&rsquo;existence de Dieu et Sa grandeur, qui sont \u00a0\u00bb fermes dans leurs devoirs \u00a0\u00bb envers Lui et qui r\u00e9orientent tous leurs actes et leur conduite \u00e0 la lumi\u00e8re de cette r\u00e9alit\u00e9 qui leur est devenue apparente.;Ce livre fournit une image explicite d&rsquo;un croyant d\u00e9vou\u00e9 \u00e0 Dieu comme d\u00e9crit dans le Coran. On doit rappeler que le Paradis est le s\u00e9jour de ceux qui \u00ab\u00a0croient avec certitude\u00a0\u00bb en Dieu et en l&rsquo;Au-del\u00e0 et qui \u00ab\u00a0font des efforts\u00a0\u00bb dans la voie de Dieu. La fin de ceux qui \u00ab\u00a0adorent Dieu marginalement\u00a0\u00bb et placent leurs int\u00e9r\u00eats futiles sur le m\u00eame plan que l&rsquo;agr\u00e9ment de Dieu est d\u00e9crite ainsi dans le Coran;Il en est parmi les gens qui adorent Dieu marginalement. S&rsquo;il leur arrive un bien, ils s&rsquo;en tranquillisent, et s&rsquo;il leur arrive une \u00e9preuve, ils d\u00e9tournent leur visage, perdant ainsi (le bien) de l&rsquo;ici-bas et de l&rsquo;Au-del\u00e0. Telle est la perte \u00e9vidente! (Sourate 22, al-Hajj: 11)<\/p>\n","protected":false},"featured_media":37716,"comment_status":"open","ping_status":"closed","template":"","meta":[],"product_brand":[],"product_cat":[15],"product_tag":[],"class_list":{"0":"post-36018","1":"product","2":"type-product","3":"status-publish","4":"has-post-thumbnail","6":"product_cat-non-classe","8":"first","9":"outofstock","10":"shipping-taxable","11":"purchasable","12":"product-type-simple"},"_links":{"self":[{"href":"https:\/\/lamaktaba.fr\/index.php\/wp-json\/wp\/v2\/product\/36018","targetHints":{"allow":["GET"]}}],"collection":[{"href":"https:\/\/lamaktaba.fr\/index.php\/wp-json\/wp\/v2\/product"}],"about":[{"href":"https:\/\/lamaktaba.fr\/index.php\/wp-json\/wp\/v2\/types\/product"}],"replies":[{"embeddable":true,"href":"https:\/\/lamaktaba.fr\/index.php\/wp-json\/wp\/v2\/comments?post=36018"}],"wp:featuredmedia":[{"embeddable":true,"href":"https:\/\/lamaktaba.fr\/index.php\/wp-json\/wp\/v2\/media\/37716"}],"wp:attachment":[{"href":"https:\/\/lamaktaba.fr\/index.php\/wp-json\/wp\/v2\/media?parent=36018"}],"wp:term":[{"taxonomy":"product_brand","embeddable":true,"href":"https:\/\/lamaktaba.fr\/index.php\/wp-json\/wp\/v2\/product_brand?post=36018"},{"taxonomy":"product_cat","embeddable":true,"href":"https:\/\/lamaktaba.fr\/index.php\/wp-json\/wp\/v2\/product_cat?post=36018"},{"taxonomy":"product_tag","embeddable":true,"href":"https:\/\/lamaktaba.fr\/index.php\/wp-json\/wp\/v2\/product_tag?post=36018"}],"curies":[{"name":"wp","href":"https:\/\/api.w.org\/{rel}","templated":true}]}}