{"id":36016,"date":"2021-09-03T21:44:00","date_gmt":"2021-09-03T19:44:00","guid":{"rendered":"https:\/\/lamaktaba.fr\/index.php\/produit\/la-fraternite-humaine-en-islam-dapres-moncef-zenati\/"},"modified":"2025-04-01T12:45:07","modified_gmt":"2025-04-01T10:45:07","slug":"la-fraternite-humaine-en-islam-dapres-moncef-zenati","status":"publish","type":"product","link":"https:\/\/lamaktaba.fr\/index.php\/produit\/la-fraternite-humaine-en-islam-dapres-moncef-zenati","title":{"rendered":"La fraternit\u00e9 humaine en Islam d\u2019apr\u00e8s Moncef Zenati"},"content":{"rendered":"<p>La fraternit\u00e9 humaine en Islam d\u2019apr\u00e8s Moncef;L\u2019islam est une religion humaniste et universelle qui s\u2019adresse au genre humain dans son ensemble et dans sa diversit\u00e9. Dans cet ultime message \u00e0 l\u2019humanit\u00e9 Dieu fixe le lien qui unit tous les \u00eatres humains nonobstant leurs diff\u00e9rences.;Il dit notamment: \u00ab \u00d4 hommes ! Nous vous avons cr\u00e9\u00e9s d\u2019un m\u00e2le et d\u2019une femelle, et Nous avons fait de vous des peuples et des tribus, pour que vous vous entre connaissiez \u00bb (Coran: 49, 13) \u00e9tablissant ainsi clairement le principe de la fraternit\u00e9 humaine en faisant abstraction de tous les facteurs qui diff\u00e9rencient les hommes, qu\u2019ils soient d\u2019ordre racial, national ou social puisque leur origine est commune. Les hommes sont tous des fr\u00e8res. L\u2019humanit\u00e9 est une seule famille.;Le pr\u00e9sent ouvrage met en \u00e9vidence le principe de la fraternit\u00e9 humaine en islam et ses fondements \u00e0 partir des textes de r\u00e9f\u00e9rences (le Coran et la Sunna). Il \u00e9tablit que la fraternit\u00e9 humaine en islam, et met en exergue la pratique de ce principe \u00e0 travers l\u2019histoire de la civilisation humaine. L\u2019auteur aspire \u00e0 porter un certain public occidental \u00e0 abandonner ses pr\u00e9jug\u00e9s et \u00e0 certaines conceptions erron\u00e9es r\u00e9pandues parmi certains musulmans.;Cet ouvrage est r\u00e9parti en plusieurs parties que voici;Islam: un message universel;La fraternit\u00e9 humaine: le principe;Les fondements de la fraternit\u00e9 humaine;La fraternit\u00e9 humaine: de la th\u00e9orie \u00e0 la pratique;Comparaisons;Des textes mal compris;Le mot de la fin;Marque -MAISON D&rsquo;ENNOUR Editions R\u00e9f\u00e9rence 9782752401434;Fiche technique AUTEUR: &#8211; Moncef Zenati ANNEE: &#8211; 2008 SUPPORT: &#8211; Livre THEME: &#8211; Education et Purification de L&rsquo; \u00c2me \u00c9DITIONS: &#8211; ENNOUR Condition: &#8211; Neuf FORMAT (CM): 11 x 18 EAN13: &#8211; 9782752401434 RELIURE: &#8211; Souple Volume (ml): &#8211; 0.11;R\u00e9f\u00e9rences sp\u00e9cifiques;Donnez votre avis;Aucun commentaire pour le moment<\/p>\n","protected":false},"excerpt":{"rendered":"<p>La fraternit\u00e9 humaine en Islam d\u2019apr\u00e8s Moncef;L\u2019islam est une religion humaniste et universelle qui s\u2019adresse au genre humain dans son ensemble et dans sa diversit\u00e9. Dans cet ultime message \u00e0 l\u2019humanit\u00e9 Dieu fixe le lien qui unit tous les \u00eatres humains nonobstant leurs diff\u00e9rences.;Il dit notamment: \u00ab \u00d4 hommes ! Nous vous avons cr\u00e9\u00e9s d\u2019un m\u00e2le et d\u2019une femelle, et Nous avons fait de vous des peuples et des tribus, pour que vous vous entre connaissiez \u00bb (Coran: 49, 13) \u00e9tablissant ainsi clairement le principe de la fraternit\u00e9 humaine en faisant abstraction de tous les facteurs qui diff\u00e9rencient les hommes, qu\u2019ils soient d\u2019ordre racial, national ou social puisque leur origine est commune. Les hommes sont tous des fr\u00e8res. L\u2019humanit\u00e9 est une seule famille.;Le pr\u00e9sent ouvrage met en \u00e9vidence le principe de la fraternit\u00e9 humaine en islam et ses fondements \u00e0 partir des textes de r\u00e9f\u00e9rences (le Coran et la Sunna). Il \u00e9tablit que la fraternit\u00e9 humaine en islam, et met en exergue la pratique de ce principe \u00e0 travers l\u2019histoire de la civilisation humaine. L\u2019auteur aspire \u00e0 porter un certain public occidental \u00e0 abandonner ses pr\u00e9jug\u00e9s et \u00e0 certaines conceptions erron\u00e9es r\u00e9pandues parmi certains musulmans.;Cet ouvrage est r\u00e9parti en plusieurs parties que voici;Islam: un message universel;La fraternit\u00e9 humaine: le principe;Les fondements de la fraternit\u00e9 humaine;La fraternit\u00e9 humaine: de la th\u00e9orie \u00e0 la pratique;Comparaisons;Des textes mal compris;Le mot de la fin;Marque -MAISON D&rsquo;ENNOUR Editions R\u00e9f\u00e9rence 9782752401434;Fiche technique AUTEUR: &#8211; Moncef Zenati ANNEE: &#8211; 2008 SUPPORT: &#8211; Livre THEME: &#8211; Education et Purification de L&rsquo; \u00c2me \u00c9DITIONS: &#8211; ENNOUR Condition: &#8211; Neuf FORMAT (CM): 11 x 18 EAN13: &#8211; 9782752401434 RELIURE: &#8211; Souple Volume (ml): &#8211; 0.11;R\u00e9f\u00e9rences sp\u00e9cifiques;Donnez votre avis;Aucun commentaire pour le moment<\/p>\n","protected":false},"featured_media":36017,"comment_status":"open","ping_status":"closed","template":"","meta":[],"product_brand":[],"product_cat":[1919,1938,1941,1898],"product_tag":[],"class_list":{"0":"post-36016","1":"product","2":"type-product","3":"status-publish","4":"has-post-thumbnail","6":"product_cat-comprendre-lislam","7":"product_cat-dawa-predication","8":"product_cat-islam-aujourdhui","9":"product_cat-pratique-religieuse","11":"first","12":"instock","13":"shipping-taxable","14":"purchasable","15":"product-type-simple"},"_links":{"self":[{"href":"https:\/\/lamaktaba.fr\/index.php\/wp-json\/wp\/v2\/product\/36016","targetHints":{"allow":["GET"]}}],"collection":[{"href":"https:\/\/lamaktaba.fr\/index.php\/wp-json\/wp\/v2\/product"}],"about":[{"href":"https:\/\/lamaktaba.fr\/index.php\/wp-json\/wp\/v2\/types\/product"}],"replies":[{"embeddable":true,"href":"https:\/\/lamaktaba.fr\/index.php\/wp-json\/wp\/v2\/comments?post=36016"}],"wp:featuredmedia":[{"embeddable":true,"href":"https:\/\/lamaktaba.fr\/index.php\/wp-json\/wp\/v2\/media\/36017"}],"wp:attachment":[{"href":"https:\/\/lamaktaba.fr\/index.php\/wp-json\/wp\/v2\/media?parent=36016"}],"wp:term":[{"taxonomy":"product_brand","embeddable":true,"href":"https:\/\/lamaktaba.fr\/index.php\/wp-json\/wp\/v2\/product_brand?post=36016"},{"taxonomy":"product_cat","embeddable":true,"href":"https:\/\/lamaktaba.fr\/index.php\/wp-json\/wp\/v2\/product_cat?post=36016"},{"taxonomy":"product_tag","embeddable":true,"href":"https:\/\/lamaktaba.fr\/index.php\/wp-json\/wp\/v2\/product_tag?post=36016"}],"curies":[{"name":"wp","href":"https:\/\/api.w.org\/{rel}","templated":true}]}}