{"id":36000,"date":"2021-09-03T21:44:00","date_gmt":"2021-09-03T19:44:00","guid":{"rendered":"https:\/\/lamaktaba.fr\/index.php\/produit\/larabe-langue-vivante-nouvelle-methode-de-la-grammaire-arabe-niveau-elementaire-tome-1-belgacem-megrini\/"},"modified":"2025-04-01T12:47:19","modified_gmt":"2025-04-01T10:47:19","slug":"larabe-langue-vivante-nouvelle-methode-de-la-grammaire-arabe-niveau-elementaire-tome-1-belgacem-megrini","status":"publish","type":"product","link":"https:\/\/lamaktaba.fr\/index.php\/produit\/larabe-langue-vivante-nouvelle-methode-de-la-grammaire-arabe-niveau-elementaire-tome-1-belgacem-megrini","title":{"rendered":"L&rsquo; Arabe Langue Vivante &#8211; T1 &#8211; Clefs de Lecture &#8211; M\u00e9thode Belgacem MEGRINI"},"content":{"rendered":"<p>Dans ce premier tome,\u00a0\u00bbClefs de lecture\u00a0\u00bb;l&rsquo;auteur propose une approche consistant \u00e0;Indiquer le mode\/point d&rsquo;articulation de chaque son (lettre) de l&rsquo;alphabet arabe;Reconna\u00eetre les lettres de l&rsquo;alphabet arabe dans leurs diff\u00e9rentes formes et d\u00e9placement au d\u00e9but,au milieu et \u00e0 la fin des mots;Pr\u00e9senter le mot sous sa forme graphique scripte accompagn\u00e9e d&rsquo;une transcription phon\u00e9tique,pour faciliter la lecture,et de son \u00e9quivalent fran\u00e7ais qui ne demeure pas le seul.;Les le\u00e7ons sont pour la plupart accompagn\u00e9es d&rsquo;exercices d&rsquo;application dont le corrig\u00e9 se trouve \u00e0 la fin du livre.;Marque -MAISON D&rsquo;ENNOUR Editions R\u00e9f\u00e9rence 9782752402127;Fiche technique AUTEUR: &#8211; Belgacem MEGRINI LANGUE: -.Fran\u00e7ais   Arabe ANNEE: &#8211; 2013 SUPPORT: &#8211; Livre THEME: &#8211; La Langue Arabe \u00c9DITIONS: &#8211; ENNOUR Condition: &#8211; Neuf Nombre de Pages: &#8211; 222 Poids (kg): &#8211; 0,307 EAN13: &#8211; 9782752402127 RELIURE: &#8211; Souple;R\u00e9f\u00e9rences sp\u00e9cifiques;Donnez votre avis;Aucun commentaire pour le moment<\/p>\n","protected":false},"excerpt":{"rendered":"<p>Dans ce premier tome,\u00a0\u00bbClefs de lecture\u00a0\u00bb;l&rsquo;auteur propose une approche consistant \u00e0;Indiquer le mode\/point d&rsquo;articulation de chaque son (lettre) de l&rsquo;alphabet arabe;Reconna\u00eetre les lettres de l&rsquo;alphabet arabe dans leurs diff\u00e9rentes formes et d\u00e9placement au d\u00e9but,au milieu et \u00e0 la fin des mots;Pr\u00e9senter le mot sous sa forme graphique scripte accompagn\u00e9e d&rsquo;une transcription phon\u00e9tique,pour faciliter la lecture,et de son \u00e9quivalent fran\u00e7ais qui ne demeure pas le seul.;Les le\u00e7ons sont pour la plupart accompagn\u00e9es d&rsquo;exercices d&rsquo;application dont le corrig\u00e9 se trouve \u00e0 la fin du livre.;Marque -MAISON D&rsquo;ENNOUR Editions R\u00e9f\u00e9rence 9782752402127;Fiche technique AUTEUR: &#8211; Belgacem MEGRINI LANGUE: -.Fran\u00e7ais   Arabe ANNEE: &#8211; 2013 SUPPORT: &#8211; Livre THEME: &#8211; La Langue Arabe \u00c9DITIONS: &#8211; ENNOUR Condition: &#8211; Neuf Nombre de Pages: &#8211; 222 Poids (kg): &#8211; 0,307 EAN13: &#8211; 9782752402127 RELIURE: &#8211; Souple;R\u00e9f\u00e9rences sp\u00e9cifiques;Donnez votre avis;Aucun commentaire pour le moment<\/p>\n","protected":false},"featured_media":37724,"comment_status":"open","ping_status":"closed","template":"","meta":[],"product_brand":[],"product_cat":[15],"product_tag":[],"class_list":{"0":"post-36000","1":"product","2":"type-product","3":"status-publish","4":"has-post-thumbnail","6":"product_cat-non-classe","8":"first","9":"outofstock","10":"shipping-taxable","11":"purchasable","12":"product-type-simple"},"_links":{"self":[{"href":"https:\/\/lamaktaba.fr\/index.php\/wp-json\/wp\/v2\/product\/36000","targetHints":{"allow":["GET"]}}],"collection":[{"href":"https:\/\/lamaktaba.fr\/index.php\/wp-json\/wp\/v2\/product"}],"about":[{"href":"https:\/\/lamaktaba.fr\/index.php\/wp-json\/wp\/v2\/types\/product"}],"replies":[{"embeddable":true,"href":"https:\/\/lamaktaba.fr\/index.php\/wp-json\/wp\/v2\/comments?post=36000"}],"wp:featuredmedia":[{"embeddable":true,"href":"https:\/\/lamaktaba.fr\/index.php\/wp-json\/wp\/v2\/media\/37724"}],"wp:attachment":[{"href":"https:\/\/lamaktaba.fr\/index.php\/wp-json\/wp\/v2\/media?parent=36000"}],"wp:term":[{"taxonomy":"product_brand","embeddable":true,"href":"https:\/\/lamaktaba.fr\/index.php\/wp-json\/wp\/v2\/product_brand?post=36000"},{"taxonomy":"product_cat","embeddable":true,"href":"https:\/\/lamaktaba.fr\/index.php\/wp-json\/wp\/v2\/product_cat?post=36000"},{"taxonomy":"product_tag","embeddable":true,"href":"https:\/\/lamaktaba.fr\/index.php\/wp-json\/wp\/v2\/product_tag?post=36000"}],"curies":[{"name":"wp","href":"https:\/\/api.w.org\/{rel}","templated":true}]}}