{"id":360,"date":"2020-03-02T10:00:00","date_gmt":"2020-03-02T09:00:00","guid":{"rendered":"https:\/\/lamaktaba.fr\/index.php\/produit\/lettre-a-tous-les-musulmans\/"},"modified":"2025-04-01T12:45:43","modified_gmt":"2025-04-01T10:45:43","slug":"lettre-a-tous-les-musulmans","status":"publish","type":"product","link":"https:\/\/lamaktaba.fr\/index.php\/produit\/lettre-a-tous-les-musulmans","title":{"rendered":"Lettre \u00e0 tous les musulmans"},"content":{"rendered":"<p>Titre: Lettre \u00e0 tous les musulmans<br \/>Auteur: Ibn Qayyim Al Jawziyya<br \/>Edition: DAR AL MUSLIM<br \/>Support: Livre<br \/>Theme: Education et Purification de L&rsquo;\u00e2me<br \/>Description: Malgr\u00e9 sa petite taille, le livre que vous tenez entre les mains est d&rsquo;une grande valeur. Il est l&rsquo;expression d&rsquo;une lettre envoy\u00e9e par le grand savant Ibn Al Qayyim \u00e0 un de ses fr\u00e8res en religion. Soucieux d&rsquo;\u00eatre utile \u00e0 ses fr\u00e8res, aimant pour eux ce qu&rsquo;il aime pour lui-m\u00eame, il donne des conseils sinc\u00e8res et de sages recommandations \u00e0 qui souhaiterait go\u00fbter au bonheur dans ce bas monde et dans l&rsquo;autre. Et vu la port\u00e9e universelle de ses enseignements, il reste d&rsquo;actualit\u00e9 apr\u00e8s plus de 500 ans.<\/p>\n","protected":false},"excerpt":{"rendered":"<p>Titre: Lettre \u00e0 tous les musulmansAuteur: Ibn Qayyim Al JawziyyaEdition: DAR AL MUSLIMSupport: LivreTheme: Education et Purification de L&rsquo;\u00e2meDescription: Malgr\u00e9 sa petite taille, le livre que vous tenez entre les mains est d&rsquo;une grande valeur. Il est l&rsquo;expression d&rsquo;une lettre envoy\u00e9e par le grand savant Ibn Al Qayyim \u00e0 un de ses fr\u00e8res en religion. [&hellip;]<\/p>\n","protected":false},"featured_media":5422,"comment_status":"open","ping_status":"closed","template":"","meta":[],"product_brand":[],"product_cat":[15],"product_tag":[],"class_list":{"0":"post-360","1":"product","2":"type-product","3":"status-publish","4":"has-post-thumbnail","6":"product_cat-non-classe","8":"first","9":"outofstock","10":"shipping-taxable","11":"purchasable","12":"product-type-simple"},"_links":{"self":[{"href":"https:\/\/lamaktaba.fr\/index.php\/wp-json\/wp\/v2\/product\/360","targetHints":{"allow":["GET"]}}],"collection":[{"href":"https:\/\/lamaktaba.fr\/index.php\/wp-json\/wp\/v2\/product"}],"about":[{"href":"https:\/\/lamaktaba.fr\/index.php\/wp-json\/wp\/v2\/types\/product"}],"replies":[{"embeddable":true,"href":"https:\/\/lamaktaba.fr\/index.php\/wp-json\/wp\/v2\/comments?post=360"}],"wp:featuredmedia":[{"embeddable":true,"href":"https:\/\/lamaktaba.fr\/index.php\/wp-json\/wp\/v2\/media\/5422"}],"wp:attachment":[{"href":"https:\/\/lamaktaba.fr\/index.php\/wp-json\/wp\/v2\/media?parent=360"}],"wp:term":[{"taxonomy":"product_brand","embeddable":true,"href":"https:\/\/lamaktaba.fr\/index.php\/wp-json\/wp\/v2\/product_brand?post=360"},{"taxonomy":"product_cat","embeddable":true,"href":"https:\/\/lamaktaba.fr\/index.php\/wp-json\/wp\/v2\/product_cat?post=360"},{"taxonomy":"product_tag","embeddable":true,"href":"https:\/\/lamaktaba.fr\/index.php\/wp-json\/wp\/v2\/product_tag?post=360"}],"curies":[{"name":"wp","href":"https:\/\/api.w.org\/{rel}","templated":true}]}}