{"id":35995,"date":"2021-03-09T21:44:23","date_gmt":"2021-03-09T20:44:23","guid":{"rendered":"https:\/\/lamaktaba.fr\/index.php\/produit\/jeu-prieres-et-invocations-36-carte-jeu-jouet\/"},"modified":"2025-04-01T12:43:53","modified_gmt":"2025-04-01T10:43:53","slug":"jeu-prieres-et-invocations-36-carte-jeu-jouet","status":"publish","type":"product","link":"https:\/\/lamaktaba.fr\/index.php\/produit\/jeu-prieres-et-invocations-36-carte-jeu-jouet","title":{"rendered":"Pri\u00e8res et Invocations: Jeu de 36 Cartes (Fran\u00e7ais- Arabe)"},"content":{"rendered":"<p>Jeu \u00ab\u00a0Pri\u00e8res et Invocations\u00a0\u00bb: 36 Cartes &#8211; \u0627\u0644\u0623\u062f\u0639\u064a\u0629 \u0648 \u0627\u0644\u0623\u0630\u0643\u0627\u0631;Le jeu \u00ab\u00a0Pri\u00e8res et Invocations\u00a0\u00bb est un jeu de 36 cartes pour un apprentissage moyen ou facile de la langue arabe, plus sp\u00e9cifiquement les invocations et les pri\u00e8res;- Des textes et des phrases simples accompagn\u00e9s des signes diacritiques.;- Apprendre les invocations du matin, et du soir.;- Des images attractives et montage \u00e9l\u00e9gant qui conviennent au go\u00fbt de l&rsquo;enfant.;- Des cartes en langue arabe et en langue fran\u00e7aise, avec la m\u00e9thode de prononciation.;- Un petit livre d\u00e9di\u00e9 sp\u00e9cialement pour les activit\u00e9s qui appuient le processus d&rsquo;apprentissage.;- Une carte sp\u00e9cifique pour \u00e9valuer l&rsquo;engagement de l&rsquo;enfant \u00e0 r\u00e9p\u00e9ter les invocations qu&rsquo;il a acquises.;- Application Gratuite \u00e0 l&rsquo;interieur<\/p>\n","protected":false},"excerpt":{"rendered":"<p>Jeu \u00ab\u00a0Pri\u00e8res et Invocations\u00a0\u00bb: 36 Cartes &#8211; \u0627\u0644\u0623\u062f\u0639\u064a\u0629 \u0648 \u0627\u0644\u0623\u0630\u0643\u0627\u0631;Le jeu \u00ab\u00a0Pri\u00e8res et Invocations\u00a0\u00bb est un jeu de 36 cartes pour un apprentissage moyen ou facile de la langue arabe, plus sp\u00e9cifiquement les invocations et les pri\u00e8res;- Des textes et des phrases simples accompagn\u00e9s des signes diacritiques.;- Apprendre les invocations du matin, et du soir.;- Des images attractives et montage \u00e9l\u00e9gant qui conviennent au go\u00fbt de l&rsquo;enfant.;- Des cartes en langue arabe et en langue fran\u00e7aise, avec la m\u00e9thode de prononciation.;- Un petit livre d\u00e9di\u00e9 sp\u00e9cialement pour les activit\u00e9s qui appuient le processus d&rsquo;apprentissage.;- Une carte sp\u00e9cifique pour \u00e9valuer l&rsquo;engagement de l&rsquo;enfant \u00e0 r\u00e9p\u00e9ter les invocations qu&rsquo;il a acquises.;- Application Gratuite \u00e0 l&rsquo;interieur<\/p>\n","protected":false},"featured_media":37848,"comment_status":"open","ping_status":"closed","template":"","meta":[],"product_brand":[],"product_cat":[1934],"product_tag":[],"class_list":{"0":"post-35995","1":"product","2":"type-product","3":"status-publish","4":"has-post-thumbnail","6":"product_cat-jeux-de-societe","8":"first","9":"outofstock","10":"shipping-taxable","11":"purchasable","12":"product-type-simple"},"_links":{"self":[{"href":"https:\/\/lamaktaba.fr\/index.php\/wp-json\/wp\/v2\/product\/35995","targetHints":{"allow":["GET"]}}],"collection":[{"href":"https:\/\/lamaktaba.fr\/index.php\/wp-json\/wp\/v2\/product"}],"about":[{"href":"https:\/\/lamaktaba.fr\/index.php\/wp-json\/wp\/v2\/types\/product"}],"replies":[{"embeddable":true,"href":"https:\/\/lamaktaba.fr\/index.php\/wp-json\/wp\/v2\/comments?post=35995"}],"wp:featuredmedia":[{"embeddable":true,"href":"https:\/\/lamaktaba.fr\/index.php\/wp-json\/wp\/v2\/media\/37848"}],"wp:attachment":[{"href":"https:\/\/lamaktaba.fr\/index.php\/wp-json\/wp\/v2\/media?parent=35995"}],"wp:term":[{"taxonomy":"product_brand","embeddable":true,"href":"https:\/\/lamaktaba.fr\/index.php\/wp-json\/wp\/v2\/product_brand?post=35995"},{"taxonomy":"product_cat","embeddable":true,"href":"https:\/\/lamaktaba.fr\/index.php\/wp-json\/wp\/v2\/product_cat?post=35995"},{"taxonomy":"product_tag","embeddable":true,"href":"https:\/\/lamaktaba.fr\/index.php\/wp-json\/wp\/v2\/product_tag?post=35995"}],"curies":[{"name":"wp","href":"https:\/\/api.w.org\/{rel}","templated":true}]}}