{"id":35981,"date":"2021-03-09T21:44:21","date_gmt":"2021-03-09T20:44:21","guid":{"rendered":"https:\/\/lamaktaba.fr\/index.php\/produit\/darsschool-livret-3-methode-dapprentissage-de-la-langue-arabe-lecons-14-a-20\/"},"modified":"2025-04-01T12:47:19","modified_gmt":"2025-04-01T10:47:19","slug":"darsschool-livret-3-methode-dapprentissage-de-la-langue-arabe-lecons-14-a-20","status":"publish","type":"product","link":"https:\/\/lamaktaba.fr\/index.php\/produit\/darsschool-livret-3-methode-dapprentissage-de-la-langue-arabe-lecons-14-a-20","title":{"rendered":"DARSSCHOOL, Livret 3, M\u00e9thode d&rsquo;apprentissage de la langue Arabe"},"content":{"rendered":"<p>DARSSCHOOL, Livret 3 (le\u00e7on 14 \u00e0 20), M\u00e9thode d&rsquo;apprentissage de la langue Arabe bas\u00e9e sur les Tomes de M\u00e9dine, du Docteur V. Abdur Rahim.;Les \u00abTomes de M\u00e9dine\u00bb sont la m\u00e9thode d\u2019apprentissage de la langue arabe cr\u00e9\u00e9e par le Docteur V. Abdur Rahim. Sp\u00e9cialement con\u00e7ue pour les non- arabophones, elle est aujourd&rsquo;hui enseign\u00e9e dans les universit\u00e9s de M\u00e9dine.;Les Editions du BDouin vous propose une nouvelle \u00e9dition \u00e0 travers des livrets illustr\u00e9s et une nouvelle mise en page !;Dans ce livret 3, vous retrouverez les le\u00e7ons 14 \u00e0 20 des Tomes de M\u00e9dine avec des espaces d\u00e9di\u00e9s \u00e0 l&rsquo;\u00e9criture et \u00e0 la r\u00e9alisation d&rsquo;exercices.;Encore un effort!;Vous y \u00eates presque!;Plus que quelques le\u00e7ons et exercices, et vous serez bient\u00f4t arriv\u00e9s \u00e0 bout du premier tome de cette incroyable m\u00e9thode!;Marque BDouin Editions R\u00e9f\u00e9rence 9782954985763;Fiche technique LANGUE: &#8211; Arabe &#8211; \u0627\u0644\u0639\u0631\u0628\u0640\u0640\u0640\u0640\u0640\u0640\u0640\u0640\u064a\u0629 ANNEE: &#8211; 2016 SUPPORT: &#8211; Livre THEME: &#8211; La Langue Arabe \u00c9DITIONS: &#8211; BDOUIN Condition: &#8211; Neuf Nombre de Pages: &#8211; 64 FORMAT (CM): A4 (21X29) EAN13: &#8211; 9782954985763 RELIURE: &#8211; Souple;R\u00e9f\u00e9rences sp\u00e9cifiques;Donnez votre avis;Aucun commentaire pour le moment<\/p>\n","protected":false},"excerpt":{"rendered":"<p>DARSSCHOOL, Livret 3 (le\u00e7on 14 \u00e0 20), M\u00e9thode d&rsquo;apprentissage de la langue Arabe bas\u00e9e sur les Tomes de M\u00e9dine, du Docteur V. Abdur Rahim.;Les \u00abTomes de M\u00e9dine\u00bb sont la m\u00e9thode d\u2019apprentissage de la langue arabe cr\u00e9\u00e9e par le Docteur V. Abdur Rahim. Sp\u00e9cialement con\u00e7ue pour les non- arabophones, elle est aujourd&rsquo;hui enseign\u00e9e dans les universit\u00e9s de M\u00e9dine.;Les Editions du BDouin vous propose une nouvelle \u00e9dition \u00e0 travers des livrets illustr\u00e9s et une nouvelle mise en page !;Dans ce livret 3, vous retrouverez les le\u00e7ons 14 \u00e0 20 des Tomes de M\u00e9dine avec des espaces d\u00e9di\u00e9s \u00e0 l&rsquo;\u00e9criture et \u00e0 la r\u00e9alisation d&rsquo;exercices.;Encore un effort!;Vous y \u00eates presque!;Plus que quelques le\u00e7ons et exercices, et vous serez bient\u00f4t arriv\u00e9s \u00e0 bout du premier tome de cette incroyable m\u00e9thode!;Marque BDouin Editions R\u00e9f\u00e9rence 9782954985763;Fiche technique LANGUE: &#8211; Arabe &#8211; \u0627\u0644\u0639\u0631\u0628\u0640\u0640\u0640\u0640\u0640\u0640\u0640\u0640\u064a\u0629 ANNEE: &#8211; 2016 SUPPORT: &#8211; Livre THEME: &#8211; La Langue Arabe \u00c9DITIONS: &#8211; BDOUIN Condition: &#8211; Neuf Nombre de Pages: &#8211; 64 FORMAT (CM): A4 (21X29) EAN13: &#8211; 9782954985763 RELIURE: &#8211; Souple;R\u00e9f\u00e9rences sp\u00e9cifiques;Donnez votre avis;Aucun commentaire pour le moment<\/p>\n","protected":false},"featured_media":37662,"comment_status":"open","ping_status":"closed","template":"","meta":[],"product_brand":[],"product_cat":[15],"product_tag":[],"class_list":{"0":"post-35981","1":"product","2":"type-product","3":"status-publish","4":"has-post-thumbnail","6":"product_cat-non-classe","8":"first","9":"outofstock","10":"shipping-taxable","11":"purchasable","12":"product-type-simple"},"_links":{"self":[{"href":"https:\/\/lamaktaba.fr\/index.php\/wp-json\/wp\/v2\/product\/35981","targetHints":{"allow":["GET"]}}],"collection":[{"href":"https:\/\/lamaktaba.fr\/index.php\/wp-json\/wp\/v2\/product"}],"about":[{"href":"https:\/\/lamaktaba.fr\/index.php\/wp-json\/wp\/v2\/types\/product"}],"replies":[{"embeddable":true,"href":"https:\/\/lamaktaba.fr\/index.php\/wp-json\/wp\/v2\/comments?post=35981"}],"wp:featuredmedia":[{"embeddable":true,"href":"https:\/\/lamaktaba.fr\/index.php\/wp-json\/wp\/v2\/media\/37662"}],"wp:attachment":[{"href":"https:\/\/lamaktaba.fr\/index.php\/wp-json\/wp\/v2\/media?parent=35981"}],"wp:term":[{"taxonomy":"product_brand","embeddable":true,"href":"https:\/\/lamaktaba.fr\/index.php\/wp-json\/wp\/v2\/product_brand?post=35981"},{"taxonomy":"product_cat","embeddable":true,"href":"https:\/\/lamaktaba.fr\/index.php\/wp-json\/wp\/v2\/product_cat?post=35981"},{"taxonomy":"product_tag","embeddable":true,"href":"https:\/\/lamaktaba.fr\/index.php\/wp-json\/wp\/v2\/product_tag?post=35981"}],"curies":[{"name":"wp","href":"https:\/\/api.w.org\/{rel}","templated":true}]}}