{"id":35976,"date":"2021-03-09T21:44:21","date_gmt":"2021-03-09T20:44:21","guid":{"rendered":"https:\/\/lamaktaba.fr\/index.php\/produit\/darsschool-livret-2-methode-dapprentissage-de-la-langue-arabe-lecons-8-a-13\/"},"modified":"2025-04-01T12:45:47","modified_gmt":"2025-04-01T10:45:47","slug":"darsschool-livret-2-methode-dapprentissage-de-la-langue-arabe-lecons-8-a-13","status":"publish","type":"product","link":"https:\/\/lamaktaba.fr\/index.php\/produit\/darsschool-livret-2-methode-dapprentissage-de-la-langue-arabe-lecons-8-a-13","title":{"rendered":"Recueil 1 &#8211; Muslim&rsquo;Show &#8211; Bande Dessin\u00e9e des Studio Bdouin"},"content":{"rendered":"<p>Recueil 1 &#8211; Muslim&rsquo;Show &#8211; Nouvelle Bande Dessin\u00e9e des Studio Bdouin;Retrouvez dans ce 1er recueil les meilleures publications du Muslim&rsquo;Show cette savoureuse s\u00e9rie BD qui raconte le quotidien des musulmans. La force de Muslim&rsquo;Show est de mettre en sc\u00e8ne cette communaut\u00e9 loin des clich\u00e9s&#8230; avec humour et r\u00e9alisme.<\/p>\n","protected":false},"excerpt":{"rendered":"<p>Recueil 1 &#8211; Muslim&rsquo;Show &#8211; Nouvelle Bande Dessin\u00e9e des Studio Bdouin;Retrouvez dans ce 1er recueil les meilleures publications du Muslim&rsquo;Show cette savoureuse s\u00e9rie BD qui raconte le quotidien des musulmans. La force de Muslim&rsquo;Show est de mettre en sc\u00e8ne cette communaut\u00e9 loin des clich\u00e9s&#8230; avec humour et r\u00e9alisme.<\/p>\n","protected":false},"featured_media":37480,"comment_status":"open","ping_status":"closed","template":"","meta":[],"product_brand":[],"product_cat":[15],"product_tag":[],"class_list":{"0":"post-35976","1":"product","2":"type-product","3":"status-publish","4":"has-post-thumbnail","6":"product_cat-non-classe","8":"first","9":"outofstock","10":"shipping-taxable","11":"purchasable","12":"product-type-simple"},"_links":{"self":[{"href":"https:\/\/lamaktaba.fr\/index.php\/wp-json\/wp\/v2\/product\/35976","targetHints":{"allow":["GET"]}}],"collection":[{"href":"https:\/\/lamaktaba.fr\/index.php\/wp-json\/wp\/v2\/product"}],"about":[{"href":"https:\/\/lamaktaba.fr\/index.php\/wp-json\/wp\/v2\/types\/product"}],"replies":[{"embeddable":true,"href":"https:\/\/lamaktaba.fr\/index.php\/wp-json\/wp\/v2\/comments?post=35976"}],"wp:featuredmedia":[{"embeddable":true,"href":"https:\/\/lamaktaba.fr\/index.php\/wp-json\/wp\/v2\/media\/37480"}],"wp:attachment":[{"href":"https:\/\/lamaktaba.fr\/index.php\/wp-json\/wp\/v2\/media?parent=35976"}],"wp:term":[{"taxonomy":"product_brand","embeddable":true,"href":"https:\/\/lamaktaba.fr\/index.php\/wp-json\/wp\/v2\/product_brand?post=35976"},{"taxonomy":"product_cat","embeddable":true,"href":"https:\/\/lamaktaba.fr\/index.php\/wp-json\/wp\/v2\/product_cat?post=35976"},{"taxonomy":"product_tag","embeddable":true,"href":"https:\/\/lamaktaba.fr\/index.php\/wp-json\/wp\/v2\/product_tag?post=35976"}],"curies":[{"name":"wp","href":"https:\/\/api.w.org\/{rel}","templated":true}]}}