{"id":35974,"date":"2021-03-09T21:44:21","date_gmt":"2021-03-09T20:44:21","guid":{"rendered":"https:\/\/lamaktaba.fr\/index.php\/produit\/commentaire-de-la-sourate-al-fatiha-et-de-la-derniere-partie-du-coran\/"},"modified":"2025-04-01T12:46:22","modified_gmt":"2025-04-01T10:46:22","slug":"commentaire-de-la-sourate-al-fatiha-et-de-la-derniere-partie-du-coran","status":"publish","type":"product","link":"https:\/\/lamaktaba.fr\/index.php\/produit\/commentaire-de-la-sourate-al-fatiha-et-de-la-derniere-partie-du-coran","title":{"rendered":"Commentaire de la sourate Al-Fatiha et de la derni\u00e8re partie du Coran"},"content":{"rendered":"<p>Titre: Commentaire de la sourate Al-Fatiha et de la derni\u00e8re partie du Coran;Auteur: Shaykh Ibn Al Uthaymin;Edition: ALMADINA;Support: Livre;Theme: Le saint CORAN;Description: Dans ce livre vous allez d\u00e9couvrir le commentaire de la derni\u00e9re partie du Coran dite hizbh sabbih (partie qui comporte les sourates les plus courtes et qui est la plus r\u00e9cit\u00e9e par les musulmans) et celui de la sourate Al-Fatiha\u2026<\/p>\n","protected":false},"excerpt":{"rendered":"<p>Titre: Commentaire de la sourate Al-Fatiha et de la derni\u00e8re partie du Coran;Auteur: Shaykh Ibn Al Uthaymin;Edition: ALMADINA;Support: Livre;Theme: Le saint CORAN;Description: Dans ce livre vous allez d\u00e9couvrir le commentaire de la derni\u00e9re partie du Coran dite hizbh sabbih (partie qui comporte les sourates les plus courtes et qui est la plus r\u00e9cit\u00e9e par les musulmans) et celui de la sourate Al-Fatiha\u2026<\/p>\n","protected":false},"featured_media":35975,"comment_status":"open","ping_status":"closed","template":"","meta":[],"product_brand":[],"product_cat":[1904,1908],"product_tag":[],"class_list":{"0":"post-35974","1":"product","2":"type-product","3":"status-publish","4":"has-post-thumbnail","6":"product_cat-saint-coran","7":"product_cat-tafsir-exegese","9":"first","10":"outofstock","11":"shipping-taxable","12":"purchasable","13":"product-type-simple"},"_links":{"self":[{"href":"https:\/\/lamaktaba.fr\/index.php\/wp-json\/wp\/v2\/product\/35974","targetHints":{"allow":["GET"]}}],"collection":[{"href":"https:\/\/lamaktaba.fr\/index.php\/wp-json\/wp\/v2\/product"}],"about":[{"href":"https:\/\/lamaktaba.fr\/index.php\/wp-json\/wp\/v2\/types\/product"}],"replies":[{"embeddable":true,"href":"https:\/\/lamaktaba.fr\/index.php\/wp-json\/wp\/v2\/comments?post=35974"}],"wp:featuredmedia":[{"embeddable":true,"href":"https:\/\/lamaktaba.fr\/index.php\/wp-json\/wp\/v2\/media\/35975"}],"wp:attachment":[{"href":"https:\/\/lamaktaba.fr\/index.php\/wp-json\/wp\/v2\/media?parent=35974"}],"wp:term":[{"taxonomy":"product_brand","embeddable":true,"href":"https:\/\/lamaktaba.fr\/index.php\/wp-json\/wp\/v2\/product_brand?post=35974"},{"taxonomy":"product_cat","embeddable":true,"href":"https:\/\/lamaktaba.fr\/index.php\/wp-json\/wp\/v2\/product_cat?post=35974"},{"taxonomy":"product_tag","embeddable":true,"href":"https:\/\/lamaktaba.fr\/index.php\/wp-json\/wp\/v2\/product_tag?post=35974"}],"curies":[{"name":"wp","href":"https:\/\/api.w.org\/{rel}","templated":true}]}}