{"id":35927,"date":"2021-09-03T21:44:00","date_gmt":"2021-09-03T19:44:00","guid":{"rendered":"https:\/\/lamaktaba.fr\/index.php\/produit\/suis-je-vaniteux-abu-hamid-al-ghazali\/"},"modified":"2025-04-01T12:46:39","modified_gmt":"2025-04-01T10:46:39","slug":"suis-je-vaniteux-abu-hamid-al-ghazali","status":"publish","type":"product","link":"https:\/\/lamaktaba.fr\/index.php\/produit\/suis-je-vaniteux-abu-hamid-al-ghazali","title":{"rendered":"Suis-je vaniteux?, de l&rsquo;imam Al-Ghaz\u00e2l\u00ee"},"content":{"rendered":"<p>Suis-je vaniteux? Ou comment acqu\u00e9rir les qualit\u00e9s de modestie et d&rsquo;humilit\u00e9?, de l&rsquo;imam Al-Ghaz\u00e2l\u00ee, Collection Revivification des Bonnes Pratiques de la Religion Musulmane, Traduction du livre: \u00ab Kit\u00e2b dhamm l-ghur\u00fbr \u00bb (\u0643\u062a\u0627\u0628 \u0630\u0645 \u0627\u0644\u063a\u0631\u0648\u0631);L\u2019imam al-Ghaz\u00e2l\u00ee \u00e9crit: \u00ab La source du malheur est dans la vanit\u00e9 et l\u2019insouciance, alors que la clef du bonheur r\u00e9side dans la vigilance et l\u2019intelligence. \u00bb;L\u2019homme sagace et dou\u00e9 de discernement, a le c\u0153ur comparable \u00e0 une niche de \u00ab lumi\u00e8re sur lumi\u00e8re \u00bb, tandis que le c\u0153ur du vaniteux, et pr\u00e9tentieux est comparable \u00e0 des \u00ab t\u00e9n\u00e8bres accumul\u00e9es \u00bb \u00e0 cause de son illusion sur sa petite personne. C\u2019est pourquoi, dit-il, \u00ab la vanit\u00e9 est la m\u00e8re des damnations \u00bb. Le vaniteux ne peut \u00eatre inconscient de sa vanit\u00e9 mais peut en \u00eatre insouciant.;Ce mal n\u2019a pas d\u2019autres rem\u00e8des que la vigilance et l\u2019intelligence, jointes \u00e0 l\u2019acquisition des sciences de la religion, lesquelles ont pour fonction de nous faire voir nos d\u00e9fauts et de nous amener \u00e0 vivre dans la pi\u00e9t\u00e9 et le rappel de Dieu.;\u00c0 propos de l&rsquo;auteur: L &lsquo;imam Abou H\u00e2mid al-Ghaz\u00e2l\u00ee;L &lsquo;imam Abou H\u00e2mid al-Ghaz\u00e2l\u00ee (1 058-1111) est sans conteste le savant musulman le plus lu et appr\u00e9ci\u00e9 de tous les temps. Ses \u00e9crits embrassent tous les domaines de la foi et de la vie du croyant. Il constitue un mod\u00e8le authentique de la grande \u00e9rudition musulmane.;Collection: Revivication des Bonnes Pratiques de la Religion Musulmane;Cette collection traduit les livres de l&rsquo; ihya &lsquo;. Elle vise \u00e0 revivifier les sciences et les pratiques de l&rsquo;Islam, Qu &lsquo;elles soient culturelles, spirituelles, \u00e9thiques, morales ou soci\u00e9tales ainsi que le savoir-vivre et le savoir-\u1ebftre musulman.<\/p>\n","protected":false},"excerpt":{"rendered":"<p>Suis-je vaniteux? Ou comment acqu\u00e9rir les qualit\u00e9s de modestie et d&rsquo;humilit\u00e9?, de l&rsquo;imam Al-Ghaz\u00e2l\u00ee, Collection Revivification des Bonnes Pratiques de la Religion Musulmane, Traduction du livre: \u00ab Kit\u00e2b dhamm l-ghur\u00fbr \u00bb (\u0643\u062a\u0627\u0628 \u0630\u0645 \u0627\u0644\u063a\u0631\u0648\u0631);L\u2019imam al-Ghaz\u00e2l\u00ee \u00e9crit: \u00ab La source du malheur est dans la vanit\u00e9 et l\u2019insouciance, alors que la clef du bonheur r\u00e9side dans la vigilance et l\u2019intelligence. \u00bb;L\u2019homme sagace et dou\u00e9 de discernement, a le c\u0153ur comparable \u00e0 une niche de \u00ab lumi\u00e8re sur lumi\u00e8re \u00bb, tandis que le c\u0153ur du vaniteux, et pr\u00e9tentieux est comparable \u00e0 des \u00ab t\u00e9n\u00e8bres accumul\u00e9es \u00bb \u00e0 cause de son illusion sur sa petite personne. C\u2019est pourquoi, dit-il, \u00ab la vanit\u00e9 est la m\u00e8re des damnations \u00bb. Le vaniteux ne peut \u00eatre inconscient de sa vanit\u00e9 mais peut en \u00eatre insouciant.;Ce mal n\u2019a pas d\u2019autres rem\u00e8des que la vigilance et l\u2019intelligence, jointes \u00e0 l\u2019acquisition des sciences de la religion, lesquelles ont pour fonction de nous faire voir nos d\u00e9fauts et de nous amener \u00e0 vivre dans la pi\u00e9t\u00e9 et le rappel de Dieu.;\u00c0 propos de l&rsquo;auteur: L &lsquo;imam Abou H\u00e2mid al-Ghaz\u00e2l\u00ee;L &lsquo;imam Abou H\u00e2mid al-Ghaz\u00e2l\u00ee (1 058-1111) est sans conteste le savant musulman le plus lu et appr\u00e9ci\u00e9 de tous les temps. Ses \u00e9crits embrassent tous les domaines de la foi et de la vie du croyant. Il constitue un mod\u00e8le authentique de la grande \u00e9rudition musulmane.;Collection: Revivication des Bonnes Pratiques de la Religion Musulmane;Cette collection traduit les livres de l&rsquo; ihya &lsquo;. Elle vise \u00e0 revivifier les sciences et les pratiques de l&rsquo;Islam, Qu &lsquo;elles soient culturelles, spirituelles, \u00e9thiques, morales ou soci\u00e9tales ainsi que le savoir-vivre et le savoir-\u1ebftre musulman.<\/p>\n","protected":false},"featured_media":37903,"comment_status":"open","ping_status":"closed","template":"","meta":[],"product_brand":[],"product_cat":[1921,1898],"product_tag":[],"class_list":{"0":"post-35927","1":"product","2":"type-product","3":"status-publish","4":"has-post-thumbnail","6":"product_cat-exhortation","7":"product_cat-pratique-religieuse","9":"first","10":"outofstock","11":"shipping-taxable","12":"purchasable","13":"product-type-simple"},"_links":{"self":[{"href":"https:\/\/lamaktaba.fr\/index.php\/wp-json\/wp\/v2\/product\/35927","targetHints":{"allow":["GET"]}}],"collection":[{"href":"https:\/\/lamaktaba.fr\/index.php\/wp-json\/wp\/v2\/product"}],"about":[{"href":"https:\/\/lamaktaba.fr\/index.php\/wp-json\/wp\/v2\/types\/product"}],"replies":[{"embeddable":true,"href":"https:\/\/lamaktaba.fr\/index.php\/wp-json\/wp\/v2\/comments?post=35927"}],"wp:featuredmedia":[{"embeddable":true,"href":"https:\/\/lamaktaba.fr\/index.php\/wp-json\/wp\/v2\/media\/37903"}],"wp:attachment":[{"href":"https:\/\/lamaktaba.fr\/index.php\/wp-json\/wp\/v2\/media?parent=35927"}],"wp:term":[{"taxonomy":"product_brand","embeddable":true,"href":"https:\/\/lamaktaba.fr\/index.php\/wp-json\/wp\/v2\/product_brand?post=35927"},{"taxonomy":"product_cat","embeddable":true,"href":"https:\/\/lamaktaba.fr\/index.php\/wp-json\/wp\/v2\/product_cat?post=35927"},{"taxonomy":"product_tag","embeddable":true,"href":"https:\/\/lamaktaba.fr\/index.php\/wp-json\/wp\/v2\/product_tag?post=35927"}],"curies":[{"name":"wp","href":"https:\/\/api.w.org\/{rel}","templated":true}]}}