{"id":35907,"date":"2021-03-09T21:44:16","date_gmt":"2021-03-09T20:44:16","guid":{"rendered":"https:\/\/lamaktaba.fr\/index.php\/produit\/lexplication-du-livre-du-monotheisme-sharh-kitab-at-tawhid-%d8%a7%d9%84%d9%85%d9%84%d8%ae%d8%b5-%d9%81%d9%8a-%d8%b4%d8%b1%d8%ad-%d9%83%d8%aa%d8%a7%d8%a8-%d8%a7%d9%84%d8%aa%d9%88%d8%ad%d9%8a%d8%af\/"},"modified":"2025-04-01T12:44:33","modified_gmt":"2025-04-01T10:44:33","slug":"lexplication-du-livre-du-monotheisme-sharh-kitab-at-tawhid-d8a7d984d985d984d8aed8b5-d981d98a-d8b4d8b1d8ad-d983d8aad8a7d8a8-d8a7d984d8aad988d8add98ad8af","status":"publish","type":"product","link":"https:\/\/lamaktaba.fr\/index.php\/produit\/lexplication-du-livre-du-monotheisme-sharh-kitab-at-tawhid-d8a7d984d985d984d8aed8b5-d981d98a-d8b4d8b1d8ad-d983d8aad8a7d8a8-d8a7d984d8aad988d8add98ad8af","title":{"rendered":"Sharh Kit\u00e2b At-Tawh\u00eed, Expliqu\u00e9 par Sheikh Saleh Al-Fawz\u00e2n (Seconde \u00e9dition)"},"content":{"rendered":"<p>Sharh Kit\u00e2b At-Tawh\u00eed, Expliqu\u00e9 par Ash-Shaykh AL-&lsquo;All\u00e2mah Sal\u00eeh Ibn Fawz\u00e2n Al-Fawz\u00e2n;Al-Mulakhkhas fi sharh kit\u00e2b at-Tawh\u00eed, Le r\u00e9sum\u00e9 de l&rsquo;explication du Live du Monoth\u00e8isme;Allah exalt\u00e9 soit-il, dit;(\u0648\u064e\u0645\u064e\u0627 \u062e\u064e\u0644\u064e\u0642\u0652\u062a\u064f \u0627\u0644\u0652\u062c\u0650\u0646\u064e\u0651 \u0648\u064e\u0627\u0644\u0652\u0625\u0650\u0646\u0652\u0633\u064e \u0625\u0650\u0644\u064e\u0651\u0627 \u0644\u0650\u064a\u064e\u0639\u0652\u0628\u064f\u062f\u064f\u0648\u0646\u0650);Je n&rsquo;ai cr\u00e9\u00e9 les jinns et les humains que pour qu&rsquo;ils M&rsquo;adorent\u00a0\u00bb. (adh-Dh\u00e2riy\u00e2t, 56);Le sujet de ce livre est de clarifier le concept du Monoth\u00e9isme qu&rsquo;Allah a enjoint \u00e0 Ses serviteurs et qui est la raison pour laquelle il les a cr\u00e9e. Il explique \u00e9galement le concept de ce qui s&rsquo;oppose cat\u00e9goriquement au Monoth\u00e9isme, \u00e0 savoir le polyth\u00e9isme majeur, ou ce qui s&rsquo;oppose \u00e0 sa perfection &#8211; ce qui en est obligatoire et ce qui en est recommand\u00e9- parmi le polyth\u00e9isme mineur et les bida;Marque AL BAYYINAH Editions R\u00e9f\u00e9rence 9782919455331;Fiche technique AUTEUR: &#8211; Commentaire de Shaykh Sal\u00eeh Ibn Fawz\u00e2n Al-Fawz\u00e2n LANGUE: -.Fran\u00e7ais ANNEE: &#8211; 2015 SUPPORT: &#8211; Livre THEME: &#8211; Unicit\u00e9, Monoth\u00e9isme, Croyance en Dieu \u00c9DITIONS: &#8211; AL BAYYINAH Condition: &#8211; Neuf Nombre de Pages: &#8211; 581 FORMAT (CM): 17 x 24.5 cm Poids (kg): &#8211; 1.130 kg EAN13: &#8211; 9782919455331 RELIURE: &#8211; Rigide.Traduction: &#8211; Bureau de traduction des \u00e9ditions Al-Bayyinah;R\u00e9f\u00e9rences sp\u00e9cifiques;Donnez votre avis;Aucun commentaire pour le moment<\/p>\n","protected":false},"excerpt":{"rendered":"<p>Sharh Kit\u00e2b At-Tawh\u00eed, Expliqu\u00e9 par Ash-Shaykh AL-&lsquo;All\u00e2mah Sal\u00eeh Ibn Fawz\u00e2n Al-Fawz\u00e2n;Al-Mulakhkhas fi sharh kit\u00e2b at-Tawh\u00eed, Le r\u00e9sum\u00e9 de l&rsquo;explication du Live du Monoth\u00e8isme;Allah exalt\u00e9 soit-il, dit;(\u0648\u064e\u0645\u064e\u0627 \u062e\u064e\u0644\u064e\u0642\u0652\u062a\u064f \u0627\u0644\u0652\u062c\u0650\u0646\u064e\u0651 \u0648\u064e\u0627\u0644\u0652\u0625\u0650\u0646\u0652\u0633\u064e \u0625\u0650\u0644\u064e\u0651\u0627 \u0644\u0650\u064a\u064e\u0639\u0652\u0628\u064f\u062f\u064f\u0648\u0646\u0650);Je n&rsquo;ai cr\u00e9\u00e9 les jinns et les humains que pour qu&rsquo;ils M&rsquo;adorent\u00a0\u00bb. (adh-Dh\u00e2riy\u00e2t, 56);Le sujet de ce livre est de clarifier le concept du Monoth\u00e9isme qu&rsquo;Allah a enjoint \u00e0 Ses serviteurs et qui est la raison pour laquelle il les a cr\u00e9e. Il explique \u00e9galement le concept de ce qui s&rsquo;oppose cat\u00e9goriquement au Monoth\u00e9isme, \u00e0 savoir le polyth\u00e9isme majeur, ou ce qui s&rsquo;oppose \u00e0 sa perfection &#8211; ce qui en est obligatoire et ce qui en est recommand\u00e9- parmi le polyth\u00e9isme mineur et les bida;Marque AL BAYYINAH Editions R\u00e9f\u00e9rence 9782919455331;Fiche technique AUTEUR: &#8211; Commentaire de Shaykh Sal\u00eeh Ibn Fawz\u00e2n Al-Fawz\u00e2n LANGUE: -.Fran\u00e7ais ANNEE: &#8211; 2015 SUPPORT: &#8211; Livre THEME: &#8211; Unicit\u00e9, Monoth\u00e9isme, Croyance en Dieu \u00c9DITIONS: &#8211; AL BAYYINAH Condition: &#8211; Neuf Nombre de Pages: &#8211; 581 FORMAT (CM): 17 x 24.5 cm Poids (kg): &#8211; 1.130 kg EAN13: &#8211; 9782919455331 RELIURE: &#8211; Rigide.Traduction: &#8211; Bureau de traduction des \u00e9ditions Al-Bayyinah;R\u00e9f\u00e9rences sp\u00e9cifiques;Donnez votre avis;Aucun commentaire pour le moment<\/p>\n","protected":false},"featured_media":37400,"comment_status":"open","ping_status":"closed","template":"","meta":[],"product_brand":[],"product_cat":[15],"product_tag":[],"class_list":{"0":"post-35907","1":"product","2":"type-product","3":"status-publish","4":"has-post-thumbnail","6":"product_cat-non-classe","8":"first","9":"instock","10":"shipping-taxable","11":"purchasable","12":"product-type-simple"},"_links":{"self":[{"href":"https:\/\/lamaktaba.fr\/index.php\/wp-json\/wp\/v2\/product\/35907","targetHints":{"allow":["GET"]}}],"collection":[{"href":"https:\/\/lamaktaba.fr\/index.php\/wp-json\/wp\/v2\/product"}],"about":[{"href":"https:\/\/lamaktaba.fr\/index.php\/wp-json\/wp\/v2\/types\/product"}],"replies":[{"embeddable":true,"href":"https:\/\/lamaktaba.fr\/index.php\/wp-json\/wp\/v2\/comments?post=35907"}],"wp:featuredmedia":[{"embeddable":true,"href":"https:\/\/lamaktaba.fr\/index.php\/wp-json\/wp\/v2\/media\/37400"}],"wp:attachment":[{"href":"https:\/\/lamaktaba.fr\/index.php\/wp-json\/wp\/v2\/media?parent=35907"}],"wp:term":[{"taxonomy":"product_brand","embeddable":true,"href":"https:\/\/lamaktaba.fr\/index.php\/wp-json\/wp\/v2\/product_brand?post=35907"},{"taxonomy":"product_cat","embeddable":true,"href":"https:\/\/lamaktaba.fr\/index.php\/wp-json\/wp\/v2\/product_cat?post=35907"},{"taxonomy":"product_tag","embeddable":true,"href":"https:\/\/lamaktaba.fr\/index.php\/wp-json\/wp\/v2\/product_tag?post=35907"}],"curies":[{"name":"wp","href":"https:\/\/api.w.org\/{rel}","templated":true}]}}