{"id":35881,"date":"2021-09-03T21:44:00","date_gmt":"2021-09-03T19:44:00","guid":{"rendered":"https:\/\/lamaktaba.fr\/index.php\/produit\/lapproche-spirituelle-du-saint-coran-de-limam-al-ghazali\/"},"modified":"2025-04-01T12:44:32","modified_gmt":"2025-04-01T10:44:32","slug":"lapproche-spirituelle-du-saint-coran-de-limam-al-ghazali","status":"publish","type":"product","link":"https:\/\/lamaktaba.fr\/index.php\/produit\/lapproche-spirituelle-du-saint-coran-de-limam-al-ghazali","title":{"rendered":"L&rsquo;approche spirituelle du Saint Coran, de l&rsquo;imam Al-Ghaz\u00e2l\u00ee"},"content":{"rendered":"<p>L&rsquo;approche spirituelle du Saint Coran (R\u00e8gles et convenances pieuses face au Coran \u2013 Ses m\u00e9rites et ses vertus), de l&rsquo;imam Al-Ghaz\u00e2l\u00ee, Collection Revivification des Bonnes Pratiques de la Religion Musulmane, Traduction du livre: \u00ab Kit\u00e2b &lsquo; \u00e2d\u00e2b til\u00e2wati l-Qu&rsquo;\u00e2n \u00bb (\u0643\u062a\u0627\u0628 \u0623\u062f\u0628 \u062a\u0644\u0627\u0648\u0629 \u0627\u0644\u0642\u0631\u0622\u0646);Le pr\u00e9sent ouvrage de l&rsquo; Imam al-Ghaz\u00e2l\u00ee traite des effets miraculeux du Coran sur ceux qui l&rsquo;approchent pieusement. Le livre de Dieu contient diff\u00e9rents niveaux de compr\u00e9hension. Ces derniers se d\u00e9voilent en fonction du degr\u00e9 d&rsquo;instruction et de spiritualit\u00e9 de chacun.;Pour le croyant, toutes les approches spirituelles du Saint Coran, sont b\u00e9n\u00e9fiques (lecture, r\u00e9citation, \u00e9coute, apprentissage, \u00e9tude, m\u00e9ditation\u2026);Ces actes d&rsquo;adoration ont certes de grands m\u00e9rites, mais requi\u00e8rent l&rsquo;observance de r\u00e8gles et de convenances qui nous permettent la bonne compr\u00e9hension.;Le coran n&rsquo;a pas pour fonction de d\u00e9corer les maisons, mais de gu\u00e9rir les c\u0153urs, nourrir les esprits, apaiser les \u00e2mes, guider la raison, \u00e9loigner l&rsquo;ennemi, Satan, \u2026;Le coran nous fraye un chemin vers Dieu. Il est une \u00ab direction pour ceux qui craignent Dieu, qui croient au monde invisible. \u00bb (Coran 2, 2-3);\u00c0 propos de l&rsquo;auteur: L &lsquo;imam Abou H\u00e2mid al-Ghaz\u00e2l\u00ee;L &lsquo;imam Abou H\u00e2mid al-Ghaz\u00e2l\u00ee (1 058-1111) est sans conteste le savant musulman le plus lu et appr\u00e9ci\u00e9 de tous les temps. Ses \u00e9crits embrassent tous les domaines de la foi et de la vie du croyant. Il constitue un mod\u00e8le authentique de la grande \u00e9rudition musulmane.;Collection: Revivication des Bonnes Pratiques de la Religion Musulmane;Cette collection traduit les livres de l&rsquo; ihya &lsquo;. Elle vise \u00e0 revivifier les sciences et les pratiques de l&rsquo;Islam, Qu &lsquo;elles soient culturelles, spirituelles, \u00e9thiques, morales ou soci\u00e9tales ainsi que le savoir-vivre et le savoir-\u1ebftre musulman.<\/p>\n","protected":false},"excerpt":{"rendered":"<p>L&rsquo;approche spirituelle du Saint Coran (R\u00e8gles et convenances pieuses face au Coran \u2013 Ses m\u00e9rites et ses vertus), de l&rsquo;imam Al-Ghaz\u00e2l\u00ee, Collection Revivification des Bonnes Pratiques de la Religion Musulmane, Traduction du livre: \u00ab Kit\u00e2b &lsquo; \u00e2d\u00e2b til\u00e2wati l-Qu&rsquo;\u00e2n \u00bb (\u0643\u062a\u0627\u0628 \u0623\u062f\u0628 \u062a\u0644\u0627\u0648\u0629 \u0627\u0644\u0642\u0631\u0622\u0646);Le pr\u00e9sent ouvrage de l&rsquo; Imam al-Ghaz\u00e2l\u00ee traite des effets miraculeux du Coran sur ceux qui l&rsquo;approchent pieusement. Le livre de Dieu contient diff\u00e9rents niveaux de compr\u00e9hension. Ces derniers se d\u00e9voilent en fonction du degr\u00e9 d&rsquo;instruction et de spiritualit\u00e9 de chacun.;Pour le croyant, toutes les approches spirituelles du Saint Coran, sont b\u00e9n\u00e9fiques (lecture, r\u00e9citation, \u00e9coute, apprentissage, \u00e9tude, m\u00e9ditation\u2026);Ces actes d&rsquo;adoration ont certes de grands m\u00e9rites, mais requi\u00e8rent l&rsquo;observance de r\u00e8gles et de convenances qui nous permettent la bonne compr\u00e9hension.;Le coran n&rsquo;a pas pour fonction de d\u00e9corer les maisons, mais de gu\u00e9rir les c\u0153urs, nourrir les esprits, apaiser les \u00e2mes, guider la raison, \u00e9loigner l&rsquo;ennemi, Satan, \u2026;Le coran nous fraye un chemin vers Dieu. Il est une \u00ab direction pour ceux qui craignent Dieu, qui croient au monde invisible. \u00bb (Coran 2, 2-3);\u00c0 propos de l&rsquo;auteur: L &lsquo;imam Abou H\u00e2mid al-Ghaz\u00e2l\u00ee;L &lsquo;imam Abou H\u00e2mid al-Ghaz\u00e2l\u00ee (1 058-1111) est sans conteste le savant musulman le plus lu et appr\u00e9ci\u00e9 de tous les temps. Ses \u00e9crits embrassent tous les domaines de la foi et de la vie du croyant. Il constitue un mod\u00e8le authentique de la grande \u00e9rudition musulmane.;Collection: Revivication des Bonnes Pratiques de la Religion Musulmane;Cette collection traduit les livres de l&rsquo; ihya &lsquo;. Elle vise \u00e0 revivifier les sciences et les pratiques de l&rsquo;Islam, Qu &lsquo;elles soient culturelles, spirituelles, \u00e9thiques, morales ou soci\u00e9tales ainsi que le savoir-vivre et le savoir-\u1ebftre musulman.<\/p>\n","protected":false},"featured_media":35882,"comment_status":"open","ping_status":"closed","template":"","meta":[],"product_brand":[],"product_cat":[1915,1916],"product_tag":[],"class_list":{"0":"post-35881","1":"product","2":"type-product","3":"status-publish","4":"has-post-thumbnail","6":"product_cat-sciences-du-coran","7":"product_cat-spiritualite","9":"first","10":"instock","11":"shipping-taxable","12":"purchasable","13":"product-type-simple"},"_links":{"self":[{"href":"https:\/\/lamaktaba.fr\/index.php\/wp-json\/wp\/v2\/product\/35881","targetHints":{"allow":["GET"]}}],"collection":[{"href":"https:\/\/lamaktaba.fr\/index.php\/wp-json\/wp\/v2\/product"}],"about":[{"href":"https:\/\/lamaktaba.fr\/index.php\/wp-json\/wp\/v2\/types\/product"}],"replies":[{"embeddable":true,"href":"https:\/\/lamaktaba.fr\/index.php\/wp-json\/wp\/v2\/comments?post=35881"}],"wp:featuredmedia":[{"embeddable":true,"href":"https:\/\/lamaktaba.fr\/index.php\/wp-json\/wp\/v2\/media\/35882"}],"wp:attachment":[{"href":"https:\/\/lamaktaba.fr\/index.php\/wp-json\/wp\/v2\/media?parent=35881"}],"wp:term":[{"taxonomy":"product_brand","embeddable":true,"href":"https:\/\/lamaktaba.fr\/index.php\/wp-json\/wp\/v2\/product_brand?post=35881"},{"taxonomy":"product_cat","embeddable":true,"href":"https:\/\/lamaktaba.fr\/index.php\/wp-json\/wp\/v2\/product_cat?post=35881"},{"taxonomy":"product_tag","embeddable":true,"href":"https:\/\/lamaktaba.fr\/index.php\/wp-json\/wp\/v2\/product_tag?post=35881"}],"curies":[{"name":"wp","href":"https:\/\/api.w.org\/{rel}","templated":true}]}}