{"id":35849,"date":"2021-03-09T21:44:11","date_gmt":"2021-03-09T20:44:11","guid":{"rendered":"https:\/\/lamaktaba.fr\/index.php\/produit\/le-bon-comportement-tome-4-laila-h\/"},"modified":"2025-04-01T12:43:34","modified_gmt":"2025-04-01T10:43:34","slug":"le-bon-comportement-tome-4-laila-h","status":"publish","type":"product","link":"https:\/\/lamaktaba.fr\/index.php\/produit\/le-bon-comportement-tome-4-laila-h","title":{"rendered":"Le bon comportement (tome 4) &#8211; Laila H."},"content":{"rendered":"<p>L&rsquo;histoire du petit Hicham et son ami le Perroquet<br \/>L&rsquo;\u00e9quipe Sindibad est heureuse de vous proposer, \u00e0 travers les quatre volets de \u00ab Hicham et son ami le Perroquet \u00bb, un enseignement simple et adapt\u00e9 de l\u2019islam aux enfants.<br \/>Dans la m\u00eame collection, \u00ab la pri\u00e8re expliqu\u00e9e \u00e0 mon enfant (versions fille et gar\u00e7on) \u00bb, \u00ab les proph\u00e8tes \u00e0 travers le Coran \u00bb, \u00ab le coran expliqu\u00e9 \u00e0 mon enfant \u00bb ainsi que beaucoup d\u2019autres ouvrages.<\/p>\n","protected":false},"excerpt":{"rendered":"<p>L&rsquo;histoire du petit Hicham et son ami le Perroquet<br \/>L&rsquo;\u00e9quipe Sindibad est heureuse de vous proposer, \u00e0 travers les quatre volets de \u00ab Hicham et son ami le Perroquet \u00bb, un enseignement simple et adapt\u00e9 de l\u2019islam aux enfants.<br \/>Dans la m\u00eame collection, \u00ab la pri\u00e8re expliqu\u00e9e \u00e0 mon enfant (versions fille et gar\u00e7on) \u00bb, \u00ab les proph\u00e8tes \u00e0 travers le Coran \u00bb, \u00ab le coran expliqu\u00e9 \u00e0 mon enfant \u00bb ainsi que beaucoup d\u2019autres ouvrages.<\/p>\n","protected":false},"featured_media":35850,"comment_status":"open","ping_status":"closed","template":"","meta":[],"product_brand":[],"product_cat":[15],"product_tag":[],"class_list":{"0":"post-35849","1":"product","2":"type-product","3":"status-publish","4":"has-post-thumbnail","6":"product_cat-non-classe","8":"first","9":"instock","10":"shipping-taxable","11":"purchasable","12":"product-type-simple"},"_links":{"self":[{"href":"https:\/\/lamaktaba.fr\/index.php\/wp-json\/wp\/v2\/product\/35849","targetHints":{"allow":["GET"]}}],"collection":[{"href":"https:\/\/lamaktaba.fr\/index.php\/wp-json\/wp\/v2\/product"}],"about":[{"href":"https:\/\/lamaktaba.fr\/index.php\/wp-json\/wp\/v2\/types\/product"}],"replies":[{"embeddable":true,"href":"https:\/\/lamaktaba.fr\/index.php\/wp-json\/wp\/v2\/comments?post=35849"}],"wp:featuredmedia":[{"embeddable":true,"href":"https:\/\/lamaktaba.fr\/index.php\/wp-json\/wp\/v2\/media\/35850"}],"wp:attachment":[{"href":"https:\/\/lamaktaba.fr\/index.php\/wp-json\/wp\/v2\/media?parent=35849"}],"wp:term":[{"taxonomy":"product_brand","embeddable":true,"href":"https:\/\/lamaktaba.fr\/index.php\/wp-json\/wp\/v2\/product_brand?post=35849"},{"taxonomy":"product_cat","embeddable":true,"href":"https:\/\/lamaktaba.fr\/index.php\/wp-json\/wp\/v2\/product_cat?post=35849"},{"taxonomy":"product_tag","embeddable":true,"href":"https:\/\/lamaktaba.fr\/index.php\/wp-json\/wp\/v2\/product_tag?post=35849"}],"curies":[{"name":"wp","href":"https:\/\/api.w.org\/{rel}","templated":true}]}}