{"id":35848,"date":"2021-03-09T21:44:10","date_gmt":"2021-03-09T20:44:10","guid":{"rendered":"https:\/\/lamaktaba.fr\/index.php\/produit\/tafsir-jouz-tabarak-commentaire-de-lavant-derniere-partie-du-saint-coran-abderrahman-ibn-nasir-al-saadi\/"},"modified":"2025-04-01T12:46:14","modified_gmt":"2025-04-01T10:46:14","slug":"tafsir-jouz-tabarak-commentaire-de-lavant-derniere-partie-du-saint-coran-abderrahman-ibn-nasir-al-saadi","status":"publish","type":"product","link":"https:\/\/lamaktaba.fr\/index.php\/produit\/tafsir-jouz-tabarak-commentaire-de-lavant-derniere-partie-du-saint-coran-abderrahman-ibn-nasir-al-saadi","title":{"rendered":"Tafs\u00eer Jouz&rsquo; Tab\u00e2rak"},"content":{"rendered":"<p>Ce livre est le commentaire de l&rsquo;avant derni\u00e8re partie du Coran. Ecrit en un style simple, il donne des \u00e9claircissements sur le sens des sourates 67 \u00e0 77 du Livre. Aussi, une mise en page adapt\u00e9 permet de rep\u00e9rer l&rsquo;explication d&rsquo;un verset.;Sourate Al-Mulk (Le Royaume);Sourate N\u00fbn, ou Al-Qalam (La Plume);Sourate AI-H\u00e2qqa (L&rsquo;In\u00e9luctable);Sourate Al-Ma&rsquo;\u00e2rij (Les Degr\u00e9s);Sourate N\u00fbh(No\u00e9);Sourate Al-Jinn (Les Djinns);Sourate Al-Muzzammil (Celui qui s&rsquo;enveloppe). Sourate Al-Muddathir (Celui qui se recouvre);Sourate Al-Qiy\u00e2ma(la R\u00e9surrection);Sourate Al-Ins\u00e2n (L&rsquo;Homme);Sourate Al-Mursal\u00e2t (Les Envoy\u00e9s)<\/p>\n","protected":false},"excerpt":{"rendered":"<p>Ce livre est le commentaire de l&rsquo;avant derni\u00e8re partie du Coran. Ecrit en un style simple, il donne des \u00e9claircissements sur le sens des sourates 67 \u00e0 77 du Livre. Aussi, une mise en page adapt\u00e9 permet de rep\u00e9rer l&rsquo;explication d&rsquo;un verset.;Sourate Al-Mulk (Le Royaume);Sourate N\u00fbn, ou Al-Qalam (La Plume);Sourate AI-H\u00e2qqa (L&rsquo;In\u00e9luctable);Sourate Al-Ma&rsquo;\u00e2rij (Les Degr\u00e9s);Sourate N\u00fbh(No\u00e9);Sourate Al-Jinn (Les Djinns);Sourate Al-Muzzammil (Celui qui s&rsquo;enveloppe). Sourate Al-Muddathir (Celui qui se recouvre);Sourate Al-Qiy\u00e2ma(la R\u00e9surrection);Sourate Al-Ins\u00e2n (L&rsquo;Homme);Sourate Al-Mursal\u00e2t (Les Envoy\u00e9s)<\/p>\n","protected":false},"featured_media":37147,"comment_status":"open","ping_status":"closed","template":"","meta":[],"product_brand":[],"product_cat":[1904,1915],"product_tag":[],"class_list":{"0":"post-35848","1":"product","2":"type-product","3":"status-publish","4":"has-post-thumbnail","6":"product_cat-saint-coran","7":"product_cat-sciences-du-coran","9":"first","10":"instock","11":"shipping-taxable","12":"purchasable","13":"product-type-simple"},"_links":{"self":[{"href":"https:\/\/lamaktaba.fr\/index.php\/wp-json\/wp\/v2\/product\/35848","targetHints":{"allow":["GET"]}}],"collection":[{"href":"https:\/\/lamaktaba.fr\/index.php\/wp-json\/wp\/v2\/product"}],"about":[{"href":"https:\/\/lamaktaba.fr\/index.php\/wp-json\/wp\/v2\/types\/product"}],"replies":[{"embeddable":true,"href":"https:\/\/lamaktaba.fr\/index.php\/wp-json\/wp\/v2\/comments?post=35848"}],"wp:featuredmedia":[{"embeddable":true,"href":"https:\/\/lamaktaba.fr\/index.php\/wp-json\/wp\/v2\/media\/37147"}],"wp:attachment":[{"href":"https:\/\/lamaktaba.fr\/index.php\/wp-json\/wp\/v2\/media?parent=35848"}],"wp:term":[{"taxonomy":"product_brand","embeddable":true,"href":"https:\/\/lamaktaba.fr\/index.php\/wp-json\/wp\/v2\/product_brand?post=35848"},{"taxonomy":"product_cat","embeddable":true,"href":"https:\/\/lamaktaba.fr\/index.php\/wp-json\/wp\/v2\/product_cat?post=35848"},{"taxonomy":"product_tag","embeddable":true,"href":"https:\/\/lamaktaba.fr\/index.php\/wp-json\/wp\/v2\/product_tag?post=35848"}],"curies":[{"name":"wp","href":"https:\/\/api.w.org\/{rel}","templated":true}]}}