{"id":35842,"date":"2021-03-09T21:44:09","date_gmt":"2021-03-09T20:44:09","guid":{"rendered":"https:\/\/lamaktaba.fr\/index.php\/produit\/10-regles-dor-dans-leducation-des-enfants\/"},"modified":"2025-04-01T12:45:03","modified_gmt":"2025-04-01T10:45:03","slug":"10-regles-dor-dans-leducation-des-enfants","status":"publish","type":"product","link":"https:\/\/lamaktaba.fr\/index.php\/produit\/10-regles-dor-dans-leducation-des-enfants","title":{"rendered":"10 R\u00e8gles d&rsquo;or dans l&rsquo;\u00e9ducation des enfants &#8211; Livre"},"content":{"rendered":"<p>Il existe de nombreux livres traitant de l\u2019\u00e9ducation des enfants, certains sont de mauvaise facture et beaucoup de parents ne savent plus trop o\u00f9 donner de la t\u00eate quand au choix des ouvrages qui leur permettraient d\u2019\u00e9duquer leurs enfants avec succ\u00e8s. Ce livre propose d\u2019en livrer les clefs fondamentales.;Mais pourquoi 10 r\u00e8gles, et pas 5 ou 20? Parce que 10, c\u2019est rassurant et suffisant. Bien entendu, le contenu de ce livre ne constitue qu\u2019un squelette pour appr\u00e9hender l\u2019\u00e9ducation des enfants.Il partage plusieurs connaissances et proc\u00e9d\u00e9s p\u00e9dagogiques int\u00e9ressants. Le c\u00f4t\u00e9 pratique apporte en outre, un avantage certain.;Dr \u2018Abd al-Kar\u00eem Bakk\u00e2r;N\u00e9 \u00e0 Homs (Syrie) en 1951, \u2018Abd al-Kar\u00eem Bakk\u00e2r est un universitaire et chercheur acad\u00e9micien de renomm\u00e9e internationale. Il se rendit c\u00e9l\u00e8bre par ses nombreux \u00e9crits et interventions radiophoniques et t\u00e9l\u00e9vis\u00e9es consacr\u00e9s \u00e0 la pens\u00e9e musulmane contemporaine, \u00e0 l\u2019\u00e9ducation et au d\u00e9veloppement personnel en vue d\u2019une renaissance de la communaut\u00e9. Il est aussi l\u2019auteur d\u2019une quarantaine d\u2019ouvrages et d\u2019une centaine d\u2019articles dans ces diff\u00e9rents domaines.<\/p>\n","protected":false},"excerpt":{"rendered":"<p>Il existe de nombreux livres traitant de l\u2019\u00e9ducation des enfants, certains sont de mauvaise facture et beaucoup de parents ne savent plus trop o\u00f9 donner de la t\u00eate quand au choix des ouvrages qui leur permettraient d\u2019\u00e9duquer leurs enfants avec succ\u00e8s. Ce livre propose d\u2019en livrer les clefs fondamentales.;Mais pourquoi 10 r\u00e8gles, et pas 5 ou 20? Parce que 10, c\u2019est rassurant et suffisant. Bien entendu, le contenu de ce livre ne constitue qu\u2019un squelette pour appr\u00e9hender l\u2019\u00e9ducation des enfants.Il partage plusieurs connaissances et proc\u00e9d\u00e9s p\u00e9dagogiques int\u00e9ressants. Le c\u00f4t\u00e9 pratique apporte en outre, un avantage certain.;Dr \u2018Abd al-Kar\u00eem Bakk\u00e2r;N\u00e9 \u00e0 Homs (Syrie) en 1951, \u2018Abd al-Kar\u00eem Bakk\u00e2r est un universitaire et chercheur acad\u00e9micien de renomm\u00e9e internationale. Il se rendit c\u00e9l\u00e8bre par ses nombreux \u00e9crits et interventions radiophoniques et t\u00e9l\u00e9vis\u00e9es consacr\u00e9s \u00e0 la pens\u00e9e musulmane contemporaine, \u00e0 l\u2019\u00e9ducation et au d\u00e9veloppement personnel en vue d\u2019une renaissance de la communaut\u00e9. Il est aussi l\u2019auteur d\u2019une quarantaine d\u2019ouvrages et d\u2019une centaine d\u2019articles dans ces diff\u00e9rents domaines.<\/p>\n","protected":false},"featured_media":35843,"comment_status":"open","ping_status":"closed","template":"","meta":[],"product_brand":[],"product_cat":[1910,1925],"product_tag":[],"class_list":{"0":"post-35842","1":"product","2":"type-product","3":"status-publish","4":"has-post-thumbnail","6":"product_cat-education","7":"product_cat-education-des-enfants","9":"first","10":"outofstock","11":"shipping-taxable","12":"purchasable","13":"product-type-simple"},"_links":{"self":[{"href":"https:\/\/lamaktaba.fr\/index.php\/wp-json\/wp\/v2\/product\/35842","targetHints":{"allow":["GET"]}}],"collection":[{"href":"https:\/\/lamaktaba.fr\/index.php\/wp-json\/wp\/v2\/product"}],"about":[{"href":"https:\/\/lamaktaba.fr\/index.php\/wp-json\/wp\/v2\/types\/product"}],"replies":[{"embeddable":true,"href":"https:\/\/lamaktaba.fr\/index.php\/wp-json\/wp\/v2\/comments?post=35842"}],"wp:featuredmedia":[{"embeddable":true,"href":"https:\/\/lamaktaba.fr\/index.php\/wp-json\/wp\/v2\/media\/35843"}],"wp:attachment":[{"href":"https:\/\/lamaktaba.fr\/index.php\/wp-json\/wp\/v2\/media?parent=35842"}],"wp:term":[{"taxonomy":"product_brand","embeddable":true,"href":"https:\/\/lamaktaba.fr\/index.php\/wp-json\/wp\/v2\/product_brand?post=35842"},{"taxonomy":"product_cat","embeddable":true,"href":"https:\/\/lamaktaba.fr\/index.php\/wp-json\/wp\/v2\/product_cat?post=35842"},{"taxonomy":"product_tag","embeddable":true,"href":"https:\/\/lamaktaba.fr\/index.php\/wp-json\/wp\/v2\/product_tag?post=35842"}],"curies":[{"name":"wp","href":"https:\/\/api.w.org\/{rel}","templated":true}]}}