{"id":35837,"date":"2021-03-09T21:44:09","date_gmt":"2021-03-09T20:44:09","guid":{"rendered":"https:\/\/lamaktaba.fr\/index.php\/produit\/jeu-le-bon-comportement-et-letique-36-cartes-jeu-jouet\/"},"modified":"2025-04-01T12:43:44","modified_gmt":"2025-04-01T10:43:44","slug":"jeu-le-bon-comportement-et-letique-36-cartes-jeu-jouet","status":"publish","type":"product","link":"https:\/\/lamaktaba.fr\/index.php\/produit\/jeu-le-bon-comportement-et-letique-36-cartes-jeu-jouet","title":{"rendered":"Le bon comportement et l&rsquo;\u00e9thique: Jeu de 36 Cartes (Fran\u00e7ais- Arabe)"},"content":{"rendered":"<p>Jeu \u00ab\u00a0Le bon comportement et l&rsquo;\u00e9thique\u00a0\u00bb: 36 Cartes &#8211; \u0627\u0644\u0622\u062f\u0627\u0628 \u0648\u0627\u0644\u0623\u062e\u0644\u0627\u0642;Le jeu \u00ab\u00a0Le bon comportement et l&rsquo;\u00e9thique &#8211; \u0627\u0644\u0622\u062f\u0627\u0628 \u0648\u0627\u0644\u0623\u062e\u0644\u0627\u0642 \u00a0\u00bb est un jeu de 36 cartes pour apprendre aux enfants tout en s&rsquo;amusant l&rsquo;\u00e9thique islamique;- Des textes et des phrases simples accompagn\u00e9s des signes diacritiques.;- D\u00e9finition br\u00e8ve de l&rsquo;\u00e9thique islamique que nous devons avoir.;- Mise en \u00e9vidence des plus importantes \u00e9thiques islamiques.;- Des images attractives et montage \u00e9l\u00e9gant qui conviennent au go\u00fbt de l&rsquo;enfant.;- Des cartes en langue arabe et en langue fran\u00e7aise, avec la m\u00e9thode de prononciation.;- Un petit livre d\u00e9di\u00e9 sp\u00e9cialement pour les activit\u00e9s qui appuient le processus d&rsquo;apprentissage.;- Une carte sp\u00e9cifique pour \u00e9valuer l&rsquo;engagement de l&rsquo;enfant aux valeurs islamiques qu&rsquo;il a acquises.<\/p>\n","protected":false},"excerpt":{"rendered":"<p>Jeu \u00ab\u00a0Le bon comportement et l&rsquo;\u00e9thique\u00a0\u00bb: 36 Cartes &#8211; \u0627\u0644\u0622\u062f\u0627\u0628 \u0648\u0627\u0644\u0623\u062e\u0644\u0627\u0642;Le jeu \u00ab\u00a0Le bon comportement et l&rsquo;\u00e9thique &#8211; \u0627\u0644\u0622\u062f\u0627\u0628 \u0648\u0627\u0644\u0623\u062e\u0644\u0627\u0642 \u00a0\u00bb est un jeu de 36 cartes pour apprendre aux enfants tout en s&rsquo;amusant l&rsquo;\u00e9thique islamique;- Des textes et des phrases simples accompagn\u00e9s des signes diacritiques.;- D\u00e9finition br\u00e8ve de l&rsquo;\u00e9thique islamique que nous devons avoir.;- Mise en \u00e9vidence des plus importantes \u00e9thiques islamiques.;- Des images attractives et montage \u00e9l\u00e9gant qui conviennent au go\u00fbt de l&rsquo;enfant.;- Des cartes en langue arabe et en langue fran\u00e7aise, avec la m\u00e9thode de prononciation.;- Un petit livre d\u00e9di\u00e9 sp\u00e9cialement pour les activit\u00e9s qui appuient le processus d&rsquo;apprentissage.;- Une carte sp\u00e9cifique pour \u00e9valuer l&rsquo;engagement de l&rsquo;enfant aux valeurs islamiques qu&rsquo;il a acquises.<\/p>\n","protected":false},"featured_media":37099,"comment_status":"open","ping_status":"closed","template":"","meta":[],"product_brand":[],"product_cat":[15],"product_tag":[],"class_list":{"0":"post-35837","1":"product","2":"type-product","3":"status-publish","4":"has-post-thumbnail","6":"product_cat-non-classe","8":"first","9":"instock","10":"shipping-taxable","11":"purchasable","12":"product-type-simple"},"_links":{"self":[{"href":"https:\/\/lamaktaba.fr\/index.php\/wp-json\/wp\/v2\/product\/35837","targetHints":{"allow":["GET"]}}],"collection":[{"href":"https:\/\/lamaktaba.fr\/index.php\/wp-json\/wp\/v2\/product"}],"about":[{"href":"https:\/\/lamaktaba.fr\/index.php\/wp-json\/wp\/v2\/types\/product"}],"replies":[{"embeddable":true,"href":"https:\/\/lamaktaba.fr\/index.php\/wp-json\/wp\/v2\/comments?post=35837"}],"wp:featuredmedia":[{"embeddable":true,"href":"https:\/\/lamaktaba.fr\/index.php\/wp-json\/wp\/v2\/media\/37099"}],"wp:attachment":[{"href":"https:\/\/lamaktaba.fr\/index.php\/wp-json\/wp\/v2\/media?parent=35837"}],"wp:term":[{"taxonomy":"product_brand","embeddable":true,"href":"https:\/\/lamaktaba.fr\/index.php\/wp-json\/wp\/v2\/product_brand?post=35837"},{"taxonomy":"product_cat","embeddable":true,"href":"https:\/\/lamaktaba.fr\/index.php\/wp-json\/wp\/v2\/product_cat?post=35837"},{"taxonomy":"product_tag","embeddable":true,"href":"https:\/\/lamaktaba.fr\/index.php\/wp-json\/wp\/v2\/product_tag?post=35837"}],"curies":[{"name":"wp","href":"https:\/\/api.w.org\/{rel}","templated":true}]}}