{"id":35822,"date":"2021-03-09T21:44:06","date_gmt":"2021-03-09T20:44:06","guid":{"rendered":"https:\/\/lamaktaba.fr\/index.php\/produit\/la-vie-des-prophetes-en-islam-jawad-ali\/"},"modified":"2025-04-01T12:44:40","modified_gmt":"2025-04-01T10:44:40","slug":"la-vie-des-prophetes-en-islam-jawad-ali","status":"publish","type":"product","link":"https:\/\/lamaktaba.fr\/index.php\/produit\/la-vie-des-prophetes-en-islam-jawad-ali","title":{"rendered":"La vie des Proph\u00e8tes en Islam (pour les jeunes)"},"content":{"rendered":"<p>Titre: La vie des Proph\u00e8tes en Islam (pour les jeunes);Auteur: Jawad Ali;Edition: LA RUCHE;Support: Livre;Theme: Piliers de la FOI;Description: La bonne \u00e9ducation des jeunes et des adolescents est un souci majeur pour tout parent et enseignant, De cette \u00e9ducation d\u00e9pend en grande partie leur vie pr\u00e9sente et future, Ce petit livre est con\u00e7u dans un style adapt\u00e9 aux jeunes en vue de leur faire d\u00e9couvrir la vie des Proph\u00e8tes recens\u00e9 dans le Coran et la tradition musulmane depuis Adam jusqu&rsquo;\u00e0 Mohammed.<\/p>\n","protected":false},"excerpt":{"rendered":"<p>Titre: La vie des Proph\u00e8tes en Islam (pour les jeunes);Auteur: Jawad Ali;Edition: LA RUCHE;Support: Livre;Theme: Piliers de la FOI;Description: La bonne \u00e9ducation des jeunes et des adolescents est un souci majeur pour tout parent et enseignant, De cette \u00e9ducation d\u00e9pend en grande partie leur vie pr\u00e9sente et future, Ce petit livre est con\u00e7u dans un style adapt\u00e9 aux jeunes en vue de leur faire d\u00e9couvrir la vie des Proph\u00e8tes recens\u00e9 dans le Coran et la tradition musulmane depuis Adam jusqu&rsquo;\u00e0 Mohammed.<\/p>\n","protected":false},"featured_media":36977,"comment_status":"open","ping_status":"closed","template":"","meta":[],"product_brand":[],"product_cat":[15],"product_tag":[],"class_list":{"0":"post-35822","1":"product","2":"type-product","3":"status-publish","4":"has-post-thumbnail","6":"product_cat-non-classe","8":"first","9":"instock","10":"shipping-taxable","11":"purchasable","12":"product-type-simple"},"_links":{"self":[{"href":"https:\/\/lamaktaba.fr\/index.php\/wp-json\/wp\/v2\/product\/35822","targetHints":{"allow":["GET"]}}],"collection":[{"href":"https:\/\/lamaktaba.fr\/index.php\/wp-json\/wp\/v2\/product"}],"about":[{"href":"https:\/\/lamaktaba.fr\/index.php\/wp-json\/wp\/v2\/types\/product"}],"replies":[{"embeddable":true,"href":"https:\/\/lamaktaba.fr\/index.php\/wp-json\/wp\/v2\/comments?post=35822"}],"wp:featuredmedia":[{"embeddable":true,"href":"https:\/\/lamaktaba.fr\/index.php\/wp-json\/wp\/v2\/media\/36977"}],"wp:attachment":[{"href":"https:\/\/lamaktaba.fr\/index.php\/wp-json\/wp\/v2\/media?parent=35822"}],"wp:term":[{"taxonomy":"product_brand","embeddable":true,"href":"https:\/\/lamaktaba.fr\/index.php\/wp-json\/wp\/v2\/product_brand?post=35822"},{"taxonomy":"product_cat","embeddable":true,"href":"https:\/\/lamaktaba.fr\/index.php\/wp-json\/wp\/v2\/product_cat?post=35822"},{"taxonomy":"product_tag","embeddable":true,"href":"https:\/\/lamaktaba.fr\/index.php\/wp-json\/wp\/v2\/product_tag?post=35822"}],"curies":[{"name":"wp","href":"https:\/\/api.w.org\/{rel}","templated":true}]}}