{"id":35778,"date":"2021-03-09T21:44:03","date_gmt":"2021-03-09T20:44:03","guid":{"rendered":"https:\/\/lamaktaba.fr\/index.php\/produit\/pour-une-vie-heureuse-remedes-contre-la-tristesse-et-langoisse-collectif\/"},"modified":"2025-04-01T12:44:08","modified_gmt":"2025-04-01T10:44:08","slug":"pour-une-vie-heureuse-remedes-contre-la-tristesse-et-langoisse-collectif","status":"publish","type":"product","link":"https:\/\/lamaktaba.fr\/index.php\/produit\/pour-une-vie-heureuse-remedes-contre-la-tristesse-et-langoisse-collectif","title":{"rendered":"Pour une vie heureuse &#8211; Rem\u00e8des contre la tristesse et l&rsquo;angoisse &#8211; Collectif &#8211; Equipe \u00e9ditoriale Orientica &#8211; Livre"},"content":{"rendered":"<p>Ce livre est destin\u00e9 \u00e0 tout individu ayant v\u00e9cu une infortune, une difficult\u00e9 ou une peine, \u00e0 toute personne affect\u00e9e par une calamit\u00e9.;Ce livre se pr\u00e9sente comme une tentative de r\u00e9sumer la litt\u00e9rature musulmane traitant des nombreux maux qui affectent les individus dans la soci\u00e9t\u00e9 moderne. Ceci repr\u00e9sente une synth\u00e8se des r\u00e9flexions de grands penseurs musulmans anciens et contemporains, il vise \u00e0 pr\u00e9senter aux lecteurs des solutions aux probl\u00e8mes actuels majeurs qui sont l\u2019angoisse et la tristesse, le mal de vivre et le d\u00e9sespoir, la jalousie et le pessimisme, etc. Ces solutions sont essentiellement recueillies dans le Coran, la Parole d\u2019Allah, le Sage, l\u2019Omniscient;[ Dieu ignorerait-Il ce qu\u2019Il a Lui-m\u00eame cr\u00e9\u00e9, Lui le Subtil, le si Bien-Inform\u00e9. ];(S.67, Al-Mulk, V.14);Ces solutions sont aussi puis\u00e9es dans la tradition proph\u00e9tique, dans les mots et la vie du Proph\u00e8te Muhammad (saw) qui: [ Ne dit rien sous l\u2019effet de la passion. Ce n\u2019est en fait qu\u2019une R\u00e9v\u00e9lation inspir\u00e9e. ] (S.53, An-Najm, V.3\/4);La vis\u00e9e premi\u00e8re de ce livre est d\u2019apporter le bonheur, la s\u00e9r\u00e9nit\u00e9 et la qui\u00e9tude, de donner une lueur d\u2019espoir, d\u2019optimisme et d\u2019esp\u00e9rance en un avenir prosp\u00e8re. C\u2019est aussi un rappel de la Mis\u00e9ricorde d\u2019Allah (awj), de Son Indulgence, de la n\u00e9cessit\u00e9 de se remettre \u00e0 Lui, de la n\u00e9cessit\u00e9 d\u2019avoir foi au destin, de vivre au jour le jour sans se soucier de l\u2019avenir et de se rappeler toujours les Gr\u00e2ces d\u2019Allah (swt).;Ainsi, dans ce livre, les dires sont corrobor\u00e9s par des versets coraniques et des hadiths, dans leur majorit\u00e9, authentiques.;Vous trouverez aussi des r\u00e9cits et des t\u00e9moignages de compagnons et de pieux pr\u00e9d\u00e9cesseurs qui sont tels des phares qui nous \u00e9clairent notre chemin en ces temps difficiles.;Livre en fran\u00e7ais mais les versets coraniques sont \u00e9galement cit\u00e9s en arabe.;SOMMAIRE;PR\u00c9FACE&#8230;.. 5;\u00d4 ALLAH !&#8230;.. 7;LES NOMS ET LES ATTRIBUTS D\u2019ALLAH&#8230;.. 8;L\u2019ESSENCE DU BONHEUR&#8230;.. 10;Comment d\u00e9finit-on le bonheur?&#8230;.. 10;Le bonheur que procure la foi 11;Le bonheur des pieux pr\u00e9d\u00e9cesseurs&#8230;.. 13;L\u2019Islam, la religion du bonheur&#8230;.. 15;Les bienheureux et les malheureux dans le Coran et la tradition proph\u00e9tique&#8230;.. 17;LA BIENFAISANCE APPORTE LA JOUISSANCE&#8230;.. 22;CONTENTE-TOI !&#8230;.. 23;R\u00e9fl\u00e9chis et remercie&#8230;.. 23;Sois reconnaissant !&#8230;.. 23;NE PENSE PLUS AU PASS\u00c9 !&#8230;.. 26;VIS AU JOUR LE JOUR !&#8230;.. 27;N\u2019ANTICIPE PAS L\u2019AVENIR&#8230;.. 30;COMMENT SE COMPORTER FACE AUX D\u00c9NIGREMENTS?&#8230;.. 32;N\u2019ATTENDS DE GRATITUDE DE PERSONNE !&#8230;.. 34;SOIS TOI-M\u00caME !&#8230;.. 36;LA PR\u00c9DESTINATION&#8230;.. 37;LA PATIENCE&#8230;.. 39;Rappelle-toi la mort du Proph\u00e8te (SAW)&#8230;.. 41;Une r\u00e9signation extraordinaire !&#8230;.. 41;LA D\u00c9LIVRANCE&#8230;.. 44;REGARDE LE C\u00d4T\u00c9 POSITIF DES CHOSES !&#8230;.. 46;RESTE CHEZ TOI !&#8230;.. 47;LA COMPENSATION VIENT D\u2019ALLAH (SWT)&#8230;.. 48;Une patience exemplaire&#8230;.. 49;LA FOI EST LA VIE&#8230;.. 51;La r\u00e9alit\u00e9 de la foi monoth\u00e9iste&#8230;.. 51;LA CL\u00c9MENCE&#8230;.. 53;CRAIGNEZ ALLAH (SWT) EN CE QUI CONCERNE LES FEMMES !&#8230;.. 55;Le savais-tu ma s\u0153ur?&#8230;.. 56;LA JALOUSIE&#8230;.. 58;PRENDS LA VIE TELLE QU\u2019ELLE EST&#8230;.. 59;La valeur de la vie d\u2019ici-bas&#8230;.. 59;ESTIME-TOI HEUREUX !&#8230;.. 62;ACCOURS \u00c0 LA PRI\u00c8RE !&#8230;.. 64;LE VOYAGE&#8230;.. 66;TAKE IT EASY !&#8230;.. 67;QUELLES SONT TES PR\u00c9OCCUPATIONS?&#8230;.. 69;LE PARADIS&#8230;.. 71;Le Paradis s\u2019impatiente !&#8230;.. 72;PARDONNE !&#8230;.. 74;SOURIS !&#8230;.. 76;Le rire en Islam&#8230;.. 77;LA VIE AU SERVICE D\u2019ALLAH (SWT)&#8230;.. 79;LE TRAVAIL&#8230;.. 80;Le travail et le savoir&#8230;.. 81;Le travail chasse la tristesse&#8230;.. 82;NE T\u2019EMPORTE PAS !&#8230;.. 83;LA FORTUNE !&#8230;.. 85;La subsistance licite&#8230;.. 85;La subsistance et l\u2019ob\u00e9issance \u00e0 Allah (SWT)&#8230;.. 87;De quoi avons-nous vraiment besoin pour subsister?&#8230;.. 88;Une arme \u00e0 double tranchant&#8230;.. 88;LA VIE EST BELLE !&#8230;.. 90;LE SUICIDE. EST-CE UNE SOLUTION?&#8230;.. 92;SOIS OPTIMISTE !&#8230;.. 94;SOIS COURAGEUX !&#8230;.. 96;NE T\u2019ATTRISTE PAS !&#8230;.. 98;La tristesse lou\u00e9e&#8230;.. 99;Rem\u00e8des contre la tristesse&#8230;.. 100;LA SOUFFRANCE EST UNE GR\u00c2CE !&#8230;.. 103;La souffrance vue autrement&#8230;.. 104;AMOUR ET D\u00c9VOUEMENT POUR LE PROPH\u00c8TE (SAW)&#8230;.. 106;Quelques exemples&#8230;.. 106;Pourquoi tout cet amour?&#8230;.. 106;Mu h ammad, un signe de la Mis\u00e9ricorde d\u2019Allah (SWT)&#8230;.. 107;LES PORTES DU REPENTIR&#8230;.. 108;LA LECTURE&#8230;.. 112;UN AUTRE JOUR !&#8230;.. 113;ACCEPTE LA CRITIQUE CONSTRUCTIVE !&#8230;.. 114;SOIS R\u00c9SOLU !&#8230;.. 115;LA VIE NE M\u00c9RITE PAS TOUT CET ACHARNEMENT !&#8230;.. 116;LA VIE EST COURTE&#8230;.. 118;La valeur de la vie d\u2019ici-bas aux Yeux d\u2019Allah (SWT)&#8230;.. 119;LA VOIE M\u00c9DIANE&#8230;.. 121;RETROUVE LA CONFIANCE EN ALLAH (SWT)&#8230;.. 124;LES CONS\u00c9QUENCES DES P\u00c9CH\u00c9S&#8230;.. 126;LE CORAN&#8230;.. 129;L\u2019\u00c9VOCATION D\u2019ALLAH (SWT)&#8230;.. 132;Les m\u00e9rites de l\u2019\u00e9vocation d\u2019Allah (SWT)&#8230;.. 132;La meilleure des invocations \u00abAd-Du\u2018\u00e2\u2019\u00bb&#8230;.. 135;Invoque en faveur de ton fr\u00e8re&#8230;.. 136;Les diff\u00e9rentes formules d\u2019imploration&#8230;.. 136;La demande de Pardon&#8230;.. 137;\u00ab Y\u00e2 dh\u00e2-l-Jal\u00e2li Wa-l-Ik r \u00e2m \u00bb&#8230;.. 139;\u00ab Y\u00e2 H ayyu, y\u00e2 Qayy\u00fbm \u00bb&#8230;.. 139;Quelques r\u00e9cits sur l\u2019exaucement des pri\u00e8res&#8230;.. 139;INVOCATIONS DU MATIN ET DU SOIR&#8230;.. 141;LE HANDICAP ET LE SUCC\u00c8S&#8230;.. 150;LA VERTU&#8230;.. 152;L\u2019INSOMNIE&#8230;.. 155;L\u2019AMOUR&#8230;.. 156;Une religion de l\u2019amour&#8230;.. 156;Des gens que Dieu (SWT) aime&#8230;.. 157;Celui qui aime ob\u00e9it \u00e0 son bien-aim\u00e9&#8230;.. 158;L\u2019amour licite&#8230;.. 158;L\u2019amour illicite&#8230;.. 159;L\u2019AMITI\u00c9&#8230;.. 162;Le choix des amis&#8230;.. 163;Comment nous comporter avec nos amis?&#8230;.. 164;LE COUPLE&#8230;.. 166;Conseils pour une vie heureuse&#8230;.. 166;NE SOIS PAS INJUSTE !&#8230;.. 169;Allah (SWT) a plus de Pouvoir sur toi !&#8230;.. 170;L\u2019invocation de l\u2019opprim\u00e9&#8230;.. 171;Quelques r\u00e9cits sur l\u2019invocation de l\u2019opprim\u00e9&#8230;.. 171;Quelques mots pour l\u2019opprim\u00e9 !&#8230;.. 172;Remets-toi en question&#8230;.. 173;LA SCIENCE ET LA RELIGION&#8230;.. 174;L\u2019ATH\u00c9ISME, UNE VRAIE DAMNATION&#8230;.. 177;CONCLUSION&#8230;.. 181<\/p>\n","protected":false},"excerpt":{"rendered":"<p>Ce livre est destin\u00e9 \u00e0 tout individu ayant v\u00e9cu une infortune, une difficult\u00e9 ou une peine, \u00e0 toute personne affect\u00e9e par une calamit\u00e9.;Ce livre se pr\u00e9sente comme une tentative de r\u00e9sumer la litt\u00e9rature musulmane traitant des nombreux maux qui affectent les individus dans la soci\u00e9t\u00e9 moderne. Ceci repr\u00e9sente une synth\u00e8se des r\u00e9flexions de grands penseurs musulmans anciens et contemporains, il vise \u00e0 pr\u00e9senter aux lecteurs des solutions aux probl\u00e8mes actuels majeurs qui sont l\u2019angoisse et la tristesse, le mal de vivre et le d\u00e9sespoir, la jalousie et le pessimisme, etc. Ces solutions sont essentiellement recueillies dans le Coran, la Parole d\u2019Allah, le Sage, l\u2019Omniscient;[ Dieu ignorerait-Il ce qu\u2019Il a Lui-m\u00eame cr\u00e9\u00e9, Lui le Subtil, le si Bien-Inform\u00e9. ];(S.67, Al-Mulk, V.14);Ces solutions sont aussi puis\u00e9es dans la tradition proph\u00e9tique, dans les mots et la vie du Proph\u00e8te Muhammad (saw) qui: [ Ne dit rien sous l\u2019effet de la passion. Ce n\u2019est en fait qu\u2019une R\u00e9v\u00e9lation inspir\u00e9e. ] (S.53, An-Najm, V.3\/4);La vis\u00e9e premi\u00e8re de ce livre est d\u2019apporter le bonheur, la s\u00e9r\u00e9nit\u00e9 et la qui\u00e9tude, de donner une lueur d\u2019espoir, d\u2019optimisme et d\u2019esp\u00e9rance en un avenir prosp\u00e8re. C\u2019est aussi un rappel de la Mis\u00e9ricorde d\u2019Allah (awj), de Son Indulgence, de la n\u00e9cessit\u00e9 de se remettre \u00e0 Lui, de la n\u00e9cessit\u00e9 d\u2019avoir foi au destin, de vivre au jour le jour sans se soucier de l\u2019avenir et de se rappeler toujours les Gr\u00e2ces d\u2019Allah (swt).;Ainsi, dans ce livre, les dires sont corrobor\u00e9s par des versets coraniques et des hadiths, dans leur majorit\u00e9, authentiques.;Vous trouverez aussi des r\u00e9cits et des t\u00e9moignages de compagnons et de pieux pr\u00e9d\u00e9cesseurs qui sont tels des phares qui nous \u00e9clairent notre chemin en ces temps difficiles.;Livre en fran\u00e7ais mais les versets coraniques sont \u00e9galement cit\u00e9s en arabe.;SOMMAIRE;PR\u00c9FACE&#8230;.. 5;\u00d4 ALLAH !&#8230;.. 7;LES NOMS ET LES ATTRIBUTS D\u2019ALLAH&#8230;.. 8;L\u2019ESSENCE DU BONHEUR&#8230;.. 10;Comment d\u00e9finit-on le bonheur?&#8230;.. 10;Le bonheur que procure la foi 11;Le bonheur des pieux pr\u00e9d\u00e9cesseurs&#8230;.. 13;L\u2019Islam, la religion du bonheur&#8230;.. 15;Les bienheureux et les malheureux dans le Coran et la tradition proph\u00e9tique&#8230;.. 17;LA BIENFAISANCE APPORTE LA JOUISSANCE&#8230;.. 22;CONTENTE-TOI !&#8230;.. 23;R\u00e9fl\u00e9chis et remercie&#8230;.. 23;Sois reconnaissant !&#8230;.. 23;NE PENSE PLUS AU PASS\u00c9 !&#8230;.. 26;VIS AU JOUR LE JOUR !&#8230;.. 27;N\u2019ANTICIPE PAS L\u2019AVENIR&#8230;.. 30;COMMENT SE COMPORTER FACE AUX D\u00c9NIGREMENTS?&#8230;.. 32;N\u2019ATTENDS DE GRATITUDE DE PERSONNE !&#8230;.. 34;SOIS TOI-M\u00caME !&#8230;.. 36;LA PR\u00c9DESTINATION&#8230;.. 37;LA PATIENCE&#8230;.. 39;Rappelle-toi la mort du Proph\u00e8te (SAW)&#8230;.. 41;Une r\u00e9signation extraordinaire !&#8230;.. 41;LA D\u00c9LIVRANCE&#8230;.. 44;REGARDE LE C\u00d4T\u00c9 POSITIF DES CHOSES !&#8230;.. 46;RESTE CHEZ TOI !&#8230;.. 47;LA COMPENSATION VIENT D\u2019ALLAH (SWT)&#8230;.. 48;Une patience exemplaire&#8230;.. 49;LA FOI EST LA VIE&#8230;.. 51;La r\u00e9alit\u00e9 de la foi monoth\u00e9iste&#8230;.. 51;LA CL\u00c9MENCE&#8230;.. 53;CRAIGNEZ ALLAH (SWT) EN CE QUI CONCERNE LES FEMMES !&#8230;.. 55;Le savais-tu ma s\u0153ur?&#8230;.. 56;LA JALOUSIE&#8230;.. 58;PRENDS LA VIE TELLE QU\u2019ELLE EST&#8230;.. 59;La valeur de la vie d\u2019ici-bas&#8230;.. 59;ESTIME-TOI HEUREUX !&#8230;.. 62;ACCOURS \u00c0 LA PRI\u00c8RE !&#8230;.. 64;LE VOYAGE&#8230;.. 66;TAKE IT EASY !&#8230;.. 67;QUELLES SONT TES PR\u00c9OCCUPATIONS?&#8230;.. 69;LE PARADIS&#8230;.. 71;Le Paradis s\u2019impatiente !&#8230;.. 72;PARDONNE !&#8230;.. 74;SOURIS !&#8230;.. 76;Le rire en Islam&#8230;.. 77;LA VIE AU SERVICE D\u2019ALLAH (SWT)&#8230;.. 79;LE TRAVAIL&#8230;.. 80;Le travail et le savoir&#8230;.. 81;Le travail chasse la tristesse&#8230;.. 82;NE T\u2019EMPORTE PAS !&#8230;.. 83;LA FORTUNE !&#8230;.. 85;La subsistance licite&#8230;.. 85;La subsistance et l\u2019ob\u00e9issance \u00e0 Allah (SWT)&#8230;.. 87;De quoi avons-nous vraiment besoin pour subsister?&#8230;.. 88;Une arme \u00e0 double tranchant&#8230;.. 88;LA VIE EST BELLE !&#8230;.. 90;LE SUICIDE. EST-CE UNE SOLUTION?&#8230;.. 92;SOIS OPTIMISTE !&#8230;.. 94;SOIS COURAGEUX !&#8230;.. 96;NE T\u2019ATTRISTE PAS !&#8230;.. 98;La tristesse lou\u00e9e&#8230;.. 99;Rem\u00e8des contre la tristesse&#8230;.. 100;LA SOUFFRANCE EST UNE GR\u00c2CE !&#8230;.. 103;La souffrance vue autrement&#8230;.. 104;AMOUR ET D\u00c9VOUEMENT POUR LE PROPH\u00c8TE (SAW)&#8230;.. 106;Quelques exemples&#8230;.. 106;Pourquoi tout cet amour?&#8230;.. 106;Mu h ammad, un signe de la Mis\u00e9ricorde d\u2019Allah (SWT)&#8230;.. 107;LES PORTES DU REPENTIR&#8230;.. 108;LA LECTURE&#8230;.. 112;UN AUTRE JOUR !&#8230;.. 113;ACCEPTE LA CRITIQUE CONSTRUCTIVE !&#8230;.. 114;SOIS R\u00c9SOLU !&#8230;.. 115;LA VIE NE M\u00c9RITE PAS TOUT CET ACHARNEMENT !&#8230;.. 116;LA VIE EST COURTE&#8230;.. 118;La valeur de la vie d\u2019ici-bas aux Yeux d\u2019Allah (SWT)&#8230;.. 119;LA VOIE M\u00c9DIANE&#8230;.. 121;RETROUVE LA CONFIANCE EN ALLAH (SWT)&#8230;.. 124;LES CONS\u00c9QUENCES DES P\u00c9CH\u00c9S&#8230;.. 126;LE CORAN&#8230;.. 129;L\u2019\u00c9VOCATION D\u2019ALLAH (SWT)&#8230;.. 132;Les m\u00e9rites de l\u2019\u00e9vocation d\u2019Allah (SWT)&#8230;.. 132;La meilleure des invocations \u00abAd-Du\u2018\u00e2\u2019\u00bb&#8230;.. 135;Invoque en faveur de ton fr\u00e8re&#8230;.. 136;Les diff\u00e9rentes formules d\u2019imploration&#8230;.. 136;La demande de Pardon&#8230;.. 137;\u00ab Y\u00e2 dh\u00e2-l-Jal\u00e2li Wa-l-Ik r \u00e2m \u00bb&#8230;.. 139;\u00ab Y\u00e2 H ayyu, y\u00e2 Qayy\u00fbm \u00bb&#8230;.. 139;Quelques r\u00e9cits sur l\u2019exaucement des pri\u00e8res&#8230;.. 139;INVOCATIONS DU MATIN ET DU SOIR&#8230;.. 141;LE HANDICAP ET LE SUCC\u00c8S&#8230;.. 150;LA VERTU&#8230;.. 152;L\u2019INSOMNIE&#8230;.. 155;L\u2019AMOUR&#8230;.. 156;Une religion de l\u2019amour&#8230;.. 156;Des gens que Dieu (SWT) aime&#8230;.. 157;Celui qui aime ob\u00e9it \u00e0 son bien-aim\u00e9&#8230;.. 158;L\u2019amour licite&#8230;.. 158;L\u2019amour illicite&#8230;.. 159;L\u2019AMITI\u00c9&#8230;.. 162;Le choix des amis&#8230;.. 163;Comment nous comporter avec nos amis?&#8230;.. 164;LE COUPLE&#8230;.. 166;Conseils pour une vie heureuse&#8230;.. 166;NE SOIS PAS INJUSTE !&#8230;.. 169;Allah (SWT) a plus de Pouvoir sur toi !&#8230;.. 170;L\u2019invocation de l\u2019opprim\u00e9&#8230;.. 171;Quelques r\u00e9cits sur l\u2019invocation de l\u2019opprim\u00e9&#8230;.. 171;Quelques mots pour l\u2019opprim\u00e9 !&#8230;.. 172;Remets-toi en question&#8230;.. 173;LA SCIENCE ET LA RELIGION&#8230;.. 174;L\u2019ATH\u00c9ISME, UNE VRAIE DAMNATION&#8230;.. 177;CONCLUSION&#8230;.. 180<\/p>\n","protected":false},"featured_media":35779,"comment_status":"open","ping_status":"closed","template":"","meta":[],"product_brand":[],"product_cat":[15],"product_tag":[],"class_list":{"0":"post-35778","1":"product","2":"type-product","3":"status-publish","4":"has-post-thumbnail","6":"product_cat-non-classe","7":"pa_auteur-collectif-equipe-editoriale-orientica","8":"pa_code-produit-ref-22199","9":"pa_editeur-orientica","10":"pa_format-148-x-21-cm","11":"pa_langue-francais-arabe","12":"pa_nombre-de-pages-721","14":"first","15":"outofstock","16":"shipping-taxable","17":"purchasable","18":"product-type-simple"},"_links":{"self":[{"href":"https:\/\/lamaktaba.fr\/index.php\/wp-json\/wp\/v2\/product\/35778","targetHints":{"allow":["GET"]}}],"collection":[{"href":"https:\/\/lamaktaba.fr\/index.php\/wp-json\/wp\/v2\/product"}],"about":[{"href":"https:\/\/lamaktaba.fr\/index.php\/wp-json\/wp\/v2\/types\/product"}],"replies":[{"embeddable":true,"href":"https:\/\/lamaktaba.fr\/index.php\/wp-json\/wp\/v2\/comments?post=35778"}],"wp:featuredmedia":[{"embeddable":true,"href":"https:\/\/lamaktaba.fr\/index.php\/wp-json\/wp\/v2\/media\/35779"}],"wp:attachment":[{"href":"https:\/\/lamaktaba.fr\/index.php\/wp-json\/wp\/v2\/media?parent=35778"}],"wp:term":[{"taxonomy":"product_brand","embeddable":true,"href":"https:\/\/lamaktaba.fr\/index.php\/wp-json\/wp\/v2\/product_brand?post=35778"},{"taxonomy":"product_cat","embeddable":true,"href":"https:\/\/lamaktaba.fr\/index.php\/wp-json\/wp\/v2\/product_cat?post=35778"},{"taxonomy":"product_tag","embeddable":true,"href":"https:\/\/lamaktaba.fr\/index.php\/wp-json\/wp\/v2\/product_tag?post=35778"}],"curies":[{"name":"wp","href":"https:\/\/api.w.org\/{rel}","templated":true}]}}