{"id":35731,"date":"2021-09-03T21:44:00","date_gmt":"2021-09-03T19:44:00","guid":{"rendered":"https:\/\/lamaktaba.fr\/index.php\/produit\/le-probleme-des-idees-dans-le-monde-musulman-malek-bennabi\/"},"modified":"2025-04-01T12:46:18","modified_gmt":"2025-04-01T10:46:18","slug":"le-probleme-des-idees-dans-le-monde-musulman-malek-bennabi","status":"publish","type":"product","link":"https:\/\/lamaktaba.fr\/index.php\/produit\/le-probleme-des-idees-dans-le-monde-musulman-malek-bennabi","title":{"rendered":"Le probl\u00e8me des id\u00e9es dans le monde musulman, de Malek Bennabi, Collection Malek Bennabi"},"content":{"rendered":"<p>Le probl\u00e8me des id\u00e9es dans le monde musulman, Collection Malek Bennabi;Dans le probl\u00e8me des id\u00e9es dans le monde musulman, Malek Bennabi montre la primordialit\u00e9 de l&rsquo;id\u00e9e, en tant que force, en tant que dynamique. Elle est la base de toute action, de tout changement possible. Sans l&rsquo;id\u00e9e, il n&rsquo; y a que d\u00e9ch\u00e9ance, et c&rsquo;est ce qui a fait le d\u00e9faut de l&rsquo;homme musulman qui a pr\u00e9f\u00e9r\u00e9 s&rsquo;attacher au monde des choses plut\u00f4t qu&rsquo;au monde des id\u00e9es.;Dans cet ouvrage, Malek Bennabi inscrit le besoin n\u00e9cessaire du retour \u00e0 la pens\u00e9e, \u00e0 l&rsquo;enrichissement intellectuel dynamique, vivant, et non scl\u00e9rosant et pompeux. Il rappelle que le souffle de la r\u00e9v\u00e9lation coranique a \u00e9t\u00e9 intimement li\u00e9 \u00e0 la notion d&rsquo;id\u00e9e, de rappel \u00e0 l&rsquo;esprit, \u00e0 l&rsquo;intellect, \u00e0 travers les premiers versets r\u00e9v\u00e9l\u00e9s: \u00ab Lis ! \u00bb. Ainsi l &lsquo;homme est-il fait pour se construire un monde bas\u00e9 sur des id\u00e9es, avant de se construire un monde fix\u00e9 sur l&rsquo;obsession de la chose.;Cet ouvrage captivant compl\u00e8te Le probl\u00e8me de la culture, \u00e0 travers une r\u00e9flexion peu rencontr\u00e9e jusqu&rsquo;alors dans la sph\u00e8re intellectuelle musulmane.;\u00c0 propos de l&rsquo;auteur: Malek Bennabi;Malek Bennabi (1905-1973) a longuement \u00e9tudi\u00e9 les probl\u00e8mes de civilisation en g\u00e9n\u00e9ral et ceux du monde musulman, Fortement impr\u00e9gn\u00e9 de la culture arabo-musulmane et occidentale, on lui doit le concept de \u00ab colonisabilit\u00e9 \u00bb, concept caract\u00e9risant les soci\u00e9t\u00e9s en d\u00e9cadence. Il a \u00e0 son actif plus d&rsquo;une vingtaine d&rsquo;ouvrages traitant de civilisation, de culture, d&rsquo;id\u00e9ologie en g\u00e9n\u00e9ral et de probl\u00e8mes li\u00e9s \u00e0 la stagnation de la soci\u00e9t\u00e9 musulmane en particulier. Par ses \u00e9crits, Malek Bennabi voulait ainsi \u00e9veiller les consciences musulmanes et relancer une renaissance de la soci\u00e9t\u00e9 musulmane.<\/p>\n","protected":false},"excerpt":{"rendered":"<p>Le probl\u00e8me des id\u00e9es dans le monde musulman, Collection Malek Bennabi;Dans le probl\u00e8me des id\u00e9es dans le monde musulman, Malek Bennabi montre la primordialit\u00e9 de l&rsquo;id\u00e9e, en tant que force, en tant que dynamique. Elle est la base de toute action, de tout changement possible. Sans l&rsquo;id\u00e9e, il n&rsquo; y a que d\u00e9ch\u00e9ance, et c&rsquo;est ce qui a fait le d\u00e9faut de l&rsquo;homme musulman qui a pr\u00e9f\u00e9r\u00e9 s&rsquo;attacher au monde des choses plut\u00f4t qu&rsquo;au monde des id\u00e9es.;Dans cet ouvrage, Malek Bennabi inscrit le besoin n\u00e9cessaire du retour \u00e0 la pens\u00e9e, \u00e0 l&rsquo;enrichissement intellectuel dynamique, vivant, et non scl\u00e9rosant et pompeux. Il rappelle que le souffle de la r\u00e9v\u00e9lation coranique a \u00e9t\u00e9 intimement li\u00e9 \u00e0 la notion d&rsquo;id\u00e9e, de rappel \u00e0 l&rsquo;esprit, \u00e0 l&rsquo;intellect, \u00e0 travers les premiers versets r\u00e9v\u00e9l\u00e9s: \u00ab Lis ! \u00bb. Ainsi l &lsquo;homme est-il fait pour se construire un monde bas\u00e9 sur des id\u00e9es, avant de se construire un monde fix\u00e9 sur l&rsquo;obsession de la chose.;Cet ouvrage captivant compl\u00e8te Le probl\u00e8me de la culture, \u00e0 travers une r\u00e9flexion peu rencontr\u00e9e jusqu&rsquo;alors dans la sph\u00e8re intellectuelle musulmane.;\u00c0 propos de l&rsquo;auteur: Malek Bennabi;Malek Bennabi (1905-1973) a longuement \u00e9tudi\u00e9 les probl\u00e8mes de civilisation en g\u00e9n\u00e9ral et ceux du monde musulman, Fortement impr\u00e9gn\u00e9 de la culture arabo-musulmane et occidentale, on lui doit le concept de \u00ab colonisabilit\u00e9 \u00bb, concept caract\u00e9risant les soci\u00e9t\u00e9s en d\u00e9cadence. Il a \u00e0 son actif plus d&rsquo;une vingtaine d&rsquo;ouvrages traitant de civilisation, de culture, d&rsquo;id\u00e9ologie en g\u00e9n\u00e9ral et de probl\u00e8mes li\u00e9s \u00e0 la stagnation de la soci\u00e9t\u00e9 musulmane en particulier. Par ses \u00e9crits, Malek Bennabi voulait ainsi \u00e9veiller les consciences musulmanes et relancer une renaissance de la soci\u00e9t\u00e9 musulmane.<\/p>\n","protected":false},"featured_media":37242,"comment_status":"open","ping_status":"closed","template":"","meta":[],"product_brand":[],"product_cat":[1941],"product_tag":[],"class_list":{"0":"post-35731","1":"product","2":"type-product","3":"status-publish","4":"has-post-thumbnail","6":"product_cat-islam-aujourdhui","8":"first","9":"outofstock","10":"shipping-taxable","11":"purchasable","12":"product-type-simple"},"_links":{"self":[{"href":"https:\/\/lamaktaba.fr\/index.php\/wp-json\/wp\/v2\/product\/35731","targetHints":{"allow":["GET"]}}],"collection":[{"href":"https:\/\/lamaktaba.fr\/index.php\/wp-json\/wp\/v2\/product"}],"about":[{"href":"https:\/\/lamaktaba.fr\/index.php\/wp-json\/wp\/v2\/types\/product"}],"replies":[{"embeddable":true,"href":"https:\/\/lamaktaba.fr\/index.php\/wp-json\/wp\/v2\/comments?post=35731"}],"wp:featuredmedia":[{"embeddable":true,"href":"https:\/\/lamaktaba.fr\/index.php\/wp-json\/wp\/v2\/media\/37242"}],"wp:attachment":[{"href":"https:\/\/lamaktaba.fr\/index.php\/wp-json\/wp\/v2\/media?parent=35731"}],"wp:term":[{"taxonomy":"product_brand","embeddable":true,"href":"https:\/\/lamaktaba.fr\/index.php\/wp-json\/wp\/v2\/product_brand?post=35731"},{"taxonomy":"product_cat","embeddable":true,"href":"https:\/\/lamaktaba.fr\/index.php\/wp-json\/wp\/v2\/product_cat?post=35731"},{"taxonomy":"product_tag","embeddable":true,"href":"https:\/\/lamaktaba.fr\/index.php\/wp-json\/wp\/v2\/product_tag?post=35731"}],"curies":[{"name":"wp","href":"https:\/\/api.w.org\/{rel}","templated":true}]}}