{"id":35718,"date":"2021-09-03T21:43:00","date_gmt":"2021-09-03T19:43:00","guid":{"rendered":"https:\/\/lamaktaba.fr\/index.php\/produit\/la-hijama-une-therapie-ancestrale-miraculeuse\/"},"modified":"2025-04-01T12:45:28","modified_gmt":"2025-04-01T10:45:28","slug":"la-hijama-une-therapie-ancestrale-miraculeuse","status":"publish","type":"product","link":"https:\/\/lamaktaba.fr\/index.php\/produit\/la-hijama-une-therapie-ancestrale-miraculeuse","title":{"rendered":"La Hij\u00e2ma, une th\u00e9rapie ancestrale miraculeuse"},"content":{"rendered":"<p>La Hij\u00e2ma, une th\u00e9rapie ancestrale miraculeuse;Alternative th\u00e9rapeutique remarquable et exemplaire \u2013 mais peu connue \u00e0 notre \u00e9poque avec la fulgurante avanc\u00e9e de la m\u00e9decine moderne depuis la deuxi\u00e8me moiti\u00e9 du XIXe si\u00e8cle \u2013 la hij\u00e2ma revient sous les feux de la rampe et suscite maintenant l&rsquo;int\u00e9r\u00eat du public et celui des sp\u00e9cialistes de la m\u00e9decine depuis un quart de si\u00e8cle environ.;En effet, on constate, depuis quelques dizaines d&rsquo;ann\u00e9es, un vaste engouement pour cette th\u00e9rapie s\u00e9culaire \u00e0 travers le monde, que ce soit aupr\u00e8s des professionnels de la sant\u00e9 ou aupr\u00e8s des gens communs mais, plus particuli\u00e8rement, au sein de la communaut\u00e9 musulmane un peu partout \u00e0 travers la Plan\u00e8te.;Avec l&rsquo;apparition de nouvelles maladies et de cas pathologiques inconnus auparavant, et dus aux produits chimiques induits par le d\u00e9veloppement industriel, la pollution g\u00e9n\u00e9r\u00e9e et m\u00eame par les effets nocifs de certains m\u00e9dicaments de la m\u00e9decine moderne, les sp\u00e9cialistes de la m\u00e9decine ont d\u00fb faire recours \u00e0 la m\u00e9decine parall\u00e8le qui avait fait preuve de son efficacit\u00e9 durant des si\u00e8cles.;La hij\u00e2ma est une m\u00e9thode th\u00e9rapeutique qui int\u00e8gre plusieurs disciplines comme l&rsquo;acupuncture, la r\u00e9flexologie, etc. Sa pratique s&rsquo;est r\u00e9pandue dans le monde entier et de tr\u00e8s nombreux \u00c9tats ont ouvert des cliniques pour la pratiquer. Ainsi, elle s&rsquo;est d\u00e9velopp\u00e9e, entre autres, par les \u00e9coles chinoise, allemande, am\u00e9ricaine et syrienne.;Marque ORIENTICA Editions R\u00e9f\u00e9rence 9782356351388;Fiche technique AUTEUR: &#8211; Equipe \u00e9ditoriale Orientica LANGUE: -.Fran\u00e7ais ANNEE: &#8211; 2016 SUPPORT: &#8211; Livre THEME: &#8211; Th\u00e9rapie ancestrale, Sant\u00e9, M\u00e9decine \u00c9DITIONS: &#8211; Orientica Condition: &#8211; Neuf Nombre de Pages: &#8211; 80 FORMAT (CM): 14,8 x 21 cm Poids (kg): &#8211; 0.124 kg EAN13: &#8211; 9782356351388 RELIURE: &#8211; Souple;R\u00e9f\u00e9rences sp\u00e9cifiques;Donnez votre avis;Aucun commentaire pour le moment<\/p>\n","protected":false},"excerpt":{"rendered":"<p>La Hij\u00e2ma, une th\u00e9rapie ancestrale miraculeuse;Alternative th\u00e9rapeutique remarquable et exemplaire \u2013 mais peu connue \u00e0 notre \u00e9poque avec la fulgurante avanc\u00e9e de la m\u00e9decine moderne depuis la deuxi\u00e8me moiti\u00e9 du XIXe si\u00e8cle \u2013 la hij\u00e2ma revient sous les feux de la rampe et suscite maintenant l&rsquo;int\u00e9r\u00eat du public et celui des sp\u00e9cialistes de la m\u00e9decine depuis un quart de si\u00e8cle environ.;En effet, on constate, depuis quelques dizaines d&rsquo;ann\u00e9es, un vaste engouement pour cette th\u00e9rapie s\u00e9culaire \u00e0 travers le monde, que ce soit aupr\u00e8s des professionnels de la sant\u00e9 ou aupr\u00e8s des gens communs mais, plus particuli\u00e8rement, au sein de la communaut\u00e9 musulmane un peu partout \u00e0 travers la Plan\u00e8te.;Avec l&rsquo;apparition de nouvelles maladies et de cas pathologiques inconnus auparavant, et dus aux produits chimiques induits par le d\u00e9veloppement industriel, la pollution g\u00e9n\u00e9r\u00e9e et m\u00eame par les effets nocifs de certains m\u00e9dicaments de la m\u00e9decine moderne, les sp\u00e9cialistes de la m\u00e9decine ont d\u00fb faire recours \u00e0 la m\u00e9decine parall\u00e8le qui avait fait preuve de son efficacit\u00e9 durant des si\u00e8cles.;La hij\u00e2ma est une m\u00e9thode th\u00e9rapeutique qui int\u00e8gre plusieurs disciplines comme l&rsquo;acupuncture, la r\u00e9flexologie, etc. Sa pratique s&rsquo;est r\u00e9pandue dans le monde entier et de tr\u00e8s nombreux \u00c9tats ont ouvert des cliniques pour la pratiquer. Ainsi, elle s&rsquo;est d\u00e9velopp\u00e9e, entre autres, par les \u00e9coles chinoise, allemande, am\u00e9ricaine et syrienne.;Marque ORIENTICA Editions R\u00e9f\u00e9rence 9782356351388;Fiche technique AUTEUR: &#8211; Equipe \u00e9ditoriale Orientica LANGUE: -.Fran\u00e7ais ANNEE: &#8211; 2016 SUPPORT: &#8211; Livre THEME: &#8211; Th\u00e9rapie ancestrale, Sant\u00e9, M\u00e9decine \u00c9DITIONS: &#8211; Orientica Condition: &#8211; Neuf Nombre de Pages: &#8211; 80 FORMAT (CM): 14,8 x 21 cm Poids (kg): &#8211; 0.124 kg EAN13: &#8211; 9782356351388 RELIURE: &#8211; Souple;R\u00e9f\u00e9rences sp\u00e9cifiques;Donnez votre avis;Aucun commentaire pour le moment<\/p>\n","protected":false},"featured_media":37111,"comment_status":"open","ping_status":"closed","template":"","meta":[],"product_brand":[],"product_cat":[1936],"product_tag":[],"class_list":{"0":"post-35718","1":"product","2":"type-product","3":"status-publish","4":"has-post-thumbnail","6":"product_cat-roqya-et-sante","8":"first","9":"outofstock","10":"shipping-taxable","11":"purchasable","12":"product-type-simple"},"_links":{"self":[{"href":"https:\/\/lamaktaba.fr\/index.php\/wp-json\/wp\/v2\/product\/35718","targetHints":{"allow":["GET"]}}],"collection":[{"href":"https:\/\/lamaktaba.fr\/index.php\/wp-json\/wp\/v2\/product"}],"about":[{"href":"https:\/\/lamaktaba.fr\/index.php\/wp-json\/wp\/v2\/types\/product"}],"replies":[{"embeddable":true,"href":"https:\/\/lamaktaba.fr\/index.php\/wp-json\/wp\/v2\/comments?post=35718"}],"wp:featuredmedia":[{"embeddable":true,"href":"https:\/\/lamaktaba.fr\/index.php\/wp-json\/wp\/v2\/media\/37111"}],"wp:attachment":[{"href":"https:\/\/lamaktaba.fr\/index.php\/wp-json\/wp\/v2\/media?parent=35718"}],"wp:term":[{"taxonomy":"product_brand","embeddable":true,"href":"https:\/\/lamaktaba.fr\/index.php\/wp-json\/wp\/v2\/product_brand?post=35718"},{"taxonomy":"product_cat","embeddable":true,"href":"https:\/\/lamaktaba.fr\/index.php\/wp-json\/wp\/v2\/product_cat?post=35718"},{"taxonomy":"product_tag","embeddable":true,"href":"https:\/\/lamaktaba.fr\/index.php\/wp-json\/wp\/v2\/product_tag?post=35718"}],"curies":[{"name":"wp","href":"https:\/\/api.w.org\/{rel}","templated":true}]}}