{"id":35716,"date":"2021-03-09T21:43:58","date_gmt":"2021-03-09T20:43:58","guid":{"rendered":"https:\/\/lamaktaba.fr\/index.php\/produit\/demain-la-tombe-de-shaykh-muhammad-husayn-yaqub-4eme-edition\/"},"modified":"2025-04-01T12:45:14","modified_gmt":"2025-04-01T10:45:14","slug":"demain-la-tombe-de-shaykh-muhammad-husayn-yaqub-4eme-edition","status":"publish","type":"product","link":"https:\/\/lamaktaba.fr\/index.php\/produit\/demain-la-tombe-de-shaykh-muhammad-husayn-yaqub-4eme-edition","title":{"rendered":"Demain la Tombe, de shaykh Muhammad Husayn Ya&rsquo;qub (4\u00e8me \u00e9dition)"},"content":{"rendered":"<p>Demain la Tombe, de shaykh Muhammad Husayn Ya&rsquo;qub;Regard de l&rsquo;int\u00e9rieur;Chers fr\u00e8res, chers s\u0153urs, les mortels Par Allah vous mourrez! Allah Le Tout Puissant nous averti dans le Saint Coran;Toute \u00e2me go\u00fbtera la mort et au jour de la r\u00e9surrection vous ne recevrez que vos salaires&#8230; \u00ab\u00a0\u00a0\u00bbSi seulement tu voyais le moment o\u00f9 les injustes seront dans les vertiges de la mort, et o\u00f9 les Anges, tendant les mains,&#8230; \u00ab\u00a0\u00a0\u00bbL&rsquo;agonie de la mort fait appara\u00eetre la v\u00e9rit\u00e9: \u00ab\u00a0Voila ce que tu \u00e0 voulu toujours \u00e9viter. \u00ab\u00a0\u00a0\u00bbDis- leur: La mort que vous fuyez vous rattrapera bient\u00f4t, puis vous serez ramen\u00e9s vers celui qui a connaissance de ce qui est cel\u00e9 de ce qui est manifest\u00e9 et il vous avisera de ce que vous faisiez.;Mes fr\u00e8res et s\u0153urs en Allah, mes bien-aim\u00e9s&#8230;;Arr\u00eatez-vous et m\u00e9ditez ! R\u00e9fl\u00e9chissez \u00e0 votre prochaine \u00e9tape&#8230;;Personne n&rsquo;\u00e9chappe \u00e0 Allah (Exalt\u00e9 Soit-Il), craignons les terreurs de la tombe ! Que se passerait-il apr\u00e8s? Vous serez seul dans votre tombe.;La conversation de la tombe. L&rsquo;\u00e9treinte de la tombe. L&rsquo;interrogation fait par les deux Anges, l&rsquo;ouverture d&rsquo;une porte soit vers le Paradis, soit vers l&rsquo;Enfer. Les causes du ch\u00e2timent de la tombe. Et comment \u00eatre \u00e0 l\u2019abri du ch\u00e2timent de la tombe? DEMAIN LA TOMBE&#8230;;Marque ALMADINA Editions R\u00e9f\u00e9rence 9789954954317;Fiche technique AUTEUR: &#8211; Shaykh Muhammad Husayn Ya&rsquo;qub LANGUE: -.Fran\u00e7ais ANNEE: &#8211; 2015 SUPPORT: &#8211; Livre THEME: &#8211; Piliers de la Foi \u00c9DITIONS: &#8211; Edition Al Madina Condition: &#8211; Neuf Nombre de Pages: &#8211; 128 FORMAT (CM): 14 x 21 cm EAN13: &#8211; 9789954954317 RELIURE: &#8211; Souple.Traduction: &#8211; Mohammad Karimi;R\u00e9f\u00e9rences sp\u00e9cifiques;Donnez votre avis;Aucun commentaire pour le moment<\/p>\n","protected":false},"excerpt":{"rendered":"<p>Demain la Tombe, de shaykh Muhammad Husayn Ya&rsquo;qub;Regard de l&rsquo;int\u00e9rieur;Chers fr\u00e8res, chers s\u0153urs, les mortels Par Allah vous mourrez! Allah Le Tout Puissant nous averti dans le Saint Coran;Toute \u00e2me go\u00fbtera la mort et au jour de la r\u00e9surrection vous ne recevrez que vos salaires&#8230; \u00ab\u00a0\u00a0\u00bbSi seulement tu voyais le moment o\u00f9 les injustes seront dans les vertiges de la mort, et o\u00f9 les Anges, tendant les mains,&#8230; \u00ab\u00a0\u00a0\u00bbL&rsquo;agonie de la mort fait appara\u00eetre la v\u00e9rit\u00e9: \u00ab\u00a0Voila ce que tu \u00e0 voulu toujours \u00e9viter. \u00ab\u00a0\u00a0\u00bbDis- leur: La mort que vous fuyez vous rattrapera bient\u00f4t, puis vous serez ramen\u00e9s vers celui qui a connaissance de ce qui est cel\u00e9 de ce qui est manifest\u00e9 et il vous avisera de ce que vous faisiez.;Mes fr\u00e8res et s\u0153urs en Allah, mes bien-aim\u00e9s&#8230;;Arr\u00eatez-vous et m\u00e9ditez ! R\u00e9fl\u00e9chissez \u00e0 votre prochaine \u00e9tape&#8230;;Personne n&rsquo;\u00e9chappe \u00e0 Allah (Exalt\u00e9 Soit-Il), craignons les terreurs de la tombe ! Que se passerait-il apr\u00e8s? Vous serez seul dans votre tombe.;La conversation de la tombe. L&rsquo;\u00e9treinte de la tombe. L&rsquo;interrogation fait par les deux Anges, l&rsquo;ouverture d&rsquo;une porte soit vers le Paradis, soit vers l&rsquo;Enfer. Les causes du ch\u00e2timent de la tombe. Et comment \u00eatre \u00e0 l\u2019abri du ch\u00e2timent de la tombe? DEMAIN LA TOMBE&#8230;;Marque ALMADINA Editions R\u00e9f\u00e9rence 9789954954317;Fiche technique AUTEUR: &#8211; Shaykh Muhammad Husayn Ya&rsquo;qub LANGUE: -.Fran\u00e7ais ANNEE: &#8211; 2015 SUPPORT: &#8211; Livre THEME: &#8211; Piliers de la Foi \u00c9DITIONS: &#8211; Edition Al Madina Condition: &#8211; Neuf Nombre de Pages: &#8211; 128 FORMAT (CM): 14 x 21 cm EAN13: &#8211; 9789954954317 RELIURE: &#8211; Souple.Traduction: &#8211; Mohammad Karimi;R\u00e9f\u00e9rences sp\u00e9cifiques;Donnez votre avis;Aucun commentaire pour le moment<\/p>\n","protected":false},"featured_media":35717,"comment_status":"open","ping_status":"closed","template":"","meta":[],"product_brand":[],"product_cat":[15],"product_tag":[],"class_list":{"0":"post-35716","1":"product","2":"type-product","3":"status-publish","4":"has-post-thumbnail","6":"product_cat-non-classe","7":"pa_annee-381","8":"pa_auteur-shaykh-muhammad-husayn-yaqub","9":"pa_editeur-almadina-editions","10":"pa_format-14-x-21-cm","11":"pa_langue-francais","12":"pa_nombre-de-pages-438","13":"pa_reliure-souple","15":"first","16":"instock","17":"shipping-taxable","18":"purchasable","19":"product-type-simple"},"_links":{"self":[{"href":"https:\/\/lamaktaba.fr\/index.php\/wp-json\/wp\/v2\/product\/35716","targetHints":{"allow":["GET"]}}],"collection":[{"href":"https:\/\/lamaktaba.fr\/index.php\/wp-json\/wp\/v2\/product"}],"about":[{"href":"https:\/\/lamaktaba.fr\/index.php\/wp-json\/wp\/v2\/types\/product"}],"replies":[{"embeddable":true,"href":"https:\/\/lamaktaba.fr\/index.php\/wp-json\/wp\/v2\/comments?post=35716"}],"wp:featuredmedia":[{"embeddable":true,"href":"https:\/\/lamaktaba.fr\/index.php\/wp-json\/wp\/v2\/media\/35717"}],"wp:attachment":[{"href":"https:\/\/lamaktaba.fr\/index.php\/wp-json\/wp\/v2\/media?parent=35716"}],"wp:term":[{"taxonomy":"product_brand","embeddable":true,"href":"https:\/\/lamaktaba.fr\/index.php\/wp-json\/wp\/v2\/product_brand?post=35716"},{"taxonomy":"product_cat","embeddable":true,"href":"https:\/\/lamaktaba.fr\/index.php\/wp-json\/wp\/v2\/product_cat?post=35716"},{"taxonomy":"product_tag","embeddable":true,"href":"https:\/\/lamaktaba.fr\/index.php\/wp-json\/wp\/v2\/product_tag?post=35716"}],"curies":[{"name":"wp","href":"https:\/\/api.w.org\/{rel}","templated":true}]}}