{"id":35706,"date":"2021-09-03T21:43:00","date_gmt":"2021-09-03T19:43:00","guid":{"rendered":"https:\/\/lamaktaba.fr\/index.php\/produit\/les-qualites-sublimes-du-prophete-de-lislam-sws-de-limam-al-ghazali\/"},"modified":"2025-04-01T12:45:45","modified_gmt":"2025-04-01T10:45:45","slug":"les-qualites-sublimes-du-prophete-de-lislam-sws-de-limam-al-ghazali","status":"publish","type":"product","link":"https:\/\/lamaktaba.fr\/index.php\/produit\/les-qualites-sublimes-du-prophete-de-lislam-sws-de-limam-al-ghazali","title":{"rendered":"Les Qualit\u00e9s Sublimes du Proph\u00e8te de l&rsquo;Islam (sws), de l&rsquo;imam Al-Ghaz\u00e2l\u00ee"},"content":{"rendered":"<p>Les Qualit\u00e9s Sublimes du Proph\u00e8te de l&rsquo;Islam (sws) (Sagesse, Courage, Chastet\u00e9, \u00c9quit\u00e9, Sinc\u00e9rit\u00e9, Fid\u00e9lit\u00e9, Int\u00e9grit\u00e9, Magnanimit\u00e9, Cl\u00e9mence,&#8230;), de l&rsquo;imam Al-Ghaz\u00e2l\u00ee, Collection Revivification des Bonnes Pratiques de la Religion Musulmane, Traduction du livre: \u00ab Kit\u00e2b &lsquo;\u00e2d\u00e2b l-ma&rsquo;\u00eesha wa akhl\u00e2q n-nubuwa \u00bb (\u0643\u062a\u0627\u0628 \u0622\u062f\u0627\u0628 \u0627\u0644\u0645\u0639\u064a\u0634\u0629 \u0648 \u0623\u062e\u0644\u0627\u0642 \u0627\u0644\u0646\u0628\u0648\u0629);Dans ce livre de l&rsquo; Imam al-Ghaz\u00e2l\u00ee traite de l&rsquo; \u00e2d\u00e2b exclusivement \u00e0 la lumi\u00e8re du mod\u00e8le proph\u00e9tique, lequel est la v\u00e9ritable norme pour les croyants. Le mot pluris\u00e9mantique &lsquo; \u00e2d\u00e2b n&rsquo;a pas son \u00e9quivalent exact en fran\u00e7ais. Il signifie \u00e0 la fois bonne \u00e9ducation, bon caract\u00e8re, biens\u00e9ance, politesse, noblesse du comportement, convenance louable, civilit\u00e9, sociabilit\u00e9, morale pratique, bonne conduite.;Parler donc de l&rsquo; \u00e2d\u00e2b proph\u00e9tique revient \u00e0 mettre la lumi\u00e8re sur les sublimes qualit\u00e9s du proph\u00e8te de l&rsquo;Islam (sws) tels que sa sagesse, son courage, sa chastet\u00e9 et son \u00e9quit\u00e9, ainsi que sa pi\u00e9t\u00e9, sa sinc\u00e9rit\u00e9, sa v\u00e9ridicit\u00e9, sa loyaut\u00e9, sa g\u00e9n\u00e9rosit\u00e9, sa magnanimit\u00e9, sa cl\u00e9mence\u2026;Enfin, l&rsquo;imam termine le livre par la description de ses caract\u00e9ristiques physiques et par l&rsquo;\u00e9vocation de quelques uns de ses miracles.;\u00c0 propos de l&rsquo;auteur: L &lsquo;imam Abou H\u00e2mid al-Ghaz\u00e2l\u00ee;L &lsquo;imam Abou H\u00e2mid al-Ghaz\u00e2l\u00ee (1 058-1111) est sans conteste le savant musulman le plus lu et appr\u00e9ci\u00e9 de tous les temps. Ses \u00e9crits embrassent tous les domaines de la foi et de la vie du croyant. Il constitue un mod\u00e8le authentique de la grande \u00e9rudition musulmane.;Collection: Revivication des Bonnes Pratiques de la Religion Musulmane;Cette collection traduit les livres de l&rsquo; ihya &lsquo;. Elle vise \u00e0 revivifier les sciences et les pratiques de l&rsquo;Islam, Qu &lsquo;elles soient culturelles, spirituelles, \u00e9thiques, morales ou soci\u00e9tales ainsi que le savoir-vivre et le savoir-\u1ebftre musulman.<\/p>\n","protected":false},"excerpt":{"rendered":"<p>Les Qualit\u00e9s Sublimes du Proph\u00e8te de l&rsquo;Islam (sws) (Sagesse, Courage, Chastet\u00e9, \u00c9quit\u00e9, Sinc\u00e9rit\u00e9, Fid\u00e9lit\u00e9, Int\u00e9grit\u00e9, Magnanimit\u00e9, Cl\u00e9mence,&#8230;), de l&rsquo;imam Al-Ghaz\u00e2l\u00ee, Collection Revivification des Bonnes Pratiques de la Religion Musulmane, Traduction du livre: \u00ab Kit\u00e2b &lsquo;\u00e2d\u00e2b l-ma&rsquo;\u00eesha wa akhl\u00e2q n-nubuwa \u00bb (\u0643\u062a\u0627\u0628 \u0622\u062f\u0627\u0628 \u0627\u0644\u0645\u0639\u064a\u0634\u0629 \u0648 \u0623\u062e\u0644\u0627\u0642 \u0627\u0644\u0646\u0628\u0648\u0629);Dans ce livre de l&rsquo; Imam al-Ghaz\u00e2l\u00ee traite de l&rsquo; \u00e2d\u00e2b exclusivement \u00e0 la lumi\u00e8re du mod\u00e8le proph\u00e9tique, lequel est la v\u00e9ritable norme pour les croyants. Le mot pluris\u00e9mantique &lsquo; \u00e2d\u00e2b n&rsquo;a pas son \u00e9quivalent exact en fran\u00e7ais. Il signifie \u00e0 la fois bonne \u00e9ducation, bon caract\u00e8re, biens\u00e9ance, politesse, noblesse du comportement, convenance louable, civilit\u00e9, sociabilit\u00e9, morale pratique, bonne conduite.;Parler donc de l&rsquo; \u00e2d\u00e2b proph\u00e9tique revient \u00e0 mettre la lumi\u00e8re sur les sublimes qualit\u00e9s du proph\u00e8te de l&rsquo;Islam (sws) tels que sa sagesse, son courage, sa chastet\u00e9 et son \u00e9quit\u00e9, ainsi que sa pi\u00e9t\u00e9, sa sinc\u00e9rit\u00e9, sa v\u00e9ridicit\u00e9, sa loyaut\u00e9, sa g\u00e9n\u00e9rosit\u00e9, sa magnanimit\u00e9, sa cl\u00e9mence\u2026;Enfin, l&rsquo;imam termine le livre par la description de ses caract\u00e9ristiques physiques et par l&rsquo;\u00e9vocation de quelques uns de ses miracles.;\u00c0 propos de l&rsquo;auteur: L &lsquo;imam Abou H\u00e2mid al-Ghaz\u00e2l\u00ee;L &lsquo;imam Abou H\u00e2mid al-Ghaz\u00e2l\u00ee (1 058-1111) est sans conteste le savant musulman le plus lu et appr\u00e9ci\u00e9 de tous les temps. Ses \u00e9crits embrassent tous les domaines de la foi et de la vie du croyant. Il constitue un mod\u00e8le authentique de la grande \u00e9rudition musulmane.;Collection: Revivication des Bonnes Pratiques de la Religion Musulmane;Cette collection traduit les livres de l&rsquo; ihya &lsquo;. Elle vise \u00e0 revivifier les sciences et les pratiques de l&rsquo;Islam, Qu &lsquo;elles soient culturelles, spirituelles, \u00e9thiques, morales ou soci\u00e9tales ainsi que le savoir-vivre et le savoir-\u1ebftre musulman.<\/p>\n","protected":false},"featured_media":35707,"comment_status":"open","ping_status":"closed","template":"","meta":[],"product_brand":[],"product_cat":[15],"product_tag":[],"class_list":{"0":"post-35706","1":"product","2":"type-product","3":"status-publish","4":"has-post-thumbnail","6":"product_cat-non-classe","8":"first","9":"outofstock","10":"shipping-taxable","11":"purchasable","12":"product-type-simple"},"_links":{"self":[{"href":"https:\/\/lamaktaba.fr\/index.php\/wp-json\/wp\/v2\/product\/35706","targetHints":{"allow":["GET"]}}],"collection":[{"href":"https:\/\/lamaktaba.fr\/index.php\/wp-json\/wp\/v2\/product"}],"about":[{"href":"https:\/\/lamaktaba.fr\/index.php\/wp-json\/wp\/v2\/types\/product"}],"replies":[{"embeddable":true,"href":"https:\/\/lamaktaba.fr\/index.php\/wp-json\/wp\/v2\/comments?post=35706"}],"wp:featuredmedia":[{"embeddable":true,"href":"https:\/\/lamaktaba.fr\/index.php\/wp-json\/wp\/v2\/media\/35707"}],"wp:attachment":[{"href":"https:\/\/lamaktaba.fr\/index.php\/wp-json\/wp\/v2\/media?parent=35706"}],"wp:term":[{"taxonomy":"product_brand","embeddable":true,"href":"https:\/\/lamaktaba.fr\/index.php\/wp-json\/wp\/v2\/product_brand?post=35706"},{"taxonomy":"product_cat","embeddable":true,"href":"https:\/\/lamaktaba.fr\/index.php\/wp-json\/wp\/v2\/product_cat?post=35706"},{"taxonomy":"product_tag","embeddable":true,"href":"https:\/\/lamaktaba.fr\/index.php\/wp-json\/wp\/v2\/product_tag?post=35706"}],"curies":[{"name":"wp","href":"https:\/\/api.w.org\/{rel}","templated":true}]}}