{"id":35705,"date":"2021-09-03T21:43:00","date_gmt":"2021-09-03T19:43:00","guid":{"rendered":"https:\/\/lamaktaba.fr\/index.php\/produit\/dentifrice-miswak-dabur-135g\/"},"modified":"2025-04-01T12:44:32","modified_gmt":"2025-04-01T10:44:32","slug":"dentifrice-miswak-dabur-135g","status":"publish","type":"product","link":"https:\/\/lamaktaba.fr\/index.php\/produit\/dentifrice-miswak-dabur-135g","title":{"rendered":"Dentifrice Miswak Dabur 135g"},"content":{"rendered":"<p>Titre: Dentifrice Miswak Dabur 135g<br \/>Auteur: Dabur<br \/>Edition: Dabur<br \/>Support: Alimentaire  >  Beaut\u00e9, Soins naturels<br \/>Theme: Alimentaire  >  Beaut\u00e9, Soins naturels<br \/>Description: Meswak est un dentifrice \u00e0 base d&rsquo;herbes scientifiquement formul\u00e9 avec de l&rsquo;extrait pur de \u00abSalvadora Persica\u00bb de la plante Miswak, \u00abArbre brosse \u00e0 dents\u00bb du c\u00e9l\u00e8bre utilis\u00e9 depuis des si\u00e8cles. Les propri\u00e9t\u00e9s astringentes et anti-bact\u00e9riennes de l&rsquo;aide Meswak r\u00e9duire la carie dentaire, combattre la plaque et de pr\u00e9venir les maladies des gencives. Miswak Herb est une plante rare, puissant, herbes inestimables \u00e9merveillement, qui offre des avantages incroyables Oral Care. Dabur apporte cette herbe \u00e9tonnant sous la forme d&rsquo;incroyable \u00bbMeswak &lsquo;dentifrice. Il est scientifiquement prouv\u00e9 pour r\u00e9duire le tartre et la plaque, les germes et les bact\u00e9ries se bat pour garder gencive saine, aide \u00e0 pr\u00e9venir la carie dentaire, \u00e9limine la mauvaise haleine et d&rsquo;assurer des dents solides. En bref, Meswak offre incroyable Oral Care. Pas \u00e9tonnant, Meswak est aujourd&rsquo;hui la plus grande marque de dentifrice de prime dans le pays. Meswak est disponible en 4 r\u00e9f\u00e9rences: Family Pack, 200gm, 100gm et 50gm. INFORMATION OBLIGATOIRE MISE A JOUR B.NO.NL.1113 P.04\/2011 E.12\/2013<\/p>\n","protected":false},"excerpt":{"rendered":"<p>Titre: Dentifrice Miswak Dabur 135g<br \/>Auteur: Dabur<br \/>Edition: Dabur<br \/>Support: Alimentaire  >  Beaut\u00e9, Soins naturels<br \/>Theme: Alimentaire  >  Beaut\u00e9, Soins naturels<br \/>Description: Meswak est un dentifrice \u00e0 base d&rsquo;herbes scientifiquement formul\u00e9 avec de l&rsquo;extrait pur de \u00abSalvadora Persica\u00bb de la plante Miswak, \u00abArbre brosse \u00e0 dents\u00bb du c\u00e9l\u00e8bre utilis\u00e9 depuis des si\u00e8cles. Les propri\u00e9t\u00e9s astringentes et anti-bact\u00e9riennes de l&rsquo;aide Meswak r\u00e9duire la carie dentaire, combattre la plaque et de pr\u00e9venir les maladies des gencives. Miswak Herb est une plante rare, puissant, herbes inestimables \u00e9merveillement, qui offre des avantages incroyables Oral Care. Dabur apporte cette herbe \u00e9tonnant sous la forme d&rsquo;incroyable \u00bbMeswak &lsquo;dentifrice. Il est scientifiquement prouv\u00e9 pour r\u00e9duire le tartre et la plaque, les germes et les bact\u00e9ries se bat pour garder gencive saine, aide \u00e0 pr\u00e9venir la carie dentaire, \u00e9limine la mauvaise haleine et d&rsquo;assurer des dents solides. En bref, Meswak offre incroyable Oral Care. Pas \u00e9tonnant, Meswak est aujourd&rsquo;hui la plus grande marque de dentifrice de prime dans le pays. Meswak est disponible en 4 r\u00e9f\u00e9rences: Family Pack, 200gm, 100gm et 50gm. INFORMATION OBLIGATOIRE MISE A JOUR B.NO.NL.1113 P.04\/2011 E.12\/2012<\/p>\n","protected":false},"featured_media":0,"comment_status":"open","ping_status":"closed","template":"","meta":[],"product_brand":[],"product_cat":[82],"product_tag":[],"class_list":{"0":"post-35705","1":"product","2":"type-product","3":"status-publish","5":"product_cat-beaute-soins-naturels-alimentaire","7":"first","8":"outofstock","9":"shipping-taxable","10":"purchasable","11":"product-type-simple"},"_links":{"self":[{"href":"https:\/\/lamaktaba.fr\/index.php\/wp-json\/wp\/v2\/product\/35705","targetHints":{"allow":["GET"]}}],"collection":[{"href":"https:\/\/lamaktaba.fr\/index.php\/wp-json\/wp\/v2\/product"}],"about":[{"href":"https:\/\/lamaktaba.fr\/index.php\/wp-json\/wp\/v2\/types\/product"}],"replies":[{"embeddable":true,"href":"https:\/\/lamaktaba.fr\/index.php\/wp-json\/wp\/v2\/comments?post=35705"}],"wp:attachment":[{"href":"https:\/\/lamaktaba.fr\/index.php\/wp-json\/wp\/v2\/media?parent=35705"}],"wp:term":[{"taxonomy":"product_brand","embeddable":true,"href":"https:\/\/lamaktaba.fr\/index.php\/wp-json\/wp\/v2\/product_brand?post=35705"},{"taxonomy":"product_cat","embeddable":true,"href":"https:\/\/lamaktaba.fr\/index.php\/wp-json\/wp\/v2\/product_cat?post=35705"},{"taxonomy":"product_tag","embeddable":true,"href":"https:\/\/lamaktaba.fr\/index.php\/wp-json\/wp\/v2\/product_tag?post=35705"}],"curies":[{"name":"wp","href":"https:\/\/api.w.org\/{rel}","templated":true}]}}