{"id":357,"date":"2020-03-02T10:00:00","date_gmt":"2020-03-02T09:00:00","guid":{"rendered":"https:\/\/lamaktaba.fr\/index.php\/produit\/18-la-laideur-du-peche-charnel\/"},"modified":"2025-04-01T12:47:12","modified_gmt":"2025-04-01T10:47:12","slug":"18-la-laideur-du-peche-charnel","status":"publish","type":"product","link":"https:\/\/lamaktaba.fr\/index.php\/produit\/18-la-laideur-du-peche-charnel","title":{"rendered":"18-La laideur du p\u00e9ch\u00e9 charnel"},"content":{"rendered":"<p>Titre: La laideur du p\u00e9ch\u00e9 charnel;Auteur: Ibn Hazm;Edition: LA RUCHE;Support: Livre;Theme: Education et Purification de L&rsquo;\u00e2me;Description: Notre \u00e9poque est certes une \u00e9poque de d\u00e9cadence morale manifeste, au point o\u00f9 il est m\u00eame devenu interdit de bl\u00e2mer le p\u00e9ch\u00e9. Cependant on peut \u00e9crire tout ce que l&rsquo;on veut de licencieux, et m\u00eame d&rsquo;insultant pour la morale, et la religion. C&rsquo;est une p\u00e9riode difficile qualifi\u00e9e par certains comme \u00ab\u00a0l&rsquo;\u00e2ge sombre\u00a0\u00bb de l&rsquo;humanit\u00e9. C&rsquo;est pourquoi cet \u00e9crit de Ibn Hazm est salutaire car il met le lecteur face \u00e0 ses responsabilit\u00e9s et l&rsquo;aide \u00e0 se d\u00e9faire du fatalisme des p\u00e9ch\u00e9s. Il d\u00e9montre \u00e9galement que l&rsquo;on peut lutter contre la tentation charnelle.<\/p>\n","protected":false},"excerpt":{"rendered":"<p>Titre: La laideur du p\u00e9ch\u00e9 charnel;Auteur: Ibn Hazm;Edition: LA RUCHE;Support: Livre;Theme: Education et Purification de L&rsquo;\u00e2me;Description: Notre \u00e9poque est certes une \u00e9poque de d\u00e9cadence morale manifeste, au point o\u00f9 il est m\u00eame devenu interdit de bl\u00e2mer le p\u00e9ch\u00e9. Cependant on peut \u00e9crire tout ce que l&rsquo;on veut de licencieux, et m\u00eame d&rsquo;insultant pour la morale, et la religion. C&rsquo;est une p\u00e9riode difficile qualifi\u00e9e par certains comme \u00ab\u00a0l&rsquo;\u00e2ge sombre\u00a0\u00bb de l&rsquo;humanit\u00e9. C&rsquo;est pourquoi cet \u00e9crit de Ibn Hazm est salutaire car il met le lecteur face \u00e0 ses responsabilit\u00e9s et l&rsquo;aide \u00e0 se d\u00e9faire du fatalisme des p\u00e9ch\u00e9s. Il d\u00e9montre \u00e9galement que l&rsquo;on peut lutter contre la tentation charnelle.<\/p>\n","protected":false},"featured_media":5418,"comment_status":"open","ping_status":"closed","template":"","meta":[],"product_brand":[],"product_cat":[15],"product_tag":[],"class_list":{"0":"post-357","1":"product","2":"type-product","3":"status-publish","4":"has-post-thumbnail","6":"product_cat-non-classe","7":"pa_editeur-la-ruche-editions-2","9":"first","10":"outofstock","11":"shipping-taxable","12":"purchasable","13":"product-type-simple"},"_links":{"self":[{"href":"https:\/\/lamaktaba.fr\/index.php\/wp-json\/wp\/v2\/product\/357","targetHints":{"allow":["GET"]}}],"collection":[{"href":"https:\/\/lamaktaba.fr\/index.php\/wp-json\/wp\/v2\/product"}],"about":[{"href":"https:\/\/lamaktaba.fr\/index.php\/wp-json\/wp\/v2\/types\/product"}],"replies":[{"embeddable":true,"href":"https:\/\/lamaktaba.fr\/index.php\/wp-json\/wp\/v2\/comments?post=357"}],"wp:featuredmedia":[{"embeddable":true,"href":"https:\/\/lamaktaba.fr\/index.php\/wp-json\/wp\/v2\/media\/5418"}],"wp:attachment":[{"href":"https:\/\/lamaktaba.fr\/index.php\/wp-json\/wp\/v2\/media?parent=357"}],"wp:term":[{"taxonomy":"product_brand","embeddable":true,"href":"https:\/\/lamaktaba.fr\/index.php\/wp-json\/wp\/v2\/product_brand?post=357"},{"taxonomy":"product_cat","embeddable":true,"href":"https:\/\/lamaktaba.fr\/index.php\/wp-json\/wp\/v2\/product_cat?post=357"},{"taxonomy":"product_tag","embeddable":true,"href":"https:\/\/lamaktaba.fr\/index.php\/wp-json\/wp\/v2\/product_tag?post=357"}],"curies":[{"name":"wp","href":"https:\/\/api.w.org\/{rel}","templated":true}]}}