{"id":35699,"date":"2021-03-09T21:43:57","date_gmt":"2021-03-09T20:43:57","guid":{"rendered":"https:\/\/lamaktaba.fr\/index.php\/produit\/methode-dapprentissage-de-langue-arabe-utilisee-a-luniversite-de-medine-tome-2-fahd-abdourahim-commentaire-de-ali-meftah\/"},"modified":"2025-04-01T12:43:57","modified_gmt":"2025-04-01T10:43:57","slug":"methode-dapprentissage-de-langue-arabe-utilisee-a-luniversite-de-medine-tome-2-fahd-abdourahim-commentaire-de-ali-meftah","status":"publish","type":"product","link":"https:\/\/lamaktaba.fr\/index.php\/produit\/methode-dapprentissage-de-langue-arabe-utilisee-a-luniversite-de-medine-tome-2-fahd-abdourahim-commentaire-de-ali-meftah","title":{"rendered":"M\u00e9thode d&rsquo;apprentissage de langue arabe utilis\u00e9e \u00e0 l&rsquo;universit\u00e9 de M\u00e9dine &#8211; Tome 2 &#8211; Fahd Abdourahim &#8211; Commentaire de Ali Meftah"},"content":{"rendered":"<p>Il s&rsquo;agit du second volume de grammaire utilis\u00e9 \u00e0 l&rsquo;universit\u00e9 islamique de M\u00e9dine pour enseigner la langue arabe \u00e0 ceux qui ne la parlent pas.<br \/>Toutes les caract\u00e9ristiques du premier volume, avec lesquelles le d\u00e9butant s&rsquo;est familiaris\u00e9, ont \u00e9t\u00e9 conserv\u00e9es ici.<br \/>L&rsquo;\u00e9tudiant y trouvera n\u00e9anmoins quelques nouveaut\u00e9s<br \/>&#8211; L&rsquo;explication des r\u00e8gles de grammaire se veut \u00eatre plus compl\u00e8te que celle du premier volume.<br \/>&#8211; Les r\u00e8gles de grammaire ont \u00e9t\u00e9 g\u00e9n\u00e9ralement illustr\u00e9es par des versets coraniques, rappelant ainsi \u00e0 l&rsquo;\u00e9tudiant que le Coran est la principale r\u00e9f\u00e9rence de la langue arabe.<br \/>&#8211; Afin de familiariser l&rsquo;\u00e9tudiant avec les subtilit\u00e9s de sens de cette langue, nous avons attir\u00e9 son attention sur les nuances existantes entre les diff\u00e9rents synonymes rencontr\u00e9s dans ce manuel.<br \/>&#8211; Nous avons indiqu\u00e9 \u00e0 l&rsquo;\u00e9tudiant le sens originel et contextuel de certains mots qui sont aujourd&rsquo;hui employ\u00e9s, parfois \u00e0 tort, dans un autre sens.<\/p>\n","protected":false},"excerpt":{"rendered":"<p>Il s&rsquo;agit du second volume de grammaire utilis\u00e9 \u00e0 l&rsquo;universit\u00e9 islamique de M\u00e9dine pour enseigner la langue arabe \u00e0 ceux qui ne la parlent pas.<br \/>Toutes les caract\u00e9ristiques du premier volume, avec lesquelles le d\u00e9butant s&rsquo;est familiaris\u00e9, ont \u00e9t\u00e9 conserv\u00e9es ici.<br \/>L&rsquo;\u00e9tudiant y trouvera n\u00e9anmoins quelques nouveaut\u00e9s<br \/>&#8211; L&rsquo;explication des r\u00e8gles de grammaire se veut \u00eatre plus compl\u00e8te que celle du premier volume.<br \/>&#8211; Les r\u00e8gles de grammaire ont \u00e9t\u00e9 g\u00e9n\u00e9ralement illustr\u00e9es par des versets coraniques, rappelant ainsi \u00e0 l&rsquo;\u00e9tudiant que le Coran est la principale r\u00e9f\u00e9rence de la langue arabe.<br \/>&#8211; Afin de familiariser l&rsquo;\u00e9tudiant avec les subtilit\u00e9s de sens de cette langue, nous avons attir\u00e9 son attention sur les nuances existantes entre les diff\u00e9rents synonymes rencontr\u00e9s dans ce manuel.<br \/>&#8211; Nous avons indiqu\u00e9 \u00e0 l&rsquo;\u00e9tudiant le sens originel et contextuel de certains mots qui sont aujourd&rsquo;hui employ\u00e9s, parfois \u00e0 tort, dans un autre sens.<\/p>\n","protected":false},"featured_media":35700,"comment_status":"open","ping_status":"closed","template":"","meta":[],"product_brand":[],"product_cat":[1914],"product_tag":[],"class_list":{"0":"post-35699","1":"product","2":"type-product","3":"status-publish","4":"has-post-thumbnail","6":"product_cat-apprentissage-arabe","7":"pa_editeur-el-kiteb","9":"first","10":"outofstock","11":"shipping-taxable","12":"purchasable","13":"product-type-simple"},"_links":{"self":[{"href":"https:\/\/lamaktaba.fr\/index.php\/wp-json\/wp\/v2\/product\/35699","targetHints":{"allow":["GET"]}}],"collection":[{"href":"https:\/\/lamaktaba.fr\/index.php\/wp-json\/wp\/v2\/product"}],"about":[{"href":"https:\/\/lamaktaba.fr\/index.php\/wp-json\/wp\/v2\/types\/product"}],"replies":[{"embeddable":true,"href":"https:\/\/lamaktaba.fr\/index.php\/wp-json\/wp\/v2\/comments?post=35699"}],"wp:featuredmedia":[{"embeddable":true,"href":"https:\/\/lamaktaba.fr\/index.php\/wp-json\/wp\/v2\/media\/35700"}],"wp:attachment":[{"href":"https:\/\/lamaktaba.fr\/index.php\/wp-json\/wp\/v2\/media?parent=35699"}],"wp:term":[{"taxonomy":"product_brand","embeddable":true,"href":"https:\/\/lamaktaba.fr\/index.php\/wp-json\/wp\/v2\/product_brand?post=35699"},{"taxonomy":"product_cat","embeddable":true,"href":"https:\/\/lamaktaba.fr\/index.php\/wp-json\/wp\/v2\/product_cat?post=35699"},{"taxonomy":"product_tag","embeddable":true,"href":"https:\/\/lamaktaba.fr\/index.php\/wp-json\/wp\/v2\/product_tag?post=35699"}],"curies":[{"name":"wp","href":"https:\/\/api.w.org\/{rel}","templated":true}]}}