{"id":35690,"date":"2021-03-09T21:43:56","date_gmt":"2021-03-09T20:43:56","guid":{"rendered":"https:\/\/lamaktaba.fr\/index.php\/produit\/les-filles-de-prophete-mohammed-sas-haja-fdal\/"},"modified":"2025-04-01T12:44:49","modified_gmt":"2025-04-01T10:44:49","slug":"les-filles-de-prophete-mohammed-sas-haja-fdal","status":"publish","type":"product","link":"https:\/\/lamaktaba.fr\/index.php\/produit\/les-filles-de-prophete-mohammed-sas-haja-fdal","title":{"rendered":"Les filles du Proph\u00e8te Mohammad"},"content":{"rendered":"<p>Titre: Les filles du Proph\u00e8te Mohammad;Auteur: Fdal Haja;Edition: UNIVERSEL;Support: Livre;Theme: La vie du prophete (sbdl) &amp; L&rsquo;histoire de L&rsquo;Islam;Description: Ce r\u00e9sum\u00e9 donne un aper\u00e7u sur la vie des filles du Proph\u00e8te salalahou alayhi wa salam avec leurs maris, comme Fatima Azzahra avec l&rsquo;imam Ali qui \u00e9tait au sommet de l&rsquo;\u00e9thique et la bonne conduite. Le Proph\u00e8te salalahou alayhi wa salam l&rsquo;a nomm\u00e9 \u00ab\u00a0la souveraine des femmes du monde de l&rsquo;au-del\u00e0\u00a0\u00bb. Il pr\u00e9sente aussi leur conduite parfaite.<\/p>\n","protected":false},"excerpt":{"rendered":"<p>Titre: Les filles du Proph\u00e8te Mohammad;Auteur: Fdal Haja;Edition: UNIVERSEL;Support: Livre;Theme: La vie du prophete (sbdl) &amp; L&rsquo;histoire de L&rsquo;Islam;Description: Ce r\u00e9sum\u00e9 donne un aper\u00e7u sur la vie des filles du Proph\u00e8te salalahou alayhi wa salam avec leurs maris, comme Fatima Azzahra avec l&rsquo;imam Ali qui \u00e9tait au sommet de l&rsquo;\u00e9thique et la bonne conduite. Le Proph\u00e8te salalahou alayhi wa salam l&rsquo;a nomm\u00e9 \u00ab\u00a0la souveraine des femmes du monde de l&rsquo;au-del\u00e0\u00a0\u00bb. Il pr\u00e9sente aussi leur conduite parfaite.<\/p>\n","protected":false},"featured_media":38025,"comment_status":"open","ping_status":"closed","template":"","meta":[],"product_brand":[],"product_cat":[1907,1906,1922,1895,1920,1897],"product_tag":[],"class_list":{"0":"post-35690","1":"product","2":"type-product","3":"status-publish","4":"has-post-thumbnail","6":"product_cat-compagnons","7":"product_cat-femmes-livres","8":"product_cat-femmes-mariage-et-famille","9":"product_cat-les-prophetes","10":"product_cat-mariage-et-famille","11":"product_cat-vie-du-prophete-saw","12":"pa_editeur-universel-editions","14":"first","15":"outofstock","16":"shipping-taxable","17":"purchasable","18":"product-type-simple"},"_links":{"self":[{"href":"https:\/\/lamaktaba.fr\/index.php\/wp-json\/wp\/v2\/product\/35690","targetHints":{"allow":["GET"]}}],"collection":[{"href":"https:\/\/lamaktaba.fr\/index.php\/wp-json\/wp\/v2\/product"}],"about":[{"href":"https:\/\/lamaktaba.fr\/index.php\/wp-json\/wp\/v2\/types\/product"}],"replies":[{"embeddable":true,"href":"https:\/\/lamaktaba.fr\/index.php\/wp-json\/wp\/v2\/comments?post=35690"}],"wp:featuredmedia":[{"embeddable":true,"href":"https:\/\/lamaktaba.fr\/index.php\/wp-json\/wp\/v2\/media\/38025"}],"wp:attachment":[{"href":"https:\/\/lamaktaba.fr\/index.php\/wp-json\/wp\/v2\/media?parent=35690"}],"wp:term":[{"taxonomy":"product_brand","embeddable":true,"href":"https:\/\/lamaktaba.fr\/index.php\/wp-json\/wp\/v2\/product_brand?post=35690"},{"taxonomy":"product_cat","embeddable":true,"href":"https:\/\/lamaktaba.fr\/index.php\/wp-json\/wp\/v2\/product_cat?post=35690"},{"taxonomy":"product_tag","embeddable":true,"href":"https:\/\/lamaktaba.fr\/index.php\/wp-json\/wp\/v2\/product_tag?post=35690"}],"curies":[{"name":"wp","href":"https:\/\/api.w.org\/{rel}","templated":true}]}}