{"id":35668,"date":"2021-09-03T21:43:00","date_gmt":"2021-09-03T19:43:00","guid":{"rendered":"https:\/\/lamaktaba.fr\/index.php\/produit\/les-ablutions-et-les-ablutions-seches-pour-garcons-et-pour-filles\/"},"modified":"2025-04-01T12:44:10","modified_gmt":"2025-04-01T10:44:10","slug":"les-ablutions-et-les-ablutions-seches-pour-garcons-et-pour-filles","status":"publish","type":"product","link":"https:\/\/lamaktaba.fr\/index.php\/produit\/les-ablutions-et-les-ablutions-seches-pour-garcons-et-pour-filles","title":{"rendered":"Le Saint Coran Chapitre Amma"},"content":{"rendered":"<p>Titre: Le Saint Coran Chapitre Amma;Auteur: Collectif;Edition: PIXELGRAF;Support: Livre;Theme: Biblioth\u00e8que des enfants;Description: Voici le chapitre &lsquo;Amma du Coran avec la traduction en langue fran\u00e7aise du sens de ses versets. Voici une nouvelle m\u00e9thode pour apprendre les r\u00e8gles de Tajwid.<\/p>\n","protected":false},"excerpt":{"rendered":"<p>Titre: Le Saint Coran Chapitre Amma;Auteur: Collectif;Edition: PIXELGRAF;Support: Livre;Theme: Biblioth\u00e8que des enfants;Description: Voici le chapitre &lsquo;Amma du Coran avec la traduction en langue fran\u00e7aise du sens de ses versets. Voici une nouvelle m\u00e9thode pour apprendre les r\u00e8gles de Tajwid.<\/p>\n","protected":false},"featured_media":37155,"comment_status":"open","ping_status":"closed","template":"","meta":[],"product_brand":[],"product_cat":[1910,1909],"product_tag":[],"class_list":{"0":"post-35668","1":"product","2":"type-product","3":"status-publish","4":"has-post-thumbnail","6":"product_cat-education","7":"product_cat-enfants","9":"first","10":"outofstock","11":"shipping-taxable","12":"purchasable","13":"product-type-simple"},"_links":{"self":[{"href":"https:\/\/lamaktaba.fr\/index.php\/wp-json\/wp\/v2\/product\/35668","targetHints":{"allow":["GET"]}}],"collection":[{"href":"https:\/\/lamaktaba.fr\/index.php\/wp-json\/wp\/v2\/product"}],"about":[{"href":"https:\/\/lamaktaba.fr\/index.php\/wp-json\/wp\/v2\/types\/product"}],"replies":[{"embeddable":true,"href":"https:\/\/lamaktaba.fr\/index.php\/wp-json\/wp\/v2\/comments?post=35668"}],"wp:featuredmedia":[{"embeddable":true,"href":"https:\/\/lamaktaba.fr\/index.php\/wp-json\/wp\/v2\/media\/37155"}],"wp:attachment":[{"href":"https:\/\/lamaktaba.fr\/index.php\/wp-json\/wp\/v2\/media?parent=35668"}],"wp:term":[{"taxonomy":"product_brand","embeddable":true,"href":"https:\/\/lamaktaba.fr\/index.php\/wp-json\/wp\/v2\/product_brand?post=35668"},{"taxonomy":"product_cat","embeddable":true,"href":"https:\/\/lamaktaba.fr\/index.php\/wp-json\/wp\/v2\/product_cat?post=35668"},{"taxonomy":"product_tag","embeddable":true,"href":"https:\/\/lamaktaba.fr\/index.php\/wp-json\/wp\/v2\/product_tag?post=35668"}],"curies":[{"name":"wp","href":"https:\/\/api.w.org\/{rel}","templated":true}]}}