{"id":35632,"date":"2021-09-03T21:43:00","date_gmt":"2021-09-03T19:43:00","guid":{"rendered":"https:\/\/lamaktaba.fr\/index.php\/produit\/japprends-le-coloriage-pour-les-petites-filles-musulmanes-bilingue-francais-arabe-collectif\/"},"modified":"2025-04-01T12:47:16","modified_gmt":"2025-04-01T10:47:16","slug":"japprends-le-coloriage-pour-les-petites-filles-musulmanes-bilingue-francais-arabe-collectif","status":"publish","type":"product","link":"https:\/\/lamaktaba.fr\/index.php\/produit\/japprends-le-coloriage-pour-les-petites-filles-musulmanes-bilingue-francais-arabe-collectif","title":{"rendered":"J&rsquo;apprends le Coloriage, Pour les petites musulmanes (6-12 ans), Bilingue (Fran\u00e7ais &#8211; Arabe)"},"content":{"rendered":"<p>J&rsquo;apprends le Coloriage, Pour les petites musulmanes (6-12 ans), Bilingue (Fran\u00e7ais &#8211; Arabe);Colorier un dessin c\u2019est;Donner des couleurs;Jouer avec la lumi\u00e8re;Cr\u00e9er un d\u00e9cor;Voil\u00e0 les 3 \u00e9tapes que te pr\u00e9sente ce super livre pour devenir la reine du coloriage.;Amuse-toi \u00e0 colorier (en suivant les conseils de Safia), passe les niveaux et d\u00e9couvre, \u00e0 la fin du livre, un super BONUS !;Coloriage progressif pour les filles de 6 \u00e0 12 ans, avec, pour chaque dessin, une morale \u00e0 retenir.;Marque ORIENTICA Editions R\u00e9f\u00e9rence 9782356351661;Fiche technique AUTEUR: &#8211; Collectif &#8211; Equipe \u00e9ditoriale Orientica LANGUE: &#8211; Fran\u00e7ais &#8211; Arabe SUPPORT: &#8211; Livre THEME: &#8211; Coloriage, Enfants \u00c9DITIONS: &#8211; Orientica Condition: &#8211; Neuf Nombre de Pages: &#8211; 44 FORMAT (CM): 18 x 24 cm Poids (kg): &#8211; 0.131 kg EAN13: &#8211; 9782356351661 RELIURE: &#8211; Souple;R\u00e9f\u00e9rences sp\u00e9cifiques;Donnez votre avis;Aucun commentaire pour le moment<\/p>\n","protected":false},"excerpt":{"rendered":"<p>J&rsquo;apprends le Coloriage, Pour les petites musulmanes (6-12 ans), Bilingue (Fran\u00e7ais &#8211; Arabe);Colorier un dessin c\u2019est;Donner des couleurs;Jouer avec la lumi\u00e8re;Cr\u00e9er un d\u00e9cor;Voil\u00e0 les 3 \u00e9tapes que te pr\u00e9sente ce super livre pour devenir la reine du coloriage.;Amuse-toi \u00e0 colorier (en suivant les conseils de Safia), passe les niveaux et d\u00e9couvre, \u00e0 la fin du livre, un super BONUS !;Coloriage progressif pour les filles de 6 \u00e0 12 ans, avec, pour chaque dessin, une morale \u00e0 retenir.;Marque ORIENTICA Editions R\u00e9f\u00e9rence 9782356351661;Fiche technique AUTEUR: &#8211; Collectif &#8211; Equipe \u00e9ditoriale Orientica LANGUE: &#8211; Fran\u00e7ais &#8211; Arabe SUPPORT: &#8211; Livre THEME: &#8211; Coloriage, Enfants \u00c9DITIONS: &#8211; Orientica Condition: &#8211; Neuf Nombre de Pages: &#8211; 44 FORMAT (CM): 18 x 24 cm Poids (kg): &#8211; 0.131 kg EAN13: &#8211; 9782356351661 RELIURE: &#8211; Souple;R\u00e9f\u00e9rences sp\u00e9cifiques;Donnez votre avis;Aucun commentaire pour le moment<\/p>\n","protected":false},"featured_media":37668,"comment_status":"open","ping_status":"closed","template":"","meta":[],"product_brand":[],"product_cat":[15],"product_tag":[],"class_list":{"0":"post-35632","1":"product","2":"type-product","3":"status-publish","4":"has-post-thumbnail","6":"product_cat-non-classe","8":"first","9":"outofstock","10":"shipping-taxable","11":"purchasable","12":"product-type-simple"},"_links":{"self":[{"href":"https:\/\/lamaktaba.fr\/index.php\/wp-json\/wp\/v2\/product\/35632","targetHints":{"allow":["GET"]}}],"collection":[{"href":"https:\/\/lamaktaba.fr\/index.php\/wp-json\/wp\/v2\/product"}],"about":[{"href":"https:\/\/lamaktaba.fr\/index.php\/wp-json\/wp\/v2\/types\/product"}],"replies":[{"embeddable":true,"href":"https:\/\/lamaktaba.fr\/index.php\/wp-json\/wp\/v2\/comments?post=35632"}],"wp:featuredmedia":[{"embeddable":true,"href":"https:\/\/lamaktaba.fr\/index.php\/wp-json\/wp\/v2\/media\/37668"}],"wp:attachment":[{"href":"https:\/\/lamaktaba.fr\/index.php\/wp-json\/wp\/v2\/media?parent=35632"}],"wp:term":[{"taxonomy":"product_brand","embeddable":true,"href":"https:\/\/lamaktaba.fr\/index.php\/wp-json\/wp\/v2\/product_brand?post=35632"},{"taxonomy":"product_cat","embeddable":true,"href":"https:\/\/lamaktaba.fr\/index.php\/wp-json\/wp\/v2\/product_cat?post=35632"},{"taxonomy":"product_tag","embeddable":true,"href":"https:\/\/lamaktaba.fr\/index.php\/wp-json\/wp\/v2\/product_tag?post=35632"}],"curies":[{"name":"wp","href":"https:\/\/api.w.org\/{rel}","templated":true}]}}