{"id":35630,"date":"2021-03-09T21:43:52","date_gmt":"2021-03-09T20:43:52","guid":{"rendered":"https:\/\/lamaktaba.fr\/index.php\/produit\/la-purification-la-priere-du-malade\/"},"modified":"2025-04-01T12:44:34","modified_gmt":"2025-04-01T10:44:34","slug":"la-purification-la-priere-du-malade","status":"publish","type":"product","link":"https:\/\/lamaktaba.fr\/index.php\/produit\/la-purification-la-priere-du-malade","title":{"rendered":"La purification &#038; la pri\u00e8re du malade"},"content":{"rendered":"<p>Titre: La purification &#038; la pri\u00e8re du malade;Auteur: Cheikhs Ibn Baz &#038; Ibn Al Uthaymin;Edition: ALHADITH;Support: Livre;Theme: Education et Purification de L&rsquo;\u00e2me;Description: La pri\u00e8re \u00e9tant l&rsquo;acte d&rsquo;adoration pratique le plus important en Islam, il n&rsquo;est permis de la d\u00e9laisser ou de la retarder sous aucun pr\u00e9texte. Cependant l&rsquo;Islam \u00e9tant une religion de facilit\u00e9 dans laquelle Allah a proscrit toute g\u00eane, des dispositions particuli\u00e8res ont \u00e9t\u00e9 l\u00e9gif\u00e9r\u00e9es pour faciliter au malade sa purification l\u00e9gale et sa pri\u00e8re, puisque \u00ab\u00a0Allah n&rsquo;impose \u00e0 son \u00e2me que ce dont elle est capable\u00a0\u00bb.<\/p>\n","protected":false},"excerpt":{"rendered":"<p>Titre: La purification &#038; la pri\u00e8re du malade;Auteur: Cheikhs Ibn Baz &#038; Ibn Al Uthaymin;Edition: ALHADITH;Support: Livre;Theme: Education et Purification de L&rsquo;\u00e2me;Description: La pri\u00e8re \u00e9tant l&rsquo;acte d&rsquo;adoration pratique le plus important en Islam, il n&rsquo;est permis de la d\u00e9laisser ou de la retarder sous aucun pr\u00e9texte. Cependant l&rsquo;Islam \u00e9tant une religion de facilit\u00e9 dans laquelle Allah a proscrit toute g\u00eane, des dispositions particuli\u00e8res ont \u00e9t\u00e9 l\u00e9gif\u00e9r\u00e9es pour faciliter au malade sa purification l\u00e9gale et sa pri\u00e8re, puisque \u00ab\u00a0Allah n&rsquo;impose \u00e0 son \u00e2me que ce dont elle est capable\u00a0\u00bb.<\/p>\n","protected":false},"featured_media":35631,"comment_status":"open","ping_status":"closed","template":"","meta":[],"product_brand":[],"product_cat":[1898,1912,1936],"product_tag":[],"class_list":{"0":"post-35630","1":"product","2":"type-product","3":"status-publish","4":"has-post-thumbnail","6":"product_cat-pratique-religieuse","7":"product_cat-priere-salate","8":"product_cat-roqya-et-sante","9":"pa_editeur-alhadith-editions","11":"first","12":"instock","13":"shipping-taxable","14":"purchasable","15":"product-type-simple"},"_links":{"self":[{"href":"https:\/\/lamaktaba.fr\/index.php\/wp-json\/wp\/v2\/product\/35630","targetHints":{"allow":["GET"]}}],"collection":[{"href":"https:\/\/lamaktaba.fr\/index.php\/wp-json\/wp\/v2\/product"}],"about":[{"href":"https:\/\/lamaktaba.fr\/index.php\/wp-json\/wp\/v2\/types\/product"}],"replies":[{"embeddable":true,"href":"https:\/\/lamaktaba.fr\/index.php\/wp-json\/wp\/v2\/comments?post=35630"}],"wp:featuredmedia":[{"embeddable":true,"href":"https:\/\/lamaktaba.fr\/index.php\/wp-json\/wp\/v2\/media\/35631"}],"wp:attachment":[{"href":"https:\/\/lamaktaba.fr\/index.php\/wp-json\/wp\/v2\/media?parent=35630"}],"wp:term":[{"taxonomy":"product_brand","embeddable":true,"href":"https:\/\/lamaktaba.fr\/index.php\/wp-json\/wp\/v2\/product_brand?post=35630"},{"taxonomy":"product_cat","embeddable":true,"href":"https:\/\/lamaktaba.fr\/index.php\/wp-json\/wp\/v2\/product_cat?post=35630"},{"taxonomy":"product_tag","embeddable":true,"href":"https:\/\/lamaktaba.fr\/index.php\/wp-json\/wp\/v2\/product_tag?post=35630"}],"curies":[{"name":"wp","href":"https:\/\/api.w.org\/{rel}","templated":true}]}}