{"id":35601,"date":"2021-09-03T21:43:00","date_gmt":"2021-09-03T19:43:00","guid":{"rendered":"https:\/\/lamaktaba.fr\/index.php\/produit\/mobile-bebe-coranique-lumineux-lune-etoiles-telecommande-mobile-moon-stars-desi-doll\/"},"modified":"2025-04-01T12:44:31","modified_gmt":"2025-04-01T10:44:31","slug":"mobile-bebe-coranique-lumineux-lune-etoiles-telecommande-mobile-moon-stars-desi-doll","status":"publish","type":"product","link":"https:\/\/lamaktaba.fr\/index.php\/produit\/mobile-bebe-coranique-lumineux-lune-etoiles-telecommande-mobile-moon-stars-desi-doll","title":{"rendered":"Mobile B\u00e9b\u00e9 Coranique lumineux \u00ab Lune \u00e9toiles\u00bb T\u00e9l\u00e9command\u00e9 &#8211; Mobile Moon &#038; Stars Desi Doll"},"content":{"rendered":"<p>Mobile Coranique pour b\u00e9b\u00e9 \u00ab\u00a0Lune et Etoiles\u00a0\u00bb avec t\u00e9l\u00e9commande, Projection de lumi\u00e8re et plus de 35 minutes de r\u00e9citation apaisante du Coran.;Accroch\u00e9 au-dessus du lit de b\u00e9b\u00e9, ce joli mobile tourne, s&rsquo;illumine et diffuse du Coran. En observant la lune et les \u00e9toiles, votre bebe s&rsquo;\u00e9merveillera puis s&rsquo;endormira au son d&rsquo;une douce lecture du Coran (  35 min).;Le mobile Coranique Moon &amp; Stars Desi Doll est un cadeau de naissance original et enchant\u00e9, d\u00e9coratif et utile. Il permet \u00e0 la fois d&rsquo;apaiser le b\u00e9b\u00e9, et aussi favoriser son \u00e9veil. Indispensable pour accompagner votre bout de chou au pays des r\u00eaves.;Caract\u00e9ristiques;Age: D\u00e9s la naissance;Mixte (Ce mod\u00e8le convient autant aux filles qu&rsquo;aux gar\u00e7ons);- Accessoires suspendus en coton: 1 croissant de lune, 4 nuages suspendus \u00e0 4 \u00e9toiles: (Couleurs: vert, bleu turqoise, jaune, violet): ils se mettent en rotation pour divertir le b\u00e9b\u00e9.;Fonctions;- Un mobile diffusant du Coran:   35 minutes de lecture du Coran;une r\u00e9citation apaisante et rassurante du Coran, qui permet de stimuler le d\u00e9veloppement auditif de votre b\u00e9b\u00e9.;- Sourate Rahman;- Sourate Yaseen;- 2 derniers ayahs de la sourate Al Baqara;- Sourate Nas;- Sourate Falaq;- Sourate Ikhlas;- Ayatul Kursi;- Plus une belle berceuse musulmane;Projection de la lumi\u00e8re;Une projection lumineuse \u00e9toil\u00e9e avec differentes couleurs: rouge, vert et bleu doux, pour divertir et aussi d\u00e9velopper les comp\u00e9tences visuelles de votre b\u00e9b\u00e9;Mobile B\u00e9b\u00e9 avec la t\u00e9l\u00e9commande;La t\u00e9l\u00e9commande permet de contr\u00f4ler toutes les options du mobile \u00e0 distance, sans d\u00e9ranger votre b\u00e9b\u00e9;Elle permet de contr\u00f4ler le red\u00e9marrage du mobile, la projection de la lumi\u00e8re, le son avec le contr\u00f4le du volume.;Mobile coranique \u00e9volutif pour b\u00e9b\u00e9;P\u00e9riode 1 (0 \u00e0 6 mois): \u00e9toiles en peluche flottantes, r\u00e9citation apaisante du Coran et projection de lumi\u00e8re \u00e9toil\u00e9es au plafond.;P\u00e9riode 2 (6 mois et plus): placez le projecteur sur la table pour continuer de profiter de la r\u00e9citation du Coran et des projections de lumi\u00e8re \u00e9toil\u00e9e.;Les options des fonctions contr\u00f4l\u00e9es;Les options des fonctions contr\u00f4l\u00e9es par les boutons sont les suivantes;-Avec son   projection lumineuse;-Avec son   AUCUNE projection de lumi\u00e8re;-Avec son   rotation des jouets;-Avec son   pas de rotation des jouets;-Avec son   rotation NON des jouets   projection NON.;-Contr\u00f4le du volume ON \/ OFF;CONSIGNE DE S\u00c9CURIT\u00c9;Cette appareil doit \u00eatre exclusivement install\u00e9 et manipul\u00e9 par un adulte.;Il contient des piles et de petites pi\u00e8ces pouvant entra\u00eener un risque d&rsquo;\u00e9touffement.;Tenir hors de la port\u00e9e des enfants.;Piles;Le mobile n\u00e9cessite des piles: 3xAA;La t\u00e9l\u00e9commande n\u00e9cessite: 2xAA;ATTENTION!!! UTILISER DE NOUVELLES PILES POUR UNE MEILLEUR PERFORMANCE &#8211; NE PAS UTILISER DE BATTERIES RECHARGEABLES!!! ATTENTION;GARANTIE;-TROIS MOIS (R\u00c9F\u00c9RENCES DATE DE LIVRAISON SUR LE SITE);-RETOUR SOUMIS A L&rsquo;ACCORD DU SAV APRES EXAMEN DU PRODUITS (retour accept\u00e9 sur un produit intact pr\u00e9sentant des dysfonctionnements \u00e9lectriques non apparents-Sous EMBALLAGE d&rsquo;origine intact et pi\u00e8ces compl\u00e8tes);Moon &amp; Stars Cot Mobile with Remote Control, Light Projection, and over 35 minutes of soothing Quran recitation.;Projects starry lights &amp; recites 35  minutes of gentle, soothing Quran. Beautiful moon and stars light show is just right for developing visual skills. Lights are soft red, green, and blue.;Five soft rotating moon and stars to entertain baby.;Baby can hear 35  minutes of especially recorded audio, a soothing and melodious recitation of Quran.;Description;Moon &amp; Stars Cot Mobile with Remote Control, Light Projection, and over 35 minutes of soothing Quran recitation.;This mobile is the perfect addition to your baby\u2019s cot to entertain, comfort, and soothe your baby off to sleep. Projects starry lights &amp; recites 35  minutes of gentle, soothing Quran. Beautiful moon and stars light show is just right for developing visual skills. Lights are soft red, green, and blue.;The soft pastel shades of five soft rotating moon and stars to entertain baby are a complement any nursery, with a starry light show and comforting, soothing voice reciting Surah Yaseen, Surah Rahman, and much more.;Baby can hear 35  minutes of especially recorded audio, a soothing and melodious recitation of Quran;Surah Rahman;Surah Yaseen;last 2 ayahs of Surah Al Baqarah;Surah Nas;Surah Falaq;Surah Ikhlas;Ayatul Kursi;a beautiful lullaby.;Remote control re-starts the motorised mobile, light show, and sound with volume control \u2013 so no need to disturb baby.;Please note: The light projection does not function on it\u2019s own, ie. without sound.;Stage 1 (0-6 Months): Floating plush stars, soothing Quran recitation and starry light projections on the ceiling.;Stage 2 (6  Months): Place projector on tabletop to continue enjoying the Quran recitation and starry light projections.;The function options which are controlled by the buttons on the spaceship and the buttons on the remote control are as follows;With Sound   Light projection;With Sound   NO Light projection;With Sound   rotation of toys;With Sound   NO rotation of toys;With Sound   NO rotation of toys   NO projection.;Volume control;ON\/OFF;WARNING;Not suitable for children. Choking hazard.;In case of unforeseen use, especially of small balls, giving rise to harm.;Batteries;Mobile Requires: 3xAA;Remote Requires: 2xAA;WARNING!!!Use new batteries for best performance &#8211; Dot not use rechargeable batteries!!!WARNING;Garantie vendeur 1 ans sur preuve d&rsquo;achat sur le site (r\u00e9f\u00e9rences la date de livraison);Marque DESIDOLL R\u00e9f\u00e9rence 5060194820803;Fiche technique LANGUE: &#8211; Arabe &#8211; \u0627\u0644\u0639\u0631\u0628\u0640\u0640\u0640\u0640\u0640\u0640\u0640\u0640\u064a\u0629 ANNEE: &#8211; 2019 SUPPORT: &#8211; \u00e9l\u00e9ctronique THEME: &#8211; Accessoires lit b\u00e9b\u00e9, Sommeil, \u00c9veil, Coran FABRICATION: &#8211; DESI DOLL Condition: &#8211; Neuf Poids (kg): &#8211; 0.980 kg EAN13: &#8211; 5060194820803;R\u00e9f\u00e9rences sp\u00e9cifiques;Donnez votre avis;Aucun commentaire pour le moment<\/p>\n","protected":false},"excerpt":{"rendered":"<p>Mobile Coranique pour b\u00e9b\u00e9 \u00ab\u00a0Lune et Etoiles\u00a0\u00bb avec t\u00e9l\u00e9commande, Projection de lumi\u00e8re et plus de 35 minutes de r\u00e9citation apaisante du Coran.;Accroch\u00e9 au-dessus du lit de b\u00e9b\u00e9, ce joli mobile tourne, s&rsquo;illumine et diffuse du Coran. En observant la lune et les \u00e9toiles, votre bebe s&rsquo;\u00e9merveillera puis s&rsquo;endormira au son d&rsquo;une douce lecture du Coran (  35 min).;Le mobile Coranique Moon &amp; Stars Desi Doll est un cadeau de naissance original et enchant\u00e9, d\u00e9coratif et utile. Il permet \u00e0 la fois d&rsquo;apaiser le b\u00e9b\u00e9, et aussi favoriser son \u00e9veil. Indispensable pour accompagner votre bout de chou au pays des r\u00eaves.;Caract\u00e9ristiques;Age: D\u00e9s la naissance;Mixte (Ce mod\u00e8le convient autant aux filles qu&rsquo;aux gar\u00e7ons);- Accessoires suspendus en coton: 1 croissant de lune, 4 nuages suspendus \u00e0 4 \u00e9toiles: (Couleurs: vert, bleu turqoise, jaune, violet): ils se mettent en rotation pour divertir le b\u00e9b\u00e9.;Fonctions;- Un mobile diffusant du Coran:   35 minutes de lecture du Coran;une r\u00e9citation apaisante et rassurante du Coran, qui permet de stimuler le d\u00e9veloppement auditif de votre b\u00e9b\u00e9.;- Sourate Rahman;- Sourate Yaseen;- 2 derniers ayahs de la sourate Al Baqara;- Sourate Nas;- Sourate Falaq;- Sourate Ikhlas;- Ayatul Kursi;- Plus une belle berceuse musulmane;Projection de la lumi\u00e8re;Une projection lumineuse \u00e9toil\u00e9e avec differentes couleurs: rouge, vert et bleu doux, pour divertir et aussi d\u00e9velopper les comp\u00e9tences visuelles de votre b\u00e9b\u00e9;Mobile B\u00e9b\u00e9 avec la t\u00e9l\u00e9commande;La t\u00e9l\u00e9commande permet de contr\u00f4ler toutes les options du mobile \u00e0 distance, sans d\u00e9ranger votre b\u00e9b\u00e9;Elle permet de contr\u00f4ler le red\u00e9marrage du mobile, la projection de la lumi\u00e8re, le son avec le contr\u00f4le du volume.;Mobile coranique \u00e9volutif pour b\u00e9b\u00e9;P\u00e9riode 1 (0 \u00e0 6 mois): \u00e9toiles en peluche flottantes, r\u00e9citation apaisante du Coran et projection de lumi\u00e8re \u00e9toil\u00e9es au plafond.;P\u00e9riode 2 (6 mois et plus): placez le projecteur sur la table pour continuer de profiter de la r\u00e9citation du Coran et des projections de lumi\u00e8re \u00e9toil\u00e9e.;Les options des fonctions contr\u00f4l\u00e9es;Les options des fonctions contr\u00f4l\u00e9es par les boutons sont les suivantes;-Avec son   projection lumineuse;-Avec son   AUCUNE projection de lumi\u00e8re;-Avec son   rotation des jouets;-Avec son   pas de rotation des jouets;-Avec son   rotation NON des jouets   projection NON.;-Contr\u00f4le du volume ON \/ OFF;CONSIGNE DE S\u00c9CURIT\u00c9;Cette appareil doit \u00eatre exclusivement install\u00e9 et manipul\u00e9 par un adulte.;Il contient des piles et de petites pi\u00e8ces pouvant entra\u00eener un risque d&rsquo;\u00e9touffement.;Tenir hors de la port\u00e9e des enfants.;Piles;Le mobile n\u00e9cessite des piles: 3xAA;La t\u00e9l\u00e9commande n\u00e9cessite: 2xAA;ATTENTION!!! UTILISER DE NOUVELLES PILES POUR UNE MEILLEUR PERFORMANCE &#8211; NE PAS UTILISER DE BATTERIES RECHARGEABLES!!! ATTENTION;GARANTIE;-TROIS MOIS (R\u00c9F\u00c9RENCES DATE DE LIVRAISON SUR LE SITE);-RETOUR SOUMIS A L&rsquo;ACCORD DU SAV APRES EXAMEN DU PRODUITS (retour accept\u00e9 sur un produit intact pr\u00e9sentant des dysfonctionnements \u00e9lectriques non apparents-Sous EMBALLAGE d&rsquo;origine intact et pi\u00e8ces compl\u00e8tes);Moon &amp; Stars Cot Mobile with Remote Control, Light Projection, and over 35 minutes of soothing Quran recitation.;Projects starry lights &amp; recites 35  minutes of gentle, soothing Quran. Beautiful moon and stars light show is just right for developing visual skills. Lights are soft red, green, and blue.;Five soft rotating moon and stars to entertain baby.;Baby can hear 35  minutes of especially recorded audio, a soothing and melodious recitation of Quran.;Description;Moon &amp; Stars Cot Mobile with Remote Control, Light Projection, and over 35 minutes of soothing Quran recitation.;This mobile is the perfect addition to your baby\u2019s cot to entertain, comfort, and soothe your baby off to sleep. Projects starry lights &amp; recites 35  minutes of gentle, soothing Quran. Beautiful moon and stars light show is just right for developing visual skills. Lights are soft red, green, and blue.;The soft pastel shades of five soft rotating moon and stars to entertain baby are a complement any nursery, with a starry light show and comforting, soothing voice reciting Surah Yaseen, Surah Rahman, and much more.;Baby can hear 35  minutes of especially recorded audio, a soothing and melodious recitation of Quran;Surah Rahman;Surah Yaseen;last 2 ayahs of Surah Al Baqarah;Surah Nas;Surah Falaq;Surah Ikhlas;Ayatul Kursi;a beautiful lullaby.;Remote control re-starts the motorised mobile, light show, and sound with volume control \u2013 so no need to disturb baby.;Please note: The light projection does not function on it\u2019s own, ie. without sound.;Stage 1 (0-6 Months): Floating plush stars, soothing Quran recitation and starry light projections on the ceiling.;Stage 2 (6  Months): Place projector on tabletop to continue enjoying the Quran recitation and starry light projections.;The function options which are controlled by the buttons on the spaceship and the buttons on the remote control are as follows;With Sound   Light projection;With Sound   NO Light projection;With Sound   rotation of toys;With Sound   NO rotation of toys;With Sound   NO rotation of toys   NO projection.;Volume control;ON\/OFF;WARNING;Not suitable for children. Choking hazard.;In case of unforeseen use, especially of small balls, giving rise to harm.;Batteries;Mobile Requires: 3xAA;Remote Requires: 2xAA;WARNING!!!Use new batteries for best performance &#8211; Dot not use rechargeable batteries!!!WARNING;Garantie vendeur 1 ans sur preuve d&rsquo;achat sur le site (r\u00e9f\u00e9rences la date de livraison);Marque DESIDOLL R\u00e9f\u00e9rence 5060194820803;Fiche technique LANGUE: &#8211; Arabe &#8211; \u0627\u0644\u0639\u0631\u0628\u0640\u0640\u0640\u0640\u0640\u0640\u0640\u0640\u064a\u0629 ANNEE: &#8211; 2019 SUPPORT: &#8211; \u00e9l\u00e9ctronique THEME: &#8211; Accessoires lit b\u00e9b\u00e9, Sommeil, \u00c9veil, Coran FABRICATION: &#8211; DESI DOLL Condition: &#8211; Neuf Poids (kg): &#8211; 0.980 kg EAN13: &#8211; 5060194820803;R\u00e9f\u00e9rences sp\u00e9cifiques;Donnez votre avis;Aucun commentaire pour le moment<\/p>\n","protected":false},"featured_media":35602,"comment_status":"open","ping_status":"closed","template":"","meta":[],"product_brand":[],"product_cat":[778,56],"product_tag":[],"class_list":{"0":"post-35601","1":"product","2":"type-product","3":"status-publish","4":"has-post-thumbnail","6":"product_cat-accessoires-lit-bebe-sommeil-eveil-coran","7":"product_cat-electronique","9":"first","10":"outofstock","11":"shipping-taxable","12":"purchasable","13":"product-type-simple"},"_links":{"self":[{"href":"https:\/\/lamaktaba.fr\/index.php\/wp-json\/wp\/v2\/product\/35601","targetHints":{"allow":["GET"]}}],"collection":[{"href":"https:\/\/lamaktaba.fr\/index.php\/wp-json\/wp\/v2\/product"}],"about":[{"href":"https:\/\/lamaktaba.fr\/index.php\/wp-json\/wp\/v2\/types\/product"}],"replies":[{"embeddable":true,"href":"https:\/\/lamaktaba.fr\/index.php\/wp-json\/wp\/v2\/comments?post=35601"}],"wp:featuredmedia":[{"embeddable":true,"href":"https:\/\/lamaktaba.fr\/index.php\/wp-json\/wp\/v2\/media\/35602"}],"wp:attachment":[{"href":"https:\/\/lamaktaba.fr\/index.php\/wp-json\/wp\/v2\/media?parent=35601"}],"wp:term":[{"taxonomy":"product_brand","embeddable":true,"href":"https:\/\/lamaktaba.fr\/index.php\/wp-json\/wp\/v2\/product_brand?post=35601"},{"taxonomy":"product_cat","embeddable":true,"href":"https:\/\/lamaktaba.fr\/index.php\/wp-json\/wp\/v2\/product_cat?post=35601"},{"taxonomy":"product_tag","embeddable":true,"href":"https:\/\/lamaktaba.fr\/index.php\/wp-json\/wp\/v2\/product_tag?post=35601"}],"curies":[{"name":"wp","href":"https:\/\/api.w.org\/{rel}","templated":true}]}}