{"id":35588,"date":"2021-03-09T21:43:50","date_gmt":"2021-03-09T20:43:50","guid":{"rendered":"https:\/\/lamaktaba.fr\/index.php\/produit\/la-priere-dalfajr-ses-merites-et-comment-y-etre-assidu-de-mohammed-shuman-arramli-3eme-edition\/"},"modified":"2025-04-01T12:44:14","modified_gmt":"2025-04-01T10:44:14","slug":"la-priere-dalfajr-ses-merites-et-comment-y-etre-assidu-de-mohammed-shuman-arramli-3eme-edition","status":"publish","type":"product","link":"https:\/\/lamaktaba.fr\/index.php\/produit\/la-priere-dalfajr-ses-merites-et-comment-y-etre-assidu-de-mohammed-shuman-arramli-3eme-edition","title":{"rendered":"La pri\u00e8re d&rsquo;Alfajr: Ses m\u00e9rites et comment y \u00eatre assidu? de Mohammed Shuman Arramli (3\u00e8me \u00e9dition)"},"content":{"rendered":"<p>La pri\u00e8re d&rsquo;Alfajr: Ses m\u00e9rites et comment y \u00eatre assidu? Les dispositions qu&rsquo;il faut prendre pour l&rsquo;accomplir en son temps et en groupe, de Mohammed Shuman Arramli (3\u00e8me \u00e9dition);Chers lecteurs, sachons que la pri\u00e8re est le deuxi\u00e8me pilier de l&rsquo;Islam, qu&rsquo;elle est le meilleur culte qu&rsquo;Allah a prescrit et que son accomplissement en son temps est l&rsquo;\u0153uvre la plus aim\u00e9e d&rsquo;Allah. Sachons en revanche que la plupart des gens la n\u00e9gligent, que la majorit\u00e9 de ceux qui prient ne la font pas dans la mosqu\u00e9e et que beaucoup d&rsquo;entre ceux qui l&rsquo;accomplissent en commun dans la mosqu\u00e9e n\u00e9gligent la pri\u00e8re de l&rsquo;aube &#8211; Salat al Fajr &#8211; qui est pourtant la premi\u00e8re pri\u00e8re prescrite de la journ\u00e9e. Eu \u00e9gard \u00e0 tout cela, j&rsquo;ai d\u00e9cid\u00e9 d&rsquo;\u00e9crire ce livre que j&rsquo;ai intitul\u00e9: \u00ab\u00a0La pri\u00e8re d&rsquo;Al Fajr, ses m\u00e9rites et comment y \u00eatre assidu?;J&rsquo;ai divis\u00e9 ce livre en quatre chapitres et une conclusion;Le 1er chapitre porte sur l&rsquo;importance de la pri\u00e8re et la mise en garde contre sa n\u00e9gligence.;Le 2\u00e8me chapitre traite du m\u00e9rite de la pri\u00e8re en commun et des \u00e9l\u00e9ments qui sont en rapport avec elle.;Le 3\u00e8me chapitre \u00e9voque l&rsquo;importance de la pri\u00e8re d&rsquo;Al Fajr et les menaces prof\u00e9r\u00e9es contre celui qui la n\u00e9glige.;Le 4\u00e8me chapitre cite les dispositions qui aident \u00e0 se lever pour l&rsquo;accomplir.;Dans la conclusion, j&rsquo;ai mis l&rsquo;accent sur la mise en garde contre la n\u00e9gligence de la pri\u00e8re d&rsquo;Al Fajr et la grande r\u00e9compense que ratent les retardataires.;Marque ALMADINA Editions R\u00e9f\u00e9rence 9789954961384;Fiche technique AUTEUR: &#8211; Mohammed Shuman Arramli LANGUE: -.Fran\u00e7ais ANNEE: &#8211; 2017 SUPPORT: &#8211; Livre THEME: &#8211; Piliers de L&rsquo; Islam \u00c9DITIONS: &#8211; ALMADINA Condition: &#8211; Neuf Nombre de Pages: &#8211; 96 FORMAT (CM): 14 x 21 cm EAN13: &#8211; 9789954961384 RELIURE: &#8211; Souple.Traduction: &#8211; Mohammad Karimi;R\u00e9f\u00e9rences sp\u00e9cifiques;Donnez votre avis;Aucun commentaire pour le moment<\/p>\n","protected":false},"excerpt":{"rendered":"<p>La pri\u00e8re d&rsquo;Alfajr: Ses m\u00e9rites et comment y \u00eatre assidu? Les dispositions qu&rsquo;il faut prendre pour l&rsquo;accomplir en son temps et en groupe, de Mohammed Shuman Arramli (3\u00e8me \u00e9dition);Chers lecteurs, sachons que la pri\u00e8re est le deuxi\u00e8me pilier de l&rsquo;Islam, qu&rsquo;elle est le meilleur culte qu&rsquo;Allah a prescrit et que son accomplissement en son temps est l&rsquo;\u0153uvre la plus aim\u00e9e d&rsquo;Allah. Sachons en revanche que la plupart des gens la n\u00e9gligent, que la majorit\u00e9 de ceux qui prient ne la font pas dans la mosqu\u00e9e et que beaucoup d&rsquo;entre ceux qui l&rsquo;accomplissent en commun dans la mosqu\u00e9e n\u00e9gligent la pri\u00e8re de l&rsquo;aube &#8211; Salat al Fajr &#8211; qui est pourtant la premi\u00e8re pri\u00e8re prescrite de la journ\u00e9e. Eu \u00e9gard \u00e0 tout cela, j&rsquo;ai d\u00e9cid\u00e9 d&rsquo;\u00e9crire ce livre que j&rsquo;ai intitul\u00e9: \u00ab\u00a0La pri\u00e8re d&rsquo;Al Fajr, ses m\u00e9rites et comment y \u00eatre assidu?;J&rsquo;ai divis\u00e9 ce livre en quatre chapitres et une conclusion;Le 1er chapitre porte sur l&rsquo;importance de la pri\u00e8re et la mise en garde contre sa n\u00e9gligence.;Le 2\u00e8me chapitre traite du m\u00e9rite de la pri\u00e8re en commun et des \u00e9l\u00e9ments qui sont en rapport avec elle.;Le 3\u00e8me chapitre \u00e9voque l&rsquo;importance de la pri\u00e8re d&rsquo;Al Fajr et les menaces prof\u00e9r\u00e9es contre celui qui la n\u00e9glige.;Le 4\u00e8me chapitre cite les dispositions qui aident \u00e0 se lever pour l&rsquo;accomplir.;Dans la conclusion, j&rsquo;ai mis l&rsquo;accent sur la mise en garde contre la n\u00e9gligence de la pri\u00e8re d&rsquo;Al Fajr et la grande r\u00e9compense que ratent les retardataires.;Marque ALMADINA Editions R\u00e9f\u00e9rence 9789954961384;Fiche technique AUTEUR: &#8211; Mohammed Shuman Arramli LANGUE: -.Fran\u00e7ais ANNEE: &#8211; 2017 SUPPORT: &#8211; Livre THEME: &#8211; Piliers de L&rsquo; Islam \u00c9DITIONS: &#8211; ALMADINA Condition: &#8211; Neuf Nombre de Pages: &#8211; 96 FORMAT (CM): 14 x 21 cm EAN13: &#8211; 9789954961384 RELIURE: &#8211; Souple.Traduction: &#8211; Mohammad Karimi;R\u00e9f\u00e9rences sp\u00e9cifiques;Donnez votre avis;Aucun commentaire pour le moment<\/p>\n","protected":false},"featured_media":35589,"comment_status":"open","ping_status":"closed","template":"","meta":[],"product_brand":[],"product_cat":[1911,1912],"product_tag":[],"class_list":{"0":"post-35588","1":"product","2":"type-product","3":"status-publish","4":"has-post-thumbnail","6":"product_cat-les-cinqs-piliers-de-lislam","7":"product_cat-priere-salate","8":"pa_annee-440","9":"pa_auteur-mohammed-shuman-arramli","10":"pa_editeur-almadina-editions","11":"pa_format-14-x-21-cm","12":"pa_langue-francais","13":"pa_nombre-de-pages-445","14":"pa_reliure-souple","16":"first","17":"instock","18":"shipping-taxable","19":"purchasable","20":"product-type-simple"},"_links":{"self":[{"href":"https:\/\/lamaktaba.fr\/index.php\/wp-json\/wp\/v2\/product\/35588","targetHints":{"allow":["GET"]}}],"collection":[{"href":"https:\/\/lamaktaba.fr\/index.php\/wp-json\/wp\/v2\/product"}],"about":[{"href":"https:\/\/lamaktaba.fr\/index.php\/wp-json\/wp\/v2\/types\/product"}],"replies":[{"embeddable":true,"href":"https:\/\/lamaktaba.fr\/index.php\/wp-json\/wp\/v2\/comments?post=35588"}],"wp:featuredmedia":[{"embeddable":true,"href":"https:\/\/lamaktaba.fr\/index.php\/wp-json\/wp\/v2\/media\/35589"}],"wp:attachment":[{"href":"https:\/\/lamaktaba.fr\/index.php\/wp-json\/wp\/v2\/media?parent=35588"}],"wp:term":[{"taxonomy":"product_brand","embeddable":true,"href":"https:\/\/lamaktaba.fr\/index.php\/wp-json\/wp\/v2\/product_brand?post=35588"},{"taxonomy":"product_cat","embeddable":true,"href":"https:\/\/lamaktaba.fr\/index.php\/wp-json\/wp\/v2\/product_cat?post=35588"},{"taxonomy":"product_tag","embeddable":true,"href":"https:\/\/lamaktaba.fr\/index.php\/wp-json\/wp\/v2\/product_tag?post=35588"}],"curies":[{"name":"wp","href":"https:\/\/api.w.org\/{rel}","templated":true}]}}