{"id":35560,"date":"2021-03-09T21:43:47","date_gmt":"2021-03-09T20:43:47","guid":{"rendered":"https:\/\/lamaktaba.fr\/index.php\/produit\/le-recueil-du-muslimshow-n3-les-chroniques-en-bandes-dessinees-de-la-serie-muslim-show-noredine-allam\/"},"modified":"2025-04-01T12:44:07","modified_gmt":"2025-04-01T10:44:07","slug":"le-recueil-du-muslimshow-n3-les-chroniques-en-bandes-dessinees-de-la-serie-muslim-show-noredine-allam","status":"publish","type":"product","link":"https:\/\/lamaktaba.fr\/index.php\/produit\/le-recueil-du-muslimshow-n3-les-chroniques-en-bandes-dessinees-de-la-serie-muslim-show-noredine-allam","title":{"rendered":"Le Recueil du Muslim Show 3"},"content":{"rendered":"<p>Le Recueil du Muslim Show #3;60 pages de bandes dessin\u00e9es sur des th\u00e8mes vari\u00e9s qui vous feront rire et r\u00e9fl\u00e9chir sur la vie\u2026 Un ouvrage unique et indispensable pour toute la famille !;Retrouvez dans ce troisi\u00e8me recueil les meilleures publications du Muslim&rsquo;Show, La force de Muslim&rsquo;Show est de mettre en sc\u00e8ne cette communaut\u00e9 loin des clich\u00e9s&#8230; avec humour et r\u00e9alisme.;A partir de 6 ans et pour toute la famille !;Marque BDouin Editions R\u00e9f\u00e9rence 9791096832118;Fiche technique AUTEUR: &#8211; Sc\u00e9nario et dessin: Nor\u00e9dine Allam LANGUE: -.Fran\u00e7ais SUPPORT: &#8211; Livre THEME: &#8211; Bande Dessin\u00e9e, Communaut\u00e9 Musulmane, Humour \u00c9DITIONS: &#8211; BDOUIN Condition: &#8211; Neuf Nombre de Pages: &#8211; 60 FORMAT (CM): 15 x 21 cm EAN13: &#8211; 9791096832118 RELIURE: &#8211; Souple;R\u00e9f\u00e9rences sp\u00e9cifiques;Donnez votre avis;Aucun commentaire pour le moment<\/p>\n","protected":false},"excerpt":{"rendered":"<p>Le Recueil du Muslim Show #3;60 pages de bandes dessin\u00e9es sur des th\u00e8mes vari\u00e9s qui vous feront rire et r\u00e9fl\u00e9chir sur la vie\u2026 Un ouvrage unique et indispensable pour toute la famille !;Retrouvez dans ce troisi\u00e8me recueil les meilleures publications du Muslim&rsquo;Show, La force de Muslim&rsquo;Show est de mettre en sc\u00e8ne cette communaut\u00e9 loin des clich\u00e9s&#8230; avec humour et r\u00e9alisme.;A partir de 6 ans et pour toute la famille !;Marque BDouin Editions R\u00e9f\u00e9rence 9791096832118;Fiche technique AUTEUR: &#8211; Sc\u00e9nario et dessin: Nor\u00e9dine Allam LANGUE: -.Fran\u00e7ais SUPPORT: &#8211; Livre THEME: &#8211; Bande Dessin\u00e9e, Communaut\u00e9 Musulmane, Humour \u00c9DITIONS: &#8211; BDOUIN Condition: &#8211; Neuf Nombre de Pages: &#8211; 60 FORMAT (CM): 15 x 21 cm EAN13: &#8211; 9791096832118 RELIURE: &#8211; Souple;R\u00e9f\u00e9rences sp\u00e9cifiques;Donnez votre avis;Aucun commentaire pour le moment<\/p>\n","protected":false},"featured_media":36991,"comment_status":"open","ping_status":"closed","template":"","meta":[],"product_brand":[],"product_cat":[15],"product_tag":[],"class_list":{"0":"post-35560","1":"product","2":"type-product","3":"status-publish","4":"has-post-thumbnail","6":"product_cat-non-classe","7":"pa_auteur-scenario-et-dessin-noredine-allam","8":"pa_editeur-bdouin-editions","9":"pa_format-15-x-21-cm","10":"pa_langue-francais","11":"pa_nombre-de-pages-588","12":"pa_reliure-souple","14":"first","15":"outofstock","16":"shipping-taxable","17":"purchasable","18":"product-type-simple"},"_links":{"self":[{"href":"https:\/\/lamaktaba.fr\/index.php\/wp-json\/wp\/v2\/product\/35560","targetHints":{"allow":["GET"]}}],"collection":[{"href":"https:\/\/lamaktaba.fr\/index.php\/wp-json\/wp\/v2\/product"}],"about":[{"href":"https:\/\/lamaktaba.fr\/index.php\/wp-json\/wp\/v2\/types\/product"}],"replies":[{"embeddable":true,"href":"https:\/\/lamaktaba.fr\/index.php\/wp-json\/wp\/v2\/comments?post=35560"}],"wp:featuredmedia":[{"embeddable":true,"href":"https:\/\/lamaktaba.fr\/index.php\/wp-json\/wp\/v2\/media\/36991"}],"wp:attachment":[{"href":"https:\/\/lamaktaba.fr\/index.php\/wp-json\/wp\/v2\/media?parent=35560"}],"wp:term":[{"taxonomy":"product_brand","embeddable":true,"href":"https:\/\/lamaktaba.fr\/index.php\/wp-json\/wp\/v2\/product_brand?post=35560"},{"taxonomy":"product_cat","embeddable":true,"href":"https:\/\/lamaktaba.fr\/index.php\/wp-json\/wp\/v2\/product_cat?post=35560"},{"taxonomy":"product_tag","embeddable":true,"href":"https:\/\/lamaktaba.fr\/index.php\/wp-json\/wp\/v2\/product_tag?post=35560"}],"curies":[{"name":"wp","href":"https:\/\/api.w.org\/{rel}","templated":true}]}}