{"id":35555,"date":"2021-03-09T21:43:47","date_gmt":"2021-03-09T20:43:47","guid":{"rendered":"https:\/\/lamaktaba.fr\/index.php\/produit\/horloge-reveil-avec-horaires-des-prieres-et-appel-a-la-priere-adhan-electronique\/"},"modified":"2025-04-01T12:43:16","modified_gmt":"2025-04-01T10:43:16","slug":"horloge-reveil-avec-horaires-des-prieres-et-appel-a-la-priere-adhan-electronique","status":"publish","type":"product","link":"https:\/\/lamaktaba.fr\/index.php\/produit\/horloge-reveil-avec-horaires-des-prieres-et-appel-a-la-priere-adhan-electronique","title":{"rendered":"Horloge r\u00e9veil avec horaires des pri\u00e8res et appel \u00e0 la pri\u00e8re (adhan) &#8211; Electronique"},"content":{"rendered":"<p>Horloge de qualit\u00e9 avec quasiment toutes les villes du monde.<br \/>\nAdhan automatique pour les 5 pri\u00e8res quotidiennes (pour 1150 villes pr\u00e9-enregistr\u00e9es). Alarme suppl\u00e9mentaire. Possibilit\u00e9 d&rsquo;ajouter un nombre ind\u00e9fini de villes (longitude\/latitude). Support de l&rsquo;heure d&rsquo;\u00e9t\u00e9. Direction de La Mecque. Retro-\u00e9clairage.<br \/>\nPour la France, les villes pr\u00e9-enregistr\u00e9es sont: Paris, Marseille, Le havre, Orl\u00e9ans, Nantes, Tours, Lille, Reims, Dijon, besan\u00e7on, Belfort, Strasbourg, Colmar, Mulhouse, Perpignan, Clermont, Grenoble, St Etienne, Avignon, Nice, Toulouse.<br \/>\nPour la Belgique, les villes pr\u00e9-enregistr\u00e9es sont: Bruxelles, Liege, Bruge, Mons, Leper, Waterloo, Antwerpen, Gent, Tongeren, Leuven, Lowen.<br \/>\nLe r\u00e9veil se r\u00e8gle facilement sur Paris en tournant le bouton des villes sur Paris (jusqu&rsquo;\u00e0 ce qu&rsquo;il affiche 33-1)<br \/>\nCharacterized AL-HARAMEEN O\u2019clock with A high quality Azan sound for all prayers with azan volume control fitted in all clock models.<br \/>\n*Nine system taqweem programmed in clock<br \/>\nAL-HARAMEEN uses the local taqweem or the most widely used taqweem system for your city. Other standard taqweem systems are available as follows<br \/>\n*(DF) Local taqween<br \/>\nSaudi Arabia Taqweem Um Al-Qura<br \/>\nGulf countries &amp; Arabian Peninsula local taqween<br \/>\nJordan and Palestine: Jordanian taqween<br \/>\nEgypt and other Arab countries: Egyptian taqween<br \/>\nNorth America: Union Islamic Society of North America (ISNA)<br \/>\nIndian subcontinent: University of Islamic Sciences<br \/>\nEurope and other countries Islamic World Organization \u2022 (H) Selection Hanafi method for ASR<br \/>\n\u2022F: 15 Umm al-Qura taqweem<br \/>\n\u2022F: 18 Umm al-Qura taqweem<br \/>\n\u2022F: 19 Umm al-Qura taqweem<br \/>\n\u2022 18.17 Muslim World League (Muslim League)<br \/>\n\u2022 19:17 Egyptian taqweem (Egypt)<br \/>\n\u2022 18: 18 University of Science Islamic in Karachi (Hanafi taqweem)<br \/>\n\u2022 15:15 Union Islamic Society of North America (ISNA)<br \/>\n\u20221:30 fixed time\uff0cFajr time is determined as a fixed interval of time before shrooq time.<br \/>\nIsha time is determined as a fixed interval of time after Magrib azan. This system is used in Northern Europe.<br \/>\nAutomatic Iqamah alarm for all prayer: This unique feature remind you every day exactly at the same time relative to azan. For example, suppose you set the alarm to 5:15 AM and the Fajr azan is at 5:05 AM. On the next day, if Fajr azan becomes 5:06 AM, then automatically this alarm will change to 5:16 AM. In this case, you will wake up 10 minutes after Fajr azan every day.<br \/>\nDaily alarm: Alarm to work and school. The daily alarm is a regular alarm that rings at the same time everyday. Moreover, this alarm can be set not to ring on weekends.<br \/>\nQibla direction<br \/>\nQibla direction (relative to the North) can be displayed.<br \/>\nQibla angle will also be displayed between 0 and 360 degree, clockwise from North.<br \/>\nHijri and gregorian calendars: Al Harameen clock can be displayed both the Hijr and Gregorian calendars every 10 seconds or you can choose one of them press H-G when displayed. The Hijri calendar follows the Gregorian date and is based on the astronomical moon sighting at Mecca.<br \/>\nTemprature display: Temperature reading in Celsius (\u00b0C) and Fahrenheit (\u00b0F) is displayed.<br \/>\nFull screen El light<br \/>\nSnooze option<br \/>\nDC 6 Volts external input 300MA<br \/>\nAudio out (Connect with speaker)<br \/>\nDaylight Saving Time option (for countries using this system)<br \/>\nGentle prayers reminder (when azan sound is turned off)<br \/>\nCould easily add a new city (Longitude &amp; Longitude&amp;GMT information)<br \/>\nCould easily modify the difference time prayer to the outskirts of cities adopted it<br \/>\nCrescendo sound: All alarms have gentle wake-up sound that increase gradually<br \/>\nOne Time Alarm: In addition to Fajr and daily alarms, AL-HARAMEEN clock includes an extra alarm (called 1-Day alarm). It can be set to ring for special appointments.<br \/>\nChoisissez la couleur<br \/>\nPour commander plusieurs fois ce produit ou choisir des variantes de taille ou de couleur, veuillez modifier la quantit\u00e9 command\u00e9e et indiquer le d\u00e9tail de votre choix dans le champ commentaire lors de la validation de votre commande (une fois que vous passerez \u00e0 la proc\u00e9dure de paiement vous aurez un champ Commentaire o\u00f9 vous pourrez indiquer vos choix).<\/p>\n","protected":false},"excerpt":{"rendered":"<p>Horloge de qualit\u00e9 avec quasiment toutes les villes du monde.<br \/>\nAdhan automatique pour les 5 pri\u00e8res quotidiennes (pour 1150 villes pr\u00e9-enregistr\u00e9es). Alarme suppl\u00e9mentaire. Possibilit\u00e9 d&rsquo;ajouter un nombre ind\u00e9fini de villes (longitude\/latitude). Support de l&rsquo;heure d&rsquo;\u00e9t\u00e9. Direction de La Mecque. Retro-\u00e9clairage.<br \/>\nPour la France, les villes pr\u00e9-enregistr\u00e9es sont: Paris, Marseille, Le havre, Orl\u00e9ans, Nantes, Tours, Lille, Reims, Dijon, besan\u00e7on, Belfort, Strasbourg, Colmar, Mulhouse, Perpignan, Clermont, Grenoble, St Etienne, Avignon, Nice, Toulouse.<br \/>\nPour la Belgique, les villes pr\u00e9-enregistr\u00e9es sont: Bruxelles, Liege, Bruge, Mons, Leper, Waterloo, Antwerpen, Gent, Tongeren, Leuven, Lowen.<br \/>\nLe r\u00e9veil se r\u00e8gle facilement sur Paris en tournant le bouton des villes sur Paris (jusqu&rsquo;\u00e0 ce qu&rsquo;il affiche 33-1)<br \/>\nCharacterized AL-HARAMEEN O\u2019clock with A high quality Azan sound for all prayers with azan volume control fitted in all clock models.<br \/>\n*Nine system taqweem programmed in clock<br \/>\nAL-HARAMEEN uses the local taqweem or the most widely used taqweem system for your city. Other standard taqweem systems are available as follows<br \/>\n*(DF) Local taqween<br \/>\nSaudi Arabia Taqweem Um Al-Qura<br \/>\nGulf countries &amp; Arabian Peninsula local taqween<br \/>\nJordan and Palestine: Jordanian taqween<br \/>\nEgypt and other Arab countries: Egyptian taqween<br \/>\nNorth America: Union Islamic Society of North America (ISNA)<br \/>\nIndian subcontinent: University of Islamic Sciences<br \/>\nEurope and other countries Islamic World Organization \u2022 (H) Selection Hanafi method for ASR<br \/>\n\u2022F: 15 Umm al-Qura taqweem<br \/>\n\u2022F: 18 Umm al-Qura taqweem<br \/>\n\u2022F: 19 Umm al-Qura taqweem<br \/>\n\u2022 18.17 Muslim World League (Muslim League)<br \/>\n\u2022 19:17 Egyptian taqweem (Egypt)<br \/>\n\u2022 18: 18 University of Science Islamic in Karachi (Hanafi taqweem)<br \/>\n\u2022 15:15 Union Islamic Society of North America (ISNA)<br \/>\n\u20221:30 fixed time\uff0cFajr time is determined as a fixed interval of time before shrooq time.<br \/>\nIsha time is determined as a fixed interval of time after Magrib azan. This system is used in Northern Europe.<br \/>\nAutomatic Iqamah alarm for all prayer: This unique feature remind you every day exactly at the same time relative to azan. For example, suppose you set the alarm to 5:15 AM and the Fajr azan is at 5:05 AM. On the next day, if Fajr azan becomes 5:06 AM, then automatically this alarm will change to 5:16 AM. In this case, you will wake up 10 minutes after Fajr azan every day.<br \/>\nDaily alarm: Alarm to work and school. The daily alarm is a regular alarm that rings at the same time everyday. Moreover, this alarm can be set not to ring on weekends.<br \/>\nQibla direction<br \/>\nQibla direction (relative to the North) can be displayed.<br \/>\nQibla angle will also be displayed between 0 and 360 degree, clockwise from North.<br \/>\nHijri and gregorian calendars: Al Harameen clock can be displayed both the Hijr and Gregorian calendars every 10 seconds or you can choose one of them press H-G when displayed. The Hijri calendar follows the Gregorian date and is based on the astronomical moon sighting at Mecca.<br \/>\nTemprature display: Temperature reading in Celsius (\u00b0C) and Fahrenheit (\u00b0F) is displayed.<br \/>\nFull screen El light<br \/>\nSnooze option<br \/>\nDC 6 Volts external input 300MA<br \/>\nAudio out (Connect with speaker)<br \/>\nDaylight Saving Time option (for countries using this system)<br \/>\nGentle prayers reminder (when azan sound is turned off)<br \/>\nCould easily add a new city (Longitude &amp; Longitude&amp;GMT information)<br \/>\nCould easily modify the difference time prayer to the outskirts of cities adopted it<br \/>\nCrescendo sound: All alarms have gentle wake-up sound that increase gradually<br \/>\nOne Time Alarm: In addition to Fajr and daily alarms, AL-HARAMEEN clock includes an extra alarm (called 1-Day alarm). It can be set to ring for special appointments.<br \/>\nChoisissez la couleur<br \/>\nPour commander plusieurs fois ce produit ou choisir des variantes de taille ou de couleur, veuillez modifier la quantit\u00e9 command\u00e9e et indiquer le d\u00e9tail de votre choix dans le champ commentaire lors de la validation de votre commande (une fois que vous passerez \u00e0 la proc\u00e9dure de paiement vous aurez un champ Commentaire o\u00f9 vous pourrez indiquer vos choix).<\/p>\n","protected":false},"featured_media":35556,"comment_status":"open","ping_status":"closed","template":"","meta":[],"product_brand":[],"product_cat":[125],"product_tag":[],"class_list":{"0":"post-35555","1":"product","2":"type-product","3":"status-publish","4":"has-post-thumbnail","6":"product_cat-electronique-electronique","8":"first","9":"outofstock","10":"shipping-taxable","11":"purchasable","12":"product-type-simple"},"_links":{"self":[{"href":"https:\/\/lamaktaba.fr\/index.php\/wp-json\/wp\/v2\/product\/35555","targetHints":{"allow":["GET"]}}],"collection":[{"href":"https:\/\/lamaktaba.fr\/index.php\/wp-json\/wp\/v2\/product"}],"about":[{"href":"https:\/\/lamaktaba.fr\/index.php\/wp-json\/wp\/v2\/types\/product"}],"replies":[{"embeddable":true,"href":"https:\/\/lamaktaba.fr\/index.php\/wp-json\/wp\/v2\/comments?post=35555"}],"wp:featuredmedia":[{"embeddable":true,"href":"https:\/\/lamaktaba.fr\/index.php\/wp-json\/wp\/v2\/media\/35556"}],"wp:attachment":[{"href":"https:\/\/lamaktaba.fr\/index.php\/wp-json\/wp\/v2\/media?parent=35555"}],"wp:term":[{"taxonomy":"product_brand","embeddable":true,"href":"https:\/\/lamaktaba.fr\/index.php\/wp-json\/wp\/v2\/product_brand?post=35555"},{"taxonomy":"product_cat","embeddable":true,"href":"https:\/\/lamaktaba.fr\/index.php\/wp-json\/wp\/v2\/product_cat?post=35555"},{"taxonomy":"product_tag","embeddable":true,"href":"https:\/\/lamaktaba.fr\/index.php\/wp-json\/wp\/v2\/product_tag?post=35555"}],"curies":[{"name":"wp","href":"https:\/\/api.w.org\/{rel}","templated":true}]}}