{"id":35532,"date":"2021-09-03T21:43:00","date_gmt":"2021-09-03T19:43:00","guid":{"rendered":"https:\/\/lamaktaba.fr\/index.php\/produit\/moon-lamp-quran-speaker-lampe-lune-avec-recitation-du-coran-sq-168\/"},"modified":"2025-04-01T12:47:46","modified_gmt":"2025-04-01T10:47:46","slug":"moon-lamp-quran-speaker-lampe-lune-avec-recitation-du-coran-sq-168","status":"publish","type":"product","link":"https:\/\/lamaktaba.fr\/index.php\/produit\/moon-lamp-quran-speaker-lampe-lune-avec-recitation-du-coran-sq-168","title":{"rendered":"Moon Lamp Qur&rsquo;an Speaker &#8211; Lampe Lune avec r\u00e9citation du Coran &#8211; SQ-168"},"content":{"rendered":"<p>Qualit\u00e9 de l&rsquo;audio en HD<br \/>Contient entre autres une traduction Audio du Coran, Traduction Verset par Verset, Traduction mot par mot, Explication Audio Compl\u00e8te, Radio FM, Lecteur Mp3, Selection Rapide De lecture du Coran et une T\u00e9l\u00e9commande rechargeable.<br \/>Pr\u00e9sente 18 r\u00e9citations diff\u00e9rentes d&rsquo;Imams connus et 15 langues dont l&rsquo;anglais, l&rsquo;arabe, fran\u00e7ais, espagnol, allemand,&#8230;<br \/>Nom de la marque: Equantu<br \/>Model: SQ510<br \/>Nom du produit: Equantu SQ510 islamic gift moon lamp quran speaker<br \/>Couleur: Blanc<br \/>Fonction: Lecture du Coran, Blutooth<br \/>M\u00e9moire: 8GB<br \/>Batterie: Buit-in Li-on Batterie Rechargeable<br \/>Garrantie: 1 an<br \/>Autonomie: 4h<br \/>Temp de charge:1h<\/p>\n","protected":false},"excerpt":{"rendered":"<p>Qualit\u00e9 de l&rsquo;audio en HD<br \/>Contient entre autres une traduction Audio du Coran, Traduction Verset par Verset, Traduction mot par mot, Explication Audio Compl\u00e8te, Radio FM, Lecteur Mp3, Selection Rapide De lecture du Coran et une T\u00e9l\u00e9commande rechargeable.<br \/>Pr\u00e9sente 18 r\u00e9citations diff\u00e9rentes d&rsquo;Imams connus et 15 langues dont l&rsquo;anglais, l&rsquo;arabe, fran\u00e7ais, espagnol, allemand,&#8230;<br \/>Nom de la marque: Equantu<br \/>Model: SQ510<br \/>Nom du produit: Equantu SQ510 islamic gift moon lamp quran speaker<br \/>Couleur: Blanc<br \/>Fonction: Lecture du Coran, Blutooth<br \/>M\u00e9moire: 8GB<br \/>Batterie: Buit-in Li-on Batterie Rechargeable<br \/>Garrantie: 1 an<br \/>Autonomie: 4h<br \/>Temp de charge:1h<\/p>\n","protected":false},"featured_media":35533,"comment_status":"open","ping_status":"closed","template":"","meta":[],"product_brand":[],"product_cat":[125],"product_tag":[],"class_list":{"0":"post-35532","1":"product","2":"type-product","3":"status-publish","4":"has-post-thumbnail","6":"product_cat-electronique-electronique","8":"first","9":"outofstock","10":"shipping-taxable","11":"purchasable","12":"product-type-simple"},"_links":{"self":[{"href":"https:\/\/lamaktaba.fr\/index.php\/wp-json\/wp\/v2\/product\/35532","targetHints":{"allow":["GET"]}}],"collection":[{"href":"https:\/\/lamaktaba.fr\/index.php\/wp-json\/wp\/v2\/product"}],"about":[{"href":"https:\/\/lamaktaba.fr\/index.php\/wp-json\/wp\/v2\/types\/product"}],"replies":[{"embeddable":true,"href":"https:\/\/lamaktaba.fr\/index.php\/wp-json\/wp\/v2\/comments?post=35532"}],"wp:featuredmedia":[{"embeddable":true,"href":"https:\/\/lamaktaba.fr\/index.php\/wp-json\/wp\/v2\/media\/35533"}],"wp:attachment":[{"href":"https:\/\/lamaktaba.fr\/index.php\/wp-json\/wp\/v2\/media?parent=35532"}],"wp:term":[{"taxonomy":"product_brand","embeddable":true,"href":"https:\/\/lamaktaba.fr\/index.php\/wp-json\/wp\/v2\/product_brand?post=35532"},{"taxonomy":"product_cat","embeddable":true,"href":"https:\/\/lamaktaba.fr\/index.php\/wp-json\/wp\/v2\/product_cat?post=35532"},{"taxonomy":"product_tag","embeddable":true,"href":"https:\/\/lamaktaba.fr\/index.php\/wp-json\/wp\/v2\/product_tag?post=35532"}],"curies":[{"name":"wp","href":"https:\/\/api.w.org\/{rel}","templated":true}]}}