{"id":354,"date":"2020-03-02T10:00:00","date_gmt":"2020-03-02T09:00:00","guid":{"rendered":"https:\/\/lamaktaba.fr\/index.php\/produit\/15-la-description-du-paradis-en-islam\/"},"modified":"2025-04-01T12:44:54","modified_gmt":"2025-04-01T10:44:54","slug":"15-la-description-du-paradis-en-islam","status":"publish","type":"product","link":"https:\/\/lamaktaba.fr\/index.php\/produit\/15-la-description-du-paradis-en-islam","title":{"rendered":"15-La description du Paradis en Islam"},"content":{"rendered":"<p>Titre: La description du Paradis en Islam<br \/>Auteur: At Tirmidhi<br \/>Edition: LA RUCHE<br \/>Support: Livre<br \/>Theme: Piliers de la FOI<br \/>Description: Dans son livre Uqubatul kaba-ir, apr\u00e8s avoir expos\u00e9 les ch\u00e2timents relatifs aux grands p\u00e9ch\u00e9s, l&rsquo;imam At Tirmidhi cl\u00f4ture son ouvrage par une description du Paradis faisant ainsi de la joie et de la douceur du Paradis, le contre-poids \u00e0 la peur des ch\u00e2timents, ce qui donne au fid\u00e8le un \u00e9quilibre salutaire entre la crainte et l&rsquo;espoir. Ce livret reprend la traduction de cette description.<\/p>\n","protected":false},"excerpt":{"rendered":"<p>Titre: La description du Paradis en IslamAuteur: At TirmidhiEdition: LA RUCHESupport: LivreTheme: Piliers de la FOIDescription: Dans son livre Uqubatul kaba-ir, apr\u00e8s avoir expos\u00e9 les ch\u00e2timents relatifs aux grands p\u00e9ch\u00e9s, l&rsquo;imam At Tirmidhi cl\u00f4ture son ouvrage par une description du Paradis faisant ainsi de la joie et de la douceur du Paradis, le contre-poids \u00e0 [&hellip;]<\/p>\n","protected":false},"featured_media":5413,"comment_status":"open","ping_status":"closed","template":"","meta":[],"product_brand":[],"product_cat":[15],"product_tag":[],"class_list":{"0":"post-354","1":"product","2":"type-product","3":"status-publish","4":"has-post-thumbnail","6":"product_cat-non-classe","8":"first","9":"outofstock","10":"shipping-taxable","11":"purchasable","12":"product-type-simple"},"_links":{"self":[{"href":"https:\/\/lamaktaba.fr\/index.php\/wp-json\/wp\/v2\/product\/354","targetHints":{"allow":["GET"]}}],"collection":[{"href":"https:\/\/lamaktaba.fr\/index.php\/wp-json\/wp\/v2\/product"}],"about":[{"href":"https:\/\/lamaktaba.fr\/index.php\/wp-json\/wp\/v2\/types\/product"}],"replies":[{"embeddable":true,"href":"https:\/\/lamaktaba.fr\/index.php\/wp-json\/wp\/v2\/comments?post=354"}],"wp:featuredmedia":[{"embeddable":true,"href":"https:\/\/lamaktaba.fr\/index.php\/wp-json\/wp\/v2\/media\/5413"}],"wp:attachment":[{"href":"https:\/\/lamaktaba.fr\/index.php\/wp-json\/wp\/v2\/media?parent=354"}],"wp:term":[{"taxonomy":"product_brand","embeddable":true,"href":"https:\/\/lamaktaba.fr\/index.php\/wp-json\/wp\/v2\/product_brand?post=354"},{"taxonomy":"product_cat","embeddable":true,"href":"https:\/\/lamaktaba.fr\/index.php\/wp-json\/wp\/v2\/product_cat?post=354"},{"taxonomy":"product_tag","embeddable":true,"href":"https:\/\/lamaktaba.fr\/index.php\/wp-json\/wp\/v2\/product_tag?post=354"}],"curies":[{"name":"wp","href":"https:\/\/api.w.org\/{rel}","templated":true}]}}